{"id":5744,"date":"2023-08-02T11:27:40","date_gmt":"2023-08-02T11:27:40","guid":{"rendered":"https:\/\/arc-refuellers.be\/?page_id=5744"},"modified":"2024-04-04T09:33:26","modified_gmt":"2024-04-04T09:33:26","slug":"military-applications","status":"publish","type":"page","link":"https:\/\/arc-refuellers.be\/fr\/military-applications\/","title":{"rendered":"Applications Militaires"},"content":{"rendered":"\t\t<div data-elementor-type=\"wp-page\" data-elementor-id=\"5744\" class=\"elementor elementor-5744 elementor-5676\">\n\t\t\t\t\t\t<section class=\"wd-negative-gap elementor-section elementor-top-section elementor-element elementor-element-a701238 elementor-section-boxed elementor-section-height-default elementor-section-height-default\" data-id=\"a701238\" data-element_type=\"section\" data-e-type=\"section\">\n\t\t\t\t\t\t<div class=\"elementor-container elementor-column-gap-default\">\n\t\t\t\t\t<div class=\"elementor-column elementor-col-100 elementor-top-column elementor-element elementor-element-26890cd\" data-id=\"26890cd\" data-element_type=\"column\" data-e-type=\"column\">\n\t\t\t<div class=\"elementor-widget-wrap elementor-element-populated\">\n\t\t\t\t\t\t<section class=\"wd-negative-gap elementor-section elementor-inner-section elementor-element elementor-element-6da0dfd elementor-section-content-middle elementor-section-boxed elementor-section-height-default elementor-section-height-default\" data-id=\"6da0dfd\" data-element_type=\"section\" data-e-type=\"section\">\n\t\t\t\t\t\t<div class=\"elementor-container elementor-column-gap-default\">\n\t\t\t\t\t<div class=\"elementor-column elementor-col-50 elementor-inner-column elementor-element elementor-element-a74923d\" data-id=\"a74923d\" data-element_type=\"column\" data-e-type=\"column\">\n\t\t\t<div class=\"elementor-widget-wrap elementor-element-populated\">\n\t\t\t\t\t\t<div class=\"elementor-element elementor-element-623a4f5 elementor-widget elementor-widget-spacer\" data-id=\"623a4f5\" data-element_type=\"widget\" data-e-type=\"widget\" data-widget_type=\"spacer.default\">\n\t\t\t\t<div class=\"elementor-widget-container\">\n\t\t\t\t\t\t\t<div class=\"elementor-spacer\">\n\t\t\t<div class=\"elementor-spacer-inner\"><\/div>\n\t\t<\/div>\n\t\t\t\t\t\t<\/div>\n\t\t\t\t<\/div>\n\t\t\t\t<div class=\"elementor-element elementor-element-81540e8 elementor-invisible elementor-widget elementor-widget-heading\" data-id=\"81540e8\" data-element_type=\"widget\" data-e-type=\"widget\" data-settings=\"{&quot;_animation&quot;:&quot;fadeInUp&quot;}\" data-widget_type=\"heading.default\">\n\t\t\t\t<div class=\"elementor-widget-container\">\n\t\t\t\t\t<h4 class=\"elementor-heading-title elementor-size-default\">PRODUITS<\/h4>\t\t\t\t<\/div>\n\t\t\t\t<\/div>\n\t\t\t\t<div class=\"elementor-element elementor-element-ae2db49 elementor-invisible elementor-widget elementor-widget-heading\" data-id=\"ae2db49\" data-element_type=\"widget\" data-e-type=\"widget\" data-settings=\"{&quot;_animation&quot;:&quot;fadeInUp&quot;}\" data-widget_type=\"heading.default\">\n\t\t\t\t<div class=\"elementor-widget-container\">\n\t\t\t\t\t<h2 class=\"elementor-heading-title elementor-size-default\">Con\u00e7us pour r\u00e9sister aux conditions difficiles et fonctionner dans des environnements extr\u00eames<\/h2>\t\t\t\t<\/div>\n\t\t\t\t<\/div>\n\t\t\t\t<div class=\"elementor-element elementor-element-2c8e7e0 color-scheme-inherit text-left elementor-invisible elementor-widget elementor-widget-text-editor\" data-id=\"2c8e7e0\" data-element_type=\"widget\" data-e-type=\"widget\" data-settings=\"{&quot;_animation&quot;:&quot;fadeInUp&quot;}\" data-widget_type=\"text-editor.default\">\n\t\t\t\t<div class=\"elementor-widget-container\">\n\t\t\t\t\t\t\t\t\t<p><span style=\"color: #01215c;\"><strong>ARC NV<\/strong><\/span> a d\u00e9velopp\u00e9 une relation solide avec les organisations militaires de d\u00e9fense nationales et mondiales, y compris les arm\u00e9es belge, n\u00e9erlandaise et chypriote.<\/p>\n<p>Nos applications militaires sont con\u00e7ues sur mesure pour r\u00e9sister \u00e0 des conditions difficiles et peuvent fonctionner dans des climats extr\u00eames, offrant ainsi une solution.<\/p>\n<p>d&rsquo;approvisionnement de classe mondiale. nous equipements d&rsquo;avitaillement dans le cadre d&rsquo;alliances \u00e9troite\/collective et avec diversit\u00e9 en relation avec des partenaires sp\u00e9cialis\u00e9s nationaux et internationaux au sein de l&rsquo;industrie d&rsquo;avitaillement en carburant pour l&rsquo;aviation pour l&rsquo;\u00e9quipement et le soutien, ainsi qu&rsquo;avec des fabricants de v\u00e9hicules tels que MAN Truck, SCANIA Truck, RENAULT Truck, et VOLVO Truck.<\/p>\n\t\t\t\t\t\t\t\t<\/div>\n\t\t\t\t<\/div>\n\t\t\t\t\t<\/div>\n\t\t<\/div>\n\t\t\t\t<div class=\"elementor-column elementor-col-50 elementor-inner-column elementor-element elementor-element-dbec22b\" data-id=\"dbec22b\" data-element_type=\"column\" data-e-type=\"column\">\n\t\t\t<div class=\"elementor-widget-wrap elementor-element-populated\">\n\t\t\t\t\t\t<div class=\"elementor-element elementor-element-6dbe153 elementor-invisible elementor-widget elementor-widget-image\" data-id=\"6dbe153\" data-element_type=\"widget\" data-e-type=\"widget\" data-settings=\"{&quot;_animation&quot;:&quot;fadeInDown&quot;}\" data-widget_type=\"image.default\">\n\t\t\t\t<div class=\"elementor-widget-container\">\n\t\t\t\t\t\t\t\t\t\t\t\t\t\t\t\t<a href=\"https:\/\/arc-refuellers.be\/wp-content\/uploads\/2023\/08\/Designed-To-Endure-Rough-Conditions-and-Operate-in-Extreme-Environments.jpg\" data-elementor-open-lightbox=\"yes\" data-elementor-lightbox-title=\"OLYMPUS DIGITAL CAMERA\" data-e-action-hash=\"#elementor-action%3Aaction%3Dlightbox%26settings%3DeyJpZCI6NTY4NywidXJsIjoiaHR0cHM6XC9cL2FyYy1yZWZ1ZWxsZXJzLmJlXC93cC1jb250ZW50XC91cGxvYWRzXC8yMDIzXC8wOFwvRGVzaWduZWQtVG8tRW5kdXJlLVJvdWdoLUNvbmRpdGlvbnMtYW5kLU9wZXJhdGUtaW4tRXh0cmVtZS1FbnZpcm9ubWVudHMuanBnIn0%3D\">\n\t\t\t\t\t\t\t<img loading=\"lazy\" decoding=\"async\" width=\"2048\" height=\"1536\" src=\"https:\/\/arc-refuellers.be\/wp-content\/uploads\/2023\/08\/Designed-To-Endure-Rough-Conditions-and-Operate-in-Extreme-Environments.jpg\" class=\"attachment-full size-full wp-image-5687\" alt=\"Designed To Endure Rough Conditions and Operate in Extreme Environments\" srcset=\"https:\/\/arc-refuellers.be\/wp-content\/uploads\/2023\/08\/Designed-To-Endure-Rough-Conditions-and-Operate-in-Extreme-Environments.jpg 2048w, https:\/\/arc-refuellers.be\/wp-content\/uploads\/2023\/08\/Designed-To-Endure-Rough-Conditions-and-Operate-in-Extreme-Environments-768x576.jpg 768w, https:\/\/arc-refuellers.be\/wp-content\/uploads\/2023\/08\/Designed-To-Endure-Rough-Conditions-and-Operate-in-Extreme-Environments-1536x1152.jpg 1536w\" sizes=\"auto, (max-width: 2048px) 100vw, 2048px\" \/>\t\t\t\t\t\t\t\t<\/a>\n\t\t\t\t\t\t\t\t\t\t\t\t\t\t\t<\/div>\n\t\t\t\t<\/div>\n\t\t\t\t\t<\/div>\n\t\t<\/div>\n\t\t\t\t\t<\/div>\n\t\t<\/section>\n\t\t\t\t\t<\/div>\n\t\t<\/div>\n\t\t\t\t\t<\/div>\n\t\t<\/section>\n\t\t\t\t<section class=\"wd-negative-gap elementor-section elementor-top-section elementor-element elementor-element-b521342 wd-section-stretch elementor-section-boxed elementor-section-height-default elementor-section-height-default\" data-id=\"b521342\" data-element_type=\"section\" data-e-type=\"section\" data-settings=\"{&quot;background_background&quot;:&quot;classic&quot;}\">\n\t\t\t\t\t\t<div class=\"elementor-container elementor-column-gap-default\">\n\t\t\t\t\t<div class=\"elementor-column elementor-col-100 elementor-top-column elementor-element elementor-element-7c051bf\" data-id=\"7c051bf\" data-element_type=\"column\" data-e-type=\"column\">\n\t\t\t<div class=\"elementor-widget-wrap elementor-element-populated\">\n\t\t\t\t\t\t<section class=\"wd-negative-gap elementor-section elementor-inner-section elementor-element elementor-element-166177b elementor-section-content-middle elementor-section-boxed elementor-section-height-default elementor-section-height-default\" data-id=\"166177b\" data-element_type=\"section\" data-e-type=\"section\">\n\t\t\t\t\t\t<div class=\"elementor-container elementor-column-gap-default\">\n\t\t\t\t\t<div class=\"elementor-column elementor-col-50 elementor-inner-column elementor-element elementor-element-8a57ebc\" data-id=\"8a57ebc\" data-element_type=\"column\" data-e-type=\"column\">\n\t\t\t<div class=\"elementor-widget-wrap elementor-element-populated\">\n\t\t\t\t\t\t<div class=\"elementor-element elementor-element-ca6ff0a elementor-invisible elementor-widget elementor-widget-heading\" data-id=\"ca6ff0a\" data-element_type=\"widget\" data-e-type=\"widget\" data-settings=\"{&quot;_animation&quot;:&quot;fadeInUp&quot;}\" data-widget_type=\"heading.default\">\n\t\t\t\t<div class=\"elementor-widget-container\">\n\t\t\t\t\t<h4 class=\"elementor-heading-title elementor-size-default\">APPLICATIONS MILITAIRES<\/h4>\t\t\t\t<\/div>\n\t\t\t\t<\/div>\n\t\t\t\t<div class=\"elementor-element elementor-element-8aed459 elementor-invisible elementor-widget elementor-widget-heading\" data-id=\"8aed459\" data-element_type=\"widget\" data-e-type=\"widget\" data-settings=\"{&quot;_animation&quot;:&quot;fadeInUp&quot;}\" data-widget_type=\"heading.default\">\n\t\t\t\t<div class=\"elementor-widget-container\">\n\t\t\t\t\t<h2 class=\"elementor-heading-title elementor-size-default\">Les applications sont adapt\u00e9es aux besoins et aux exigences de chaque client<\/h2>\t\t\t\t<\/div>\n\t\t\t\t<\/div>\n\t\t\t\t<div class=\"elementor-element elementor-element-f7a9376 color-scheme-inherit text-left elementor-invisible elementor-widget elementor-widget-text-editor\" data-id=\"f7a9376\" data-element_type=\"widget\" data-e-type=\"widget\" data-settings=\"{&quot;_animation&quot;:&quot;fadeInUp&quot;}\" data-widget_type=\"text-editor.default\">\n\t\t\t\t<div class=\"elementor-widget-container\">\n\t\t\t\t\t\t\t\t\t<p><span style=\"color: #01215c;\"><strong>ARC NV<\/strong><\/span> offre des produits et des solutions de qualit\u00e9 pionni\u00e8re adapt\u00e9s aux besoins et aux exigences de chaque client. v\u00e9hicules d\u2019avitaillement militaires d&rsquo;<span style=\"color: #01215c;\"><strong>ARC NV<\/strong><\/span>, y compris les pi\u00e8ces de base, peuvent traiter des carbur\u00e9acteurs contenant un additif de stabilit\u00e9 thermique et fonctionner selon les normes militaires.<\/p>\n<p>Nos Refuellers militaires ont diff\u00e9rentes capacit\u00e9s pour alimenter toutes les tailles d&rsquo;avions militaires avec diff\u00e9rents d\u00e9bits de pompage en fonction des exigences de conception en conformit\u00e9 avec les derni\u00e8res directives internationales pour la d\u00e9fense pour l&rsquo;installation, l&rsquo;exploitation et la maintenance, atteignant la dur\u00e9e de vie maximale combin\u00e9e avec une utilisation et une maintenance appropri\u00e9es.<\/p>\n\t\t\t\t\t\t\t\t<\/div>\n\t\t\t\t<\/div>\n\t\t\t\t<div class=\"elementor-element elementor-element-ce22ef6 elementor-widget elementor-widget-spacer\" data-id=\"ce22ef6\" data-element_type=\"widget\" data-e-type=\"widget\" data-widget_type=\"spacer.default\">\n\t\t\t\t<div class=\"elementor-widget-container\">\n\t\t\t\t\t\t\t<div class=\"elementor-spacer\">\n\t\t\t<div class=\"elementor-spacer-inner\"><\/div>\n\t\t<\/div>\n\t\t\t\t\t\t<\/div>\n\t\t\t\t<\/div>\n\t\t\t\t\t<\/div>\n\t\t<\/div>\n\t\t\t\t<div class=\"elementor-column elementor-col-50 elementor-inner-column elementor-element elementor-element-f5a6e79\" data-id=\"f5a6e79\" data-element_type=\"column\" data-e-type=\"column\">\n\t\t\t<div class=\"elementor-widget-wrap elementor-element-populated\">\n\t\t\t\t\t\t<div class=\"elementor-element elementor-element-ce5789e elementor-invisible elementor-widget elementor-widget-image\" data-id=\"ce5789e\" data-element_type=\"widget\" data-e-type=\"widget\" data-settings=\"{&quot;_animation&quot;:&quot;fadeInDown&quot;}\" data-widget_type=\"image.default\">\n\t\t\t\t<div class=\"elementor-widget-container\">\n\t\t\t\t\t\t\t\t\t\t\t\t\t\t\t<img loading=\"lazy\" decoding=\"async\" width=\"1024\" height=\"599\" src=\"https:\/\/arc-refuellers.be\/wp-content\/uploads\/2023\/08\/Applications-are-Tailored-to-The-Needs-and-Requirements-of-Each-Customer.jpeg\" class=\"attachment-full size-full wp-image-5690\" alt=\"Applications are Tailored to The Needs and Requirements of Each Customer\" srcset=\"https:\/\/arc-refuellers.be\/wp-content\/uploads\/2023\/08\/Applications-are-Tailored-to-The-Needs-and-Requirements-of-Each-Customer.jpeg 1024w, https:\/\/arc-refuellers.be\/wp-content\/uploads\/2023\/08\/Applications-are-Tailored-to-The-Needs-and-Requirements-of-Each-Customer-768x449.jpeg 768w\" sizes=\"auto, (max-width: 1024px) 100vw, 1024px\" \/>\t\t\t\t\t\t\t\t\t\t\t\t\t\t\t<\/div>\n\t\t\t\t<\/div>\n\t\t\t\t\t<\/div>\n\t\t<\/div>\n\t\t\t\t\t<\/div>\n\t\t<\/section>\n\t\t\t\t\t<\/div>\n\t\t<\/div>\n\t\t\t\t\t<\/div>\n\t\t<\/section>\n\t\t\t\t<section class=\"wd-negative-gap elementor-section elementor-top-section elementor-element elementor-element-1cce81f elementor-section-boxed elementor-section-height-default elementor-section-height-default\" data-id=\"1cce81f\" data-element_type=\"section\" data-e-type=\"section\">\n\t\t\t\t\t\t<div class=\"elementor-container elementor-column-gap-default\">\n\t\t\t\t\t<div class=\"elementor-column elementor-col-100 elementor-top-column elementor-element elementor-element-cf65dd5\" data-id=\"cf65dd5\" data-element_type=\"column\" data-e-type=\"column\">\n\t\t\t<div class=\"elementor-widget-wrap elementor-element-populated\">\n\t\t\t\t\t\t<section class=\"wd-negative-gap elementor-section elementor-inner-section elementor-element elementor-element-7d232f5 elementor-section-content-middle elementor-section-boxed elementor-section-height-default elementor-section-height-default\" data-id=\"7d232f5\" data-element_type=\"section\" data-e-type=\"section\">\n\t\t\t\t\t\t<div class=\"elementor-container elementor-column-gap-default\">\n\t\t\t\t\t<div class=\"elementor-column elementor-col-50 elementor-inner-column elementor-element elementor-element-df0266d\" data-id=\"df0266d\" data-element_type=\"column\" data-e-type=\"column\">\n\t\t\t<div class=\"elementor-widget-wrap elementor-element-populated\">\n\t\t\t\t\t\t<div class=\"elementor-element elementor-element-7f41abb elementor-widget elementor-widget-spacer\" data-id=\"7f41abb\" data-element_type=\"widget\" data-e-type=\"widget\" data-widget_type=\"spacer.default\">\n\t\t\t\t<div class=\"elementor-widget-container\">\n\t\t\t\t\t\t\t<div class=\"elementor-spacer\">\n\t\t\t<div class=\"elementor-spacer-inner\"><\/div>\n\t\t<\/div>\n\t\t\t\t\t\t<\/div>\n\t\t\t\t<\/div>\n\t\t\t\t<div class=\"elementor-element elementor-element-03fcc14 elementor-invisible elementor-widget elementor-widget-heading\" data-id=\"03fcc14\" data-element_type=\"widget\" data-e-type=\"widget\" data-settings=\"{&quot;_animation&quot;:&quot;fadeInUp&quot;}\" data-widget_type=\"heading.default\">\n\t\t\t\t<div class=\"elementor-widget-container\">\n\t\t\t\t\t<h4 class=\"elementor-heading-title elementor-size-default\">ENTRETIEN ET R\u00c9PARATIONS<\/h4>\t\t\t\t<\/div>\n\t\t\t\t<\/div>\n\t\t\t\t<div class=\"elementor-element elementor-element-c5f64b7 elementor-invisible elementor-widget elementor-widget-heading\" data-id=\"c5f64b7\" data-element_type=\"widget\" data-e-type=\"widget\" data-settings=\"{&quot;_animation&quot;:&quot;fadeInUp&quot;}\" data-widget_type=\"heading.default\">\n\t\t\t\t<div class=\"elementor-widget-container\">\n\t\t\t\t\t<h2 class=\"elementor-heading-title elementor-size-default\">Une solution de bout en bout de haute qualit\u00e9 et garantie \u00e0 l'\u00e9tranger<\/h2>\t\t\t\t<\/div>\n\t\t\t\t<\/div>\n\t\t\t\t<div class=\"elementor-element elementor-element-29cbe3d color-scheme-inherit text-left elementor-invisible elementor-widget elementor-widget-text-editor\" data-id=\"29cbe3d\" data-element_type=\"widget\" data-e-type=\"widget\" data-settings=\"{&quot;_animation&quot;:&quot;fadeInUp&quot;}\" data-widget_type=\"text-editor.default\">\n\t\t\t\t<div class=\"elementor-widget-container\">\n\t\t\t\t\t\t\t\t\t<p><span style=\"color: #01215c;\"><strong>ARC NV<\/strong><\/span> a eu un d\u00e9ploiement qui a fourni une large gamme de services techniques de carburant, y compris des inspections, des r\u00e9parations et la maintenance de notre atelier \u00e0 KAF pendant de nombreuses ann\u00e9es pour 20 v\u00e9hicules LCAR dans une zone de guerre\/de crise.<\/p>\n<p><span style=\"color: #01215c;\"><strong>ARC NV<\/strong><\/span> offre des services complets d&rsquo;inspection, de maintenance et de r\u00e9paration \u00e0 l&rsquo;\u00e9tranger, soutenus par notre \u00e9quipe d&rsquo;anciens militaires fran\u00e7ais bien form\u00e9s et test\u00e9s, \u00e0 travers les risques couramment rencontr\u00e9s en prenant le contr\u00f4le du service et de la livraison de la t\u00e2che requise, ce qui nous permet d&rsquo;offrir \u00e0 nos clients une solution de bout en bout de haute qualit\u00e9 et assur\u00e9e, en \u00ab\u00a0partageant la propri\u00e9t\u00e9 du client\u00a0\u00bb.<\/p>\n\t\t\t\t\t\t\t\t<\/div>\n\t\t\t\t<\/div>\n\t\t\t\t\t<\/div>\n\t\t<\/div>\n\t\t\t\t<div class=\"elementor-column elementor-col-50 elementor-inner-column elementor-element elementor-element-3bbf59a\" data-id=\"3bbf59a\" data-element_type=\"column\" data-e-type=\"column\">\n\t\t\t<div class=\"elementor-widget-wrap elementor-element-populated\">\n\t\t\t\t\t\t<div class=\"elementor-element elementor-element-48c604b elementor-invisible elementor-widget elementor-widget-image\" data-id=\"48c604b\" data-element_type=\"widget\" data-e-type=\"widget\" data-settings=\"{&quot;_animation&quot;:&quot;fadeInDown&quot;}\" data-widget_type=\"image.default\">\n\t\t\t\t<div class=\"elementor-widget-container\">\n\t\t\t\t\t\t\t\t\t\t\t\t\t\t\t\t<a href=\"https:\/\/arc-refuellers.be\/wp-content\/uploads\/2023\/07\/P9130019-e1689430756807.jpg\" data-elementor-open-lightbox=\"yes\" data-elementor-lightbox-title=\"OLYMPUS DIGITAL CAMERA\" data-e-action-hash=\"#elementor-action%3Aaction%3Dlightbox%26settings%3DeyJpZCI6NTYyNCwidXJsIjoiaHR0cHM6XC9cL2FyYy1yZWZ1ZWxsZXJzLmJlXC93cC1jb250ZW50XC91cGxvYWRzXC8yMDIzXC8wN1wvUDkxMzAwMTktZTE2ODk0MzA3NTY4MDcuanBnIn0%3D\">\n\t\t\t\t\t\t\t<img loading=\"lazy\" decoding=\"async\" width=\"1280\" height=\"960\" src=\"https:\/\/arc-refuellers.be\/wp-content\/uploads\/2023\/07\/P9130019-e1689430756807.jpg\" class=\"attachment-full size-full wp-image-5624\" alt=\"A High-Quality and Assured End-To-End Overseas Solution\" \/>\t\t\t\t\t\t\t\t<\/a>\n\t\t\t\t\t\t\t\t\t\t\t\t\t\t\t<\/div>\n\t\t\t\t<\/div>\n\t\t\t\t\t<\/div>\n\t\t<\/div>\n\t\t\t\t\t<\/div>\n\t\t<\/section>\n\t\t\t\t\t<\/div>\n\t\t<\/div>\n\t\t\t\t\t<\/div>\n\t\t<\/section>\n\t\t\t\t<section class=\"wd-negative-gap elementor-section elementor-top-section elementor-element elementor-element-dbeaad7 wd-section-stretch elementor-section-boxed elementor-section-height-default elementor-section-height-default\" data-id=\"dbeaad7\" data-element_type=\"section\" data-e-type=\"section\" data-settings=\"{&quot;background_background&quot;:&quot;classic&quot;}\">\n\t\t\t\t\t\t<div class=\"elementor-container elementor-column-gap-default\">\n\t\t\t\t\t<div class=\"elementor-column elementor-col-100 elementor-top-column elementor-element elementor-element-1d697ff\" data-id=\"1d697ff\" data-element_type=\"column\" data-e-type=\"column\">\n\t\t\t<div class=\"elementor-widget-wrap elementor-element-populated\">\n\t\t\t\t\t\t<section class=\"wd-negative-gap elementor-section elementor-inner-section elementor-element elementor-element-300301e elementor-section-content-middle elementor-section-boxed elementor-section-height-default elementor-section-height-default\" data-id=\"300301e\" data-element_type=\"section\" data-e-type=\"section\">\n\t\t\t\t\t\t<div class=\"elementor-container elementor-column-gap-default\">\n\t\t\t\t\t<div class=\"elementor-column elementor-col-50 elementor-inner-column elementor-element elementor-element-c6d77bd\" data-id=\"c6d77bd\" data-element_type=\"column\" data-e-type=\"column\">\n\t\t\t<div class=\"elementor-widget-wrap elementor-element-populated\">\n\t\t\t\t\t\t<div class=\"elementor-element elementor-element-6afb953 elementor-invisible elementor-widget elementor-widget-heading\" data-id=\"6afb953\" data-element_type=\"widget\" data-e-type=\"widget\" data-settings=\"{&quot;_animation&quot;:&quot;fadeInUp&quot;}\" data-widget_type=\"heading.default\">\n\t\t\t\t<div class=\"elementor-widget-container\">\n\t\t\t\t\t<h4 class=\"elementor-heading-title elementor-size-default\">GESTION DU CYCLE DE VIE DES V\u00c9HICULES<\/h4>\t\t\t\t<\/div>\n\t\t\t\t<\/div>\n\t\t\t\t<div class=\"elementor-element elementor-element-63d8759 elementor-invisible elementor-widget elementor-widget-heading\" data-id=\"63d8759\" data-element_type=\"widget\" data-e-type=\"widget\" data-settings=\"{&quot;_animation&quot;:&quot;fadeInUp&quot;}\" data-widget_type=\"heading.default\">\n\t\t\t\t<div class=\"elementor-widget-container\">\n\t\t\t\t\t<h2 class=\"elementor-heading-title elementor-size-default\">Favorise la disponibilit\u00e9 et la flexibilit\u00e9 des v\u00e9hicules a\u00e9riens militaires<\/h2>\t\t\t\t<\/div>\n\t\t\t\t<\/div>\n\t\t\t\t<div class=\"elementor-element elementor-element-030cb81 color-scheme-inherit text-left elementor-invisible elementor-widget elementor-widget-text-editor\" data-id=\"030cb81\" data-element_type=\"widget\" data-e-type=\"widget\" data-settings=\"{&quot;_animation&quot;:&quot;fadeInUp&quot;}\" data-widget_type=\"text-editor.default\">\n\t\t\t\t<div class=\"elementor-widget-container\">\n\t\t\t\t\t\t\t\t\t<p>Les grandes flottes d&rsquo;avions ravitailleurs sont vitales pour la d\u00e9fense et la colonne vert\u00e9brale militaire. Le programme de gestion du cycle de vie des v\u00e9hicules d&rsquo;<span style=\"color: #01215c;\"><strong>ARV NV<\/strong><\/span> peut \u00eatre compar\u00e9 au programme d&rsquo;extension de la dur\u00e9e de vie des LCAR, qui soutient la disponibilit\u00e9 et la flexibilit\u00e9 des v\u00e9hicules a\u00e9riens militaires et permet \u00e0 nos clients de b\u00e9n\u00e9ficier de cette capacit\u00e9.<\/p>\n<p>Nos trois domaines cl\u00e9s sont les suivants<\/p>\n<ul>\n<li>Conception d&rsquo;une application militaire gr\u00e2ce \u00e0 une expertise approfondie en mati\u00e8re de produits, d&rsquo;approvisionnement, de logistique et d&rsquo;environnements de haute technologie afin de garantir l&rsquo;autorit\u00e9 du produit.<\/li>\n<li>L&rsquo;int\u00e9grit\u00e9 des actifs en r\u00e9duisant les co\u00fbts de maintenance, de cycle de vie et d&rsquo;exploitation, en veillant \u00e0 ce que nos applications soient exploit\u00e9es dans l&rsquo;un des environnements les plus rigoureux.<\/li>\n<li>Fiabilit\u00e9 de l&rsquo;\u00e9quipement en identifiant et en comblant les lacunes en mati\u00e8re de performance de l&rsquo;\u00e9quipement et en r\u00e9duisant les risques de d\u00e9faillance, en confirmant la fiabilit\u00e9 et la solidit\u00e9 de la performance.<\/li>\n<\/ul>\n\t\t\t\t\t\t\t\t<\/div>\n\t\t\t\t<\/div>\n\t\t\t\t<div class=\"elementor-element elementor-element-932ac3e elementor-widget elementor-widget-spacer\" data-id=\"932ac3e\" data-element_type=\"widget\" data-e-type=\"widget\" data-widget_type=\"spacer.default\">\n\t\t\t\t<div class=\"elementor-widget-container\">\n\t\t\t\t\t\t\t<div class=\"elementor-spacer\">\n\t\t\t<div class=\"elementor-spacer-inner\"><\/div>\n\t\t<\/div>\n\t\t\t\t\t\t<\/div>\n\t\t\t\t<\/div>\n\t\t\t\t\t<\/div>\n\t\t<\/div>\n\t\t\t\t<div class=\"elementor-column elementor-col-50 elementor-inner-column elementor-element elementor-element-dc5eb89\" data-id=\"dc5eb89\" data-element_type=\"column\" data-e-type=\"column\">\n\t\t\t<div class=\"elementor-widget-wrap elementor-element-populated\">\n\t\t\t\t\t\t<div class=\"elementor-element elementor-element-544d823 elementor-invisible elementor-widget elementor-widget-image\" data-id=\"544d823\" data-element_type=\"widget\" data-e-type=\"widget\" data-settings=\"{&quot;_animation&quot;:&quot;fadeInDown&quot;}\" data-widget_type=\"image.default\">\n\t\t\t\t<div class=\"elementor-widget-container\">\n\t\t\t\t\t\t\t\t\t\t\t\t\t\t\t<img loading=\"lazy\" decoding=\"async\" width=\"2560\" height=\"1920\" src=\"https:\/\/arc-refuellers.be\/wp-content\/uploads\/2023\/08\/VEHICLE-LIFE-CYCLE-MANAGEMENT.jpg\" class=\"attachment-full size-full wp-image-5699\" alt=\"VEHICLE LIFE CYCLE MANAGEMENT\" srcset=\"https:\/\/arc-refuellers.be\/wp-content\/uploads\/2023\/08\/VEHICLE-LIFE-CYCLE-MANAGEMENT.jpg 2560w, https:\/\/arc-refuellers.be\/wp-content\/uploads\/2023\/08\/VEHICLE-LIFE-CYCLE-MANAGEMENT-768x576.jpg 768w, https:\/\/arc-refuellers.be\/wp-content\/uploads\/2023\/08\/VEHICLE-LIFE-CYCLE-MANAGEMENT-1536x1152.jpg 1536w, https:\/\/arc-refuellers.be\/wp-content\/uploads\/2023\/08\/VEHICLE-LIFE-CYCLE-MANAGEMENT-2048x1536.jpg 2048w\" sizes=\"auto, (max-width: 2560px) 100vw, 2560px\" \/>\t\t\t\t\t\t\t\t\t\t\t\t\t\t\t<\/div>\n\t\t\t\t<\/div>\n\t\t\t\t\t<\/div>\n\t\t<\/div>\n\t\t\t\t\t<\/div>\n\t\t<\/section>\n\t\t\t\t\t<\/div>\n\t\t<\/div>\n\t\t\t\t\t<\/div>\n\t\t<\/section>\n\t\t\t\t<\/div>\n\t\t","protected":false},"excerpt":{"rendered":"<p>PRODUITS Con\u00e7us pour r\u00e9sister aux conditions difficiles et fonctionner dans des environnements extr\u00eames ARC NV a d\u00e9velopp\u00e9 une relation solide<\/p>\n","protected":false},"author":1,"featured_media":0,"parent":0,"menu_order":0,"comment_status":"closed","ping_status":"closed","template":"","meta":{"footnotes":""},"class_list":["post-5744","page","type-page","status-publish","hentry"],"_links":{"self":[{"href":"https:\/\/arc-refuellers.be\/fr\/wp-json\/wp\/v2\/pages\/5744","targetHints":{"allow":["GET"]}}],"collection":[{"href":"https:\/\/arc-refuellers.be\/fr\/wp-json\/wp\/v2\/pages"}],"about":[{"href":"https:\/\/arc-refuellers.be\/fr\/wp-json\/wp\/v2\/types\/page"}],"author":[{"embeddable":true,"href":"https:\/\/arc-refuellers.be\/fr\/wp-json\/wp\/v2\/users\/1"}],"replies":[{"embeddable":true,"href":"https:\/\/arc-refuellers.be\/fr\/wp-json\/wp\/v2\/comments?post=5744"}],"version-history":[{"count":0,"href":"https:\/\/arc-refuellers.be\/fr\/wp-json\/wp\/v2\/pages\/5744\/revisions"}],"wp:attachment":[{"href":"https:\/\/arc-refuellers.be\/fr\/wp-json\/wp\/v2\/media?parent=5744"}],"curies":[{"name":"wp","href":"https:\/\/api.w.org\/{rel}","templated":true}]}}