{"id":5255,"date":"2023-06-05T13:13:07","date_gmt":"2023-06-05T13:13:07","guid":{"rendered":"https:\/\/arc-refuellers.be\/market-solutions\/"},"modified":"2026-04-03T12:25:28","modified_gmt":"2026-04-03T12:25:28","slug":"market-solutions","status":"publish","type":"page","link":"https:\/\/arc-refuellers.be\/fr\/market-solutions\/","title":{"rendered":"Solutions de march\u00e9"},"content":{"rendered":"\t\t<div data-elementor-type=\"wp-page\" data-elementor-id=\"5255\" class=\"elementor elementor-5255 elementor-390\">\n\t\t\t\t\t\t<section class=\"wd-negative-gap elementor-section elementor-top-section elementor-element elementor-element-a5c7128 elementor-section-boxed elementor-section-height-default elementor-section-height-default\" data-id=\"a5c7128\" data-element_type=\"section\" data-e-type=\"section\">\n\t\t\t\t\t\t<div class=\"elementor-container elementor-column-gap-default\">\n\t\t\t\t\t<div class=\"elementor-column elementor-col-100 elementor-top-column elementor-element elementor-element-33feec3\" data-id=\"33feec3\" data-element_type=\"column\" data-e-type=\"column\">\n\t\t\t<div class=\"elementor-widget-wrap elementor-element-populated\">\n\t\t\t\t\t\t<section class=\"wd-negative-gap elementor-section elementor-inner-section elementor-element elementor-element-1f732c2 elementor-section-content-middle elementor-section-boxed elementor-section-height-default elementor-section-height-default\" data-id=\"1f732c2\" data-element_type=\"section\" data-e-type=\"section\">\n\t\t\t\t\t\t<div class=\"elementor-container elementor-column-gap-default\">\n\t\t\t\t\t<div class=\"elementor-column elementor-col-50 elementor-inner-column elementor-element elementor-element-20b11d0\" data-id=\"20b11d0\" data-element_type=\"column\" data-e-type=\"column\">\n\t\t\t<div class=\"elementor-widget-wrap elementor-element-populated\">\n\t\t\t\t\t\t<div class=\"elementor-element elementor-element-a385359 elementor-invisible elementor-widget elementor-widget-heading\" data-id=\"a385359\" data-element_type=\"widget\" data-e-type=\"widget\" data-settings=\"{&quot;_animation&quot;:&quot;fadeInUp&quot;}\" data-widget_type=\"heading.default\">\n\t\t\t\t<div class=\"elementor-widget-container\">\n\t\t\t\t\t<h4 class=\"elementor-heading-title elementor-size-default\">Solutions de march\u00e9<\/h4>\t\t\t\t<\/div>\n\t\t\t\t<\/div>\n\t\t\t\t<div class=\"elementor-element elementor-element-44a1b24 elementor-widget__width-initial elementor-invisible elementor-widget elementor-widget-heading\" data-id=\"44a1b24\" data-element_type=\"widget\" data-e-type=\"widget\" data-settings=\"{&quot;_animation&quot;:&quot;fadeInUp&quot;}\" data-widget_type=\"heading.default\">\n\t\t\t\t<div class=\"elementor-widget-container\">\n\t\t\t\t\t<h2 class=\"elementor-heading-title elementor-size-default\">Le secteur du ravitaillement en carburant des a\u00e9ronefs est \u00e0 l\u2019avant-garde du changement<\/h2>\t\t\t\t<\/div>\n\t\t\t\t<\/div>\n\t\t\t\t<div class=\"elementor-element elementor-element-6fdf502 elementor-widget elementor-widget-spacer\" data-id=\"6fdf502\" data-element_type=\"widget\" data-e-type=\"widget\" data-widget_type=\"spacer.default\">\n\t\t\t\t<div class=\"elementor-widget-container\">\n\t\t\t\t\t\t\t<div class=\"elementor-spacer\">\n\t\t\t<div class=\"elementor-spacer-inner\"><\/div>\n\t\t<\/div>\n\t\t\t\t\t\t<\/div>\n\t\t\t\t<\/div>\n\t\t\t\t<div class=\"elementor-element elementor-element-8bed434 color-scheme-inherit text-left elementor-invisible elementor-widget elementor-widget-text-editor\" data-id=\"8bed434\" data-element_type=\"widget\" data-e-type=\"widget\" data-settings=\"{&quot;_animation&quot;:&quot;fadeInUp&quot;}\" data-widget_type=\"text-editor.default\">\n\t\t\t\t<div class=\"elementor-widget-container\">\n\t\t\t\t\t\t\t\t\t<p>Dans le domaine du ravitaillement en carburant des avions, le vent du changement souffle \u00e0 une vitesse sans pr\u00e9c\u00e9dent, gr\u00e2ce \u00e0 des mesures l\u00e9gislatives fortes telles que le Pacte vert europ\u00e9en, visant \u00e0 atteindre des objectifs climatiques ambitieux.<\/p>\n<p>Au c\u0153ur de ce paysage transformateur se trouve un cadre articul\u00e9 structur\u00e9 autour de quatre moteurs fondamentaux de la d\u00e9carbonisation dans l\u2019industrie de l\u2019aviation : les a\u00e9roports, les compagnies p\u00e9troli\u00e8res, les entreprises de construction d\u2019\u00e9quipement et les fournisseurs de services a\u00e9ronautiques. Dans ce que l\u2019on peut d\u00e9crire comme une vision d\u00e9finitive de l\u2019avenir, ces secteurs se pr\u00e9parent \u00e0 une refonte importante, car ils sont \u00e9troitement li\u00e9s, mais font partie int\u00e9grante de l\u2019al\u00e9sage non seulement des avions, mais aussi de l\u2019innovation et de la durabilit\u00e9 dans l\u2019aviation.<\/p>\n<p><strong>ARC NV<\/strong> se positionne \u00e0 cette intersection strat\u00e9gique, pr\u00eate \u00e0 naviguer dans le changement gr\u00e2ce \u00e0 ses connaissances approfondies et \u00e0 son exp\u00e9rience dans la conception, la construction et la maintenance de v\u00e9hicules de ravitaillement d&rsquo;a\u00e9ronefs. Voici un examen plus approfondi des d\u00e9fis et de la fa\u00e7on dont ARC NV est con\u00e7u pour catapulter le secteur du ravitaillement en carburant de l&rsquo;aviation dans une \u00e8re plus verte et plus durable.<\/p>\n\t\t\t\t\t\t\t\t<\/div>\n\t\t\t\t<\/div>\n\t\t\t\t\t<\/div>\n\t\t<\/div>\n\t\t\t\t<div class=\"elementor-column elementor-col-50 elementor-inner-column elementor-element elementor-element-f831345\" data-id=\"f831345\" data-element_type=\"column\" data-e-type=\"column\">\n\t\t\t<div class=\"elementor-widget-wrap elementor-element-populated\">\n\t\t\t\t\t\t<div class=\"elementor-element elementor-element-583f6be elementor-invisible elementor-widget elementor-widget-image\" data-id=\"583f6be\" data-element_type=\"widget\" data-e-type=\"widget\" data-settings=\"{&quot;_animation&quot;:&quot;fadeInDown&quot;}\" data-widget_type=\"image.default\">\n\t\t\t\t<div class=\"elementor-widget-container\">\n\t\t\t\t\t\t\t\t\t\t\t\t\t\t\t<img loading=\"lazy\" decoding=\"async\" width=\"2560\" height=\"1920\" src=\"https:\/\/arc-refuellers.be\/wp-content\/uploads\/2023\/06\/Total-Ombouw-35.000L-scaled.jpg\" class=\"attachment-full size-full wp-image-4784\" alt=\"\" srcset=\"https:\/\/arc-refuellers.be\/wp-content\/uploads\/2023\/06\/Total-Ombouw-35.000L-scaled.jpg 2560w, https:\/\/arc-refuellers.be\/wp-content\/uploads\/2023\/06\/Total-Ombouw-35.000L-768x576.jpg 768w, https:\/\/arc-refuellers.be\/wp-content\/uploads\/2023\/06\/Total-Ombouw-35.000L-1536x1152.jpg 1536w, https:\/\/arc-refuellers.be\/wp-content\/uploads\/2023\/06\/Total-Ombouw-35.000L-2048x1536.jpg 2048w\" sizes=\"auto, (max-width: 2560px) 100vw, 2560px\" \/>\t\t\t\t\t\t\t\t\t\t\t\t\t\t\t<\/div>\n\t\t\t\t<\/div>\n\t\t\t\t\t<\/div>\n\t\t<\/div>\n\t\t\t\t\t<\/div>\n\t\t<\/section>\n\t\t\t\t\t<\/div>\n\t\t<\/div>\n\t\t\t\t\t<\/div>\n\t\t<\/section>\n\t\t\t\t<section class=\"wd-negative-gap elementor-section elementor-inner-section elementor-element elementor-element-24a25417 elementor-section-content-middle wd-section-stretch elementor-section-boxed elementor-section-height-default elementor-section-height-default\" data-id=\"24a25417\" data-element_type=\"section\" data-e-type=\"section\" data-settings=\"{&quot;background_background&quot;:&quot;classic&quot;}\">\n\t\t\t\t\t\t<div class=\"elementor-container elementor-column-gap-default\">\n\t\t\t\t\t<div class=\"elementor-column elementor-col-50 elementor-inner-column elementor-element elementor-element-788b9aca\" data-id=\"788b9aca\" data-element_type=\"column\" data-e-type=\"column\">\n\t\t\t<div class=\"elementor-widget-wrap elementor-element-populated\">\n\t\t\t\t\t\t<div class=\"elementor-element elementor-element-fcc4083 elementor-invisible elementor-widget elementor-widget-image\" data-id=\"fcc4083\" data-element_type=\"widget\" data-e-type=\"widget\" data-settings=\"{&quot;_animation&quot;:&quot;fadeInDown&quot;}\" data-widget_type=\"image.default\">\n\t\t\t\t<div class=\"elementor-widget-container\">\n\t\t\t\t\t\t\t\t\t\t\t\t\t\t\t<img loading=\"lazy\" decoding=\"async\" width=\"500\" height=\"300\" src=\"https:\/\/arc-refuellers.be\/wp-content\/uploads\/2024\/02\/73876_1590925141-1-q7mysn3pip0h4bykus7ppsyxzl2eut1y0gxlgdrbnc.jpg\" class=\"attachment-full size-full wp-image-6454\" alt=\"\" \/>\t\t\t\t\t\t\t\t\t\t\t\t\t\t\t<\/div>\n\t\t\t\t<\/div>\n\t\t\t\t\t<\/div>\n\t\t<\/div>\n\t\t\t\t<div class=\"elementor-column elementor-col-50 elementor-inner-column elementor-element elementor-element-5d9aa6ab\" data-id=\"5d9aa6ab\" data-element_type=\"column\" data-e-type=\"column\">\n\t\t\t<div class=\"elementor-widget-wrap elementor-element-populated\">\n\t\t\t\t\t\t<div class=\"elementor-element elementor-element-7cd69cae elementor-widget__width-initial elementor-invisible elementor-widget elementor-widget-heading\" data-id=\"7cd69cae\" data-element_type=\"widget\" data-e-type=\"widget\" data-settings=\"{&quot;_animation&quot;:&quot;fadeInUp&quot;}\" data-widget_type=\"heading.default\">\n\t\t\t\t<div class=\"elementor-widget-container\">\n\t\t\t\t\t<h2 class=\"elementor-heading-title elementor-size-default\">Le d\u00e9fi : les a\u00e9roports<\/h2>\t\t\t\t<\/div>\n\t\t\t\t<\/div>\n\t\t\t\t<div class=\"elementor-element elementor-element-538d95b2 elementor-widget elementor-widget-spacer\" data-id=\"538d95b2\" data-element_type=\"widget\" data-e-type=\"widget\" data-widget_type=\"spacer.default\">\n\t\t\t\t<div class=\"elementor-widget-container\">\n\t\t\t\t\t\t\t<div class=\"elementor-spacer\">\n\t\t\t<div class=\"elementor-spacer-inner\"><\/div>\n\t\t<\/div>\n\t\t\t\t\t\t<\/div>\n\t\t\t\t<\/div>\n\t\t\t\t<div class=\"elementor-element elementor-element-14c245e3 elementor-widget-mobile__width-initial elementor-widget__width-initial color-scheme-inherit text-left elementor-invisible elementor-widget elementor-widget-text-editor\" data-id=\"14c245e3\" data-element_type=\"widget\" data-e-type=\"widget\" data-settings=\"{&quot;_animation&quot;:&quot;fadeInUp&quot;}\" data-widget_type=\"text-editor.default\">\n\t\t\t\t<div class=\"elementor-widget-container\">\n\t\t\t\t\t\t\t\t\t<p>Les a\u00e9roports sont des plaques tournantes colossales du transport et de la technologie, maintenant confront\u00e9s \u00e0 la t\u00e2che formidable d\u2019int\u00e9grer les nouvelles technologies pour atteindre les objectifs climatiques. \u00c0 l\u2019avenir, les a\u00e9roports investiront massivement dans l\u2019\u00e9lectrification, l\u2019infrastructure de carburant \u00e0 l\u2019hydrog\u00e8ne et d\u2019autres technologies de pointe qui s\u2019harmonisent avec des normes environnementales strictes tout en assurant la s\u00e9curit\u00e9 des op\u00e9rations.<\/p>\n\t\t\t\t\t\t\t\t<\/div>\n\t\t\t\t<\/div>\n\t\t\t\t\t<\/div>\n\t\t<\/div>\n\t\t\t\t\t<\/div>\n\t\t<\/section>\n\t\t\t\t<section class=\"wd-negative-gap elementor-section elementor-inner-section elementor-element elementor-element-3ed05f83 elementor-section-content-middle wd-section-stretch elementor-section-boxed elementor-section-height-default elementor-section-height-default\" data-id=\"3ed05f83\" data-element_type=\"section\" data-e-type=\"section\" data-settings=\"{&quot;background_background&quot;:&quot;classic&quot;}\">\n\t\t\t\t\t\t<div class=\"elementor-container elementor-column-gap-default\">\n\t\t\t\t\t<div class=\"elementor-column elementor-col-50 elementor-inner-column elementor-element elementor-element-7200b175\" data-id=\"7200b175\" data-element_type=\"column\" data-e-type=\"column\">\n\t\t\t<div class=\"elementor-widget-wrap elementor-element-populated\">\n\t\t\t\t\t\t<div class=\"elementor-element elementor-element-7d882a1 elementor-invisible elementor-widget elementor-widget-heading\" data-id=\"7d882a1\" data-element_type=\"widget\" data-e-type=\"widget\" data-settings=\"{&quot;_animation&quot;:&quot;fadeInUp&quot;}\" data-widget_type=\"heading.default\">\n\t\t\t\t<div class=\"elementor-widget-container\">\n\t\t\t\t\t<h2 class=\"elementor-heading-title elementor-size-default\">Le d\u00e9fi : les compagnies p\u00e9troli\u00e8res<\/h2>\t\t\t\t<\/div>\n\t\t\t\t<\/div>\n\t\t\t\t<div class=\"elementor-element elementor-element-14df12ec elementor-widget__width-initial color-scheme-inherit text-left elementor-invisible elementor-widget elementor-widget-text-editor\" data-id=\"14df12ec\" data-element_type=\"widget\" data-e-type=\"widget\" data-settings=\"{&quot;_animation&quot;:&quot;fadeInUp&quot;}\" data-widget_type=\"text-editor.default\">\n\t\t\t\t<div class=\"elementor-widget-container\">\n\t\t\t\t\t\t\t\t\t<p>Les compagnies p\u00e9troli\u00e8res, traditionnellement les titans de l\u2019\u00e9nergie, sont \u00e0 la crois\u00e9e des chemins. Avec la pression l\u00e9gislative pour r\u00e9duire les \u00e9missions de carbone, ils doivent investir dans et d\u00e9velopper des technologies nouvelles et durables. Leurs portefeuilles s\u2019\u00e9largissent pour inclure des carburants de remplacement qui promettent de r\u00e9duire les \u00e9missions de CO2 et de maintenir l\u2019esprit du Pacte vert.<\/p>\n\t\t\t\t\t\t\t\t<\/div>\n\t\t\t\t<\/div>\n\t\t\t\t\t<\/div>\n\t\t<\/div>\n\t\t\t\t<div class=\"elementor-column elementor-col-50 elementor-inner-column elementor-element elementor-element-11b9ba17\" data-id=\"11b9ba17\" data-element_type=\"column\" data-e-type=\"column\">\n\t\t\t<div class=\"elementor-widget-wrap elementor-element-populated\">\n\t\t\t\t\t\t<div class=\"elementor-element elementor-element-636cca0 elementor-invisible elementor-widget elementor-widget-image\" data-id=\"636cca0\" data-element_type=\"widget\" data-e-type=\"widget\" data-settings=\"{&quot;_animation&quot;:&quot;fadeInUp&quot;,&quot;_animation_delay&quot;:150}\" data-widget_type=\"image.default\">\n\t\t\t\t<div class=\"elementor-widget-container\">\n\t\t\t\t\t\t\t\t\t\t\t\t\t\t\t<img loading=\"lazy\" decoding=\"async\" width=\"1356\" height=\"829\" src=\"https:\/\/arc-refuellers.be\/wp-content\/uploads\/2023\/06\/MARKET-SOLUTIONS-oil-compines-image.jpg\" class=\"attachment-full size-full wp-image-5026\" alt=\"\" srcset=\"https:\/\/arc-refuellers.be\/wp-content\/uploads\/2023\/06\/MARKET-SOLUTIONS-oil-compines-image.jpg 1356w, https:\/\/arc-refuellers.be\/wp-content\/uploads\/2023\/06\/MARKET-SOLUTIONS-oil-compines-image-768x470.jpg 768w\" sizes=\"auto, (max-width: 1356px) 100vw, 1356px\" \/>\t\t\t\t\t\t\t\t\t\t\t\t\t\t\t<\/div>\n\t\t\t\t<\/div>\n\t\t\t\t\t<\/div>\n\t\t<\/div>\n\t\t\t\t\t<\/div>\n\t\t<\/section>\n\t\t\t\t<section class=\"wd-negative-gap elementor-section elementor-inner-section elementor-element elementor-element-536d8352 elementor-section-content-middle elementor-section-boxed elementor-section-height-default elementor-section-height-default\" data-id=\"536d8352\" data-element_type=\"section\" data-e-type=\"section\">\n\t\t\t\t\t\t<div class=\"elementor-container elementor-column-gap-default\">\n\t\t\t\t\t<div class=\"elementor-column elementor-col-50 elementor-inner-column elementor-element elementor-element-341fef66\" data-id=\"341fef66\" data-element_type=\"column\" data-e-type=\"column\">\n\t\t\t<div class=\"elementor-widget-wrap elementor-element-populated\">\n\t\t\t\t\t\t<div class=\"elementor-element elementor-element-74a5454 elementor-invisible elementor-widget elementor-widget-image\" data-id=\"74a5454\" data-element_type=\"widget\" data-e-type=\"widget\" data-settings=\"{&quot;_animation&quot;:&quot;fadeInUp&quot;,&quot;_animation_delay&quot;:150}\" data-widget_type=\"image.default\">\n\t\t\t\t<div class=\"elementor-widget-container\">\n\t\t\t\t\t\t\t\t\t\t\t\t\t\t\t<img decoding=\"async\" src=\"https:\/\/arc-refuellers.be\/wp-content\/uploads\/elementor\/thumbs\/N-146-oud-scaled-q7n22ub2xotj329nndjsrh6n6wh1slat9i8p00i37c.jpg\" title=\"N-146 oud\" alt=\"N-146 oud\" loading=\"lazy\" \/>\t\t\t\t\t\t\t\t\t\t\t\t\t\t\t<\/div>\n\t\t\t\t<\/div>\n\t\t\t\t\t<\/div>\n\t\t<\/div>\n\t\t\t\t<div class=\"elementor-column elementor-col-50 elementor-inner-column elementor-element elementor-element-8e56c6d\" data-id=\"8e56c6d\" data-element_type=\"column\" data-e-type=\"column\">\n\t\t\t<div class=\"elementor-widget-wrap elementor-element-populated\">\n\t\t\t\t\t\t<div class=\"elementor-element elementor-element-39c1baa4 elementor-invisible elementor-widget elementor-widget-heading\" data-id=\"39c1baa4\" data-element_type=\"widget\" data-e-type=\"widget\" data-settings=\"{&quot;_animation&quot;:&quot;fadeInUp&quot;}\" data-widget_type=\"heading.default\">\n\t\t\t\t<div class=\"elementor-widget-container\">\n\t\t\t\t\t<h2 class=\"elementor-heading-title elementor-size-default\">Le d\u00e9fi : La construction, l\u2019inspection et l\u2019entretien de l\u2019\u00e9quipement<\/h2>\t\t\t\t<\/div>\n\t\t\t\t<\/div>\n\t\t\t\t<div class=\"elementor-element elementor-element-31a58abc color-scheme-inherit text-left elementor-invisible elementor-widget elementor-widget-text-editor\" data-id=\"31a58abc\" data-element_type=\"widget\" data-e-type=\"widget\" data-settings=\"{&quot;_animation&quot;:&quot;fadeInUp&quot;}\" data-widget_type=\"text-editor.default\">\n\t\t\t\t<div class=\"elementor-widget-container\">\n\t\t\t\t\t\t\t\t\t<p>Les entreprises sp\u00e9cialis\u00e9es dans la construction, l\u2019inspection et l\u2019entretien de l\u2019\u00e9quipement de ravitaillement s\u2019aventurent en territoire inconnu, modernisant les v\u00e9hicules existants avec des technologies respectueuses de l\u2019environnement. Ce processus laborieux doit trouver un \u00e9quilibre entre l\u2019adoption de l\u2019innovation, l\u2019atteinte des objectifs climatiques et la pr\u00e9servation de la fonctionnalit\u00e9 et des normes de s\u00e9curit\u00e9 de ces actifs d\u2019aviation essentiels.<\/p>\n\t\t\t\t\t\t\t\t<\/div>\n\t\t\t\t<\/div>\n\t\t\t\t\t<\/div>\n\t\t<\/div>\n\t\t\t\t\t<\/div>\n\t\t<\/section>\n\t\t\t\t<section class=\"wd-negative-gap elementor-section elementor-inner-section elementor-element elementor-element-5212e44 elementor-section-content-middle wd-section-stretch elementor-section-boxed elementor-section-height-default elementor-section-height-default\" data-id=\"5212e44\" data-element_type=\"section\" data-e-type=\"section\" data-settings=\"{&quot;background_background&quot;:&quot;classic&quot;}\">\n\t\t\t\t\t\t<div class=\"elementor-container elementor-column-gap-default\">\n\t\t\t\t\t<div class=\"elementor-column elementor-col-50 elementor-inner-column elementor-element elementor-element-d918410\" data-id=\"d918410\" data-element_type=\"column\" data-e-type=\"column\">\n\t\t\t<div class=\"elementor-widget-wrap elementor-element-populated\">\n\t\t\t\t\t\t<div class=\"elementor-element elementor-element-a58b785 elementor-invisible elementor-widget elementor-widget-image\" data-id=\"a58b785\" data-element_type=\"widget\" data-e-type=\"widget\" data-settings=\"{&quot;_animation&quot;:&quot;fadeInDown&quot;}\" data-widget_type=\"image.default\">\n\t\t\t\t<div class=\"elementor-widget-container\">\n\t\t\t\t\t\t\t\t\t\t\t\t\t\t\t<img loading=\"lazy\" decoding=\"async\" width=\"800\" height=\"533\" src=\"https:\/\/arc-refuellers.be\/wp-content\/uploads\/2023\/06\/1658299058880-Copyright-of-Shell-Aviation-2.jpg\" class=\"attachment-full size-full wp-image-5137\" alt=\"\" srcset=\"https:\/\/arc-refuellers.be\/wp-content\/uploads\/2023\/06\/1658299058880-Copyright-of-Shell-Aviation-2.jpg 800w, https:\/\/arc-refuellers.be\/wp-content\/uploads\/2023\/06\/1658299058880-Copyright-of-Shell-Aviation-2-768x512.jpg 768w\" sizes=\"auto, (max-width: 800px) 100vw, 800px\" \/>\t\t\t\t\t\t\t\t\t\t\t\t\t\t\t<\/div>\n\t\t\t\t<\/div>\n\t\t\t\t\t<\/div>\n\t\t<\/div>\n\t\t\t\t<div class=\"elementor-column elementor-col-50 elementor-inner-column elementor-element elementor-element-66905a3\" data-id=\"66905a3\" data-element_type=\"column\" data-e-type=\"column\">\n\t\t\t<div class=\"elementor-widget-wrap elementor-element-populated\">\n\t\t\t\t\t\t<div class=\"elementor-element elementor-element-edb8325 elementor-widget__width-initial elementor-invisible elementor-widget elementor-widget-heading\" data-id=\"edb8325\" data-element_type=\"widget\" data-e-type=\"widget\" data-settings=\"{&quot;_animation&quot;:&quot;fadeInUp&quot;}\" data-widget_type=\"heading.default\">\n\t\t\t\t<div class=\"elementor-widget-container\">\n\t\t\t\t\t<h2 class=\"elementor-heading-title elementor-size-default\">Le d\u00e9fi : les services into-plane<\/h2>\t\t\t\t<\/div>\n\t\t\t\t<\/div>\n\t\t\t\t<div class=\"elementor-element elementor-element-dc0bf6a elementor-widget elementor-widget-spacer\" data-id=\"dc0bf6a\" data-element_type=\"widget\" data-e-type=\"widget\" data-widget_type=\"spacer.default\">\n\t\t\t\t<div class=\"elementor-widget-container\">\n\t\t\t\t\t\t\t<div class=\"elementor-spacer\">\n\t\t\t<div class=\"elementor-spacer-inner\"><\/div>\n\t\t<\/div>\n\t\t\t\t\t\t<\/div>\n\t\t\t\t<\/div>\n\t\t\t\t<div class=\"elementor-element elementor-element-8c094f7 elementor-widget-mobile__width-initial elementor-widget__width-initial color-scheme-inherit text-left elementor-invisible elementor-widget elementor-widget-text-editor\" data-id=\"8c094f7\" data-element_type=\"widget\" data-e-type=\"widget\" data-settings=\"{&quot;_animation&quot;:&quot;fadeInUp&quot;}\" data-widget_type=\"text-editor.default\">\n\t\t\t\t<div class=\"elementor-widget-container\">\n\t\t\t\t\t\t\t\t\t<p>Pour les services dans les avions, l&rsquo;av\u00e8nement des <a href=\"https:\/\/gm-cg.com\/e-vehicles\/\">v\u00e9hicules \u00e9lectriques<\/a> (VHR ou VE complets) pr\u00e9sente \u00e0 la fois une opportunit\u00e9 et un d\u00e9fi. La fa\u00e7on dont ces services adaptent leurs protocoles op\u00e9rationnels et leurs mesures de s\u00e9curit\u00e9 pour r\u00e9pondre aux nouveaux besoins de l&rsquo;industrie de l&rsquo;aviation pendant le ravitaillement en carburant sera d&rsquo;une importance primordiale.<\/p>\n\t\t\t\t\t\t\t\t<\/div>\n\t\t\t\t<\/div>\n\t\t\t\t\t<\/div>\n\t\t<\/div>\n\t\t\t\t\t<\/div>\n\t\t<\/section>\n\t\t\t\t<section class=\"wd-negative-gap elementor-section elementor-inner-section elementor-element elementor-element-6223cc0 elementor-section-content-middle wd-section-stretch elementor-section-boxed elementor-section-height-default elementor-section-height-default\" data-id=\"6223cc0\" data-element_type=\"section\" data-e-type=\"section\" data-settings=\"{&quot;background_background&quot;:&quot;classic&quot;}\">\n\t\t\t\t\t\t<div class=\"elementor-container elementor-column-gap-default\">\n\t\t\t\t\t<div class=\"elementor-column elementor-col-50 elementor-inner-column elementor-element elementor-element-b080291\" data-id=\"b080291\" data-element_type=\"column\" data-e-type=\"column\">\n\t\t\t<div class=\"elementor-widget-wrap elementor-element-populated\">\n\t\t\t\t\t\t<div class=\"elementor-element elementor-element-053e83a elementor-invisible elementor-widget elementor-widget-heading\" data-id=\"053e83a\" data-element_type=\"widget\" data-e-type=\"widget\" data-settings=\"{&quot;_animation&quot;:&quot;fadeInUp&quot;}\" data-widget_type=\"heading.default\">\n\t\t\t\t<div class=\"elementor-widget-container\">\n\t\t\t\t\t<h2 class=\"elementor-heading-title elementor-size-default\">Fa\u00e7onner l\u2019avenir de l\u2019avitaillement a\u00e9ronautique<\/h2>\t\t\t\t<\/div>\n\t\t\t\t<\/div>\n\t\t\t\t<div class=\"elementor-element elementor-element-70455f8 elementor-widget__width-initial color-scheme-inherit text-left elementor-invisible elementor-widget elementor-widget-text-editor\" data-id=\"70455f8\" data-element_type=\"widget\" data-e-type=\"widget\" data-settings=\"{&quot;_animation&quot;:&quot;fadeInUp&quot;}\" data-widget_type=\"text-editor.default\">\n\t\t\t\t<div class=\"elementor-widget-container\">\n\t\t\t\t\t\t\t\t\t<p><strong>ARC NV<\/strong>, fond\u00e9e en 1994, a \u00e9volu\u00e9 bien au-del\u00e0 de son r\u00f4le initial de construction, maintenance et r\u00e9novation d\u2019\u00e9quipements d\u2019avitaillement a\u00e9ronautique. Aujourd\u2019hui, nous sommes un acteur engag\u00e9 dans la transformation du secteur, en stimulant l\u2019innovation, l\u2019excellence op\u00e9rationnelle et la durabilit\u00e9 \u00e0 long terme.<\/p><p>Notre objectif est clair : accompagner l\u2019industrie dans l\u2019adoption de technologies d\u2019avitaillement de nouvelle g\u00e9n\u00e9ration, en phase avec la vision europ\u00e9enne \u00e0 l\u2019horizon 2030 \u2014 incluant la d\u00e9carbonation, la digitalisation et le renforcement des standards de s\u00e9curit\u00e9 dans les op\u00e9rations a\u00e9ronautiques.<\/p><p>Forte de plusieurs d\u00e9cennies d\u2019expertise en ing\u00e9nierie, <strong>ARC NV<\/strong> continue de proposer des solutions alliant pr\u00e9cision, fiabilit\u00e9 et performance sur l\u2019ensemble du cycle de vie, garantissant des syst\u00e8mes d\u2019avitaillement conformes, efficaces et pr\u00eats pour les d\u00e9fis futurs.<\/p><p>Dans un contexte de transformation du secteur, nous restons engag\u00e9s \u00e0 accompagner les op\u00e9rateurs avec des solutions concr\u00e8tes, fond\u00e9es sur l\u2019ing\u00e9nierie et orient\u00e9es vers la performance op\u00e9rationnelle.<\/p><p>\u00a0<\/p>\t\t\t\t\t\t\t\t<\/div>\n\t\t\t\t<\/div>\n\t\t\t\t\t<\/div>\n\t\t<\/div>\n\t\t\t\t<div class=\"elementor-column elementor-col-50 elementor-inner-column elementor-element elementor-element-7c934c1\" data-id=\"7c934c1\" data-element_type=\"column\" data-e-type=\"column\">\n\t\t\t<div class=\"elementor-widget-wrap elementor-element-populated\">\n\t\t\t\t\t\t<div class=\"elementor-element elementor-element-00f1821 elementor-invisible elementor-widget elementor-widget-image\" data-id=\"00f1821\" data-element_type=\"widget\" data-e-type=\"widget\" data-settings=\"{&quot;_animation&quot;:&quot;fadeInUp&quot;,&quot;_animation_delay&quot;:150}\" data-widget_type=\"image.default\">\n\t\t\t\t<div class=\"elementor-widget-container\">\n\t\t\t\t\t\t\t\t\t\t\t\t\t\t\t<img loading=\"lazy\" decoding=\"async\" width=\"548\" height=\"529\" src=\"https:\/\/arc-refuellers.be\/wp-content\/uploads\/2026\/04\/3D-WEB.png\" class=\"attachment-full size-full wp-image-8455\" alt=\"\" \/>\t\t\t\t\t\t\t\t\t\t\t\t\t\t\t<\/div>\n\t\t\t\t<\/div>\n\t\t\t\t\t<\/div>\n\t\t<\/div>\n\t\t\t\t\t<\/div>\n\t\t<\/section>\n\t\t\t\t<\/div>\n\t\t","protected":false},"excerpt":{"rendered":"<p>Solutions de march\u00e9 Le secteur du ravitaillement en carburant des a\u00e9ronefs est \u00e0 l\u2019avant-garde du changement Dans le domaine du<\/p>\n","protected":false},"author":1,"featured_media":6891,"parent":0,"menu_order":0,"comment_status":"closed","ping_status":"closed","template":"","meta":{"footnotes":""},"class_list":["post-5255","page","type-page","status-publish","has-post-thumbnail","hentry"],"_links":{"self":[{"href":"https:\/\/arc-refuellers.be\/fr\/wp-json\/wp\/v2\/pages\/5255","targetHints":{"allow":["GET"]}}],"collection":[{"href":"https:\/\/arc-refuellers.be\/fr\/wp-json\/wp\/v2\/pages"}],"about":[{"href":"https:\/\/arc-refuellers.be\/fr\/wp-json\/wp\/v2\/types\/page"}],"author":[{"embeddable":true,"href":"https:\/\/arc-refuellers.be\/fr\/wp-json\/wp\/v2\/users\/1"}],"replies":[{"embeddable":true,"href":"https:\/\/arc-refuellers.be\/fr\/wp-json\/wp\/v2\/comments?post=5255"}],"version-history":[{"count":3,"href":"https:\/\/arc-refuellers.be\/fr\/wp-json\/wp\/v2\/pages\/5255\/revisions"}],"predecessor-version":[{"id":8462,"href":"https:\/\/arc-refuellers.be\/fr\/wp-json\/wp\/v2\/pages\/5255\/revisions\/8462"}],"wp:featuredmedia":[{"embeddable":true,"href":"https:\/\/arc-refuellers.be\/fr\/wp-json\/wp\/v2\/media\/6891"}],"wp:attachment":[{"href":"https:\/\/arc-refuellers.be\/fr\/wp-json\/wp\/v2\/media?parent=5255"}],"curies":[{"name":"wp","href":"https:\/\/api.w.org\/{rel}","templated":true}]}}