{"id":5241,"date":"2023-06-06T15:49:55","date_gmt":"2023-06-06T15:49:55","guid":{"rendered":"https:\/\/arc-refuellers.be\/services\/maintenance-repairs\/"},"modified":"2024-04-04T09:34:27","modified_gmt":"2024-04-04T09:34:27","slug":"maintenance-repairs","status":"publish","type":"page","link":"https:\/\/arc-refuellers.be\/fr\/services\/maintenance-repairs\/","title":{"rendered":"Entretien et r\u00e9parations"},"content":{"rendered":"\t\t<div data-elementor-type=\"wp-page\" data-elementor-id=\"5241\" class=\"elementor elementor-5241 elementor-600\">\n\t\t\t\t\t\t<section class=\"wd-negative-gap elementor-section elementor-top-section elementor-element elementor-element-9f8dc46 elementor-section-boxed elementor-section-height-default elementor-section-height-default\" data-id=\"9f8dc46\" data-element_type=\"section\" data-e-type=\"section\">\n\t\t\t\t\t\t<div class=\"elementor-container elementor-column-gap-default\">\n\t\t\t\t\t<div class=\"elementor-column elementor-col-100 elementor-top-column elementor-element elementor-element-82c0d5a\" data-id=\"82c0d5a\" data-element_type=\"column\" data-e-type=\"column\">\n\t\t\t<div class=\"elementor-widget-wrap elementor-element-populated\">\n\t\t\t\t\t\t<section class=\"wd-negative-gap elementor-section elementor-inner-section elementor-element elementor-element-a6e89d7 elementor-section-content-middle elementor-section-boxed elementor-section-height-default elementor-section-height-default\" data-id=\"a6e89d7\" data-element_type=\"section\" data-e-type=\"section\">\n\t\t\t\t\t\t<div class=\"elementor-container elementor-column-gap-default\">\n\t\t\t\t\t<div class=\"elementor-column elementor-col-50 elementor-inner-column elementor-element elementor-element-743c2a0\" data-id=\"743c2a0\" data-element_type=\"column\" data-e-type=\"column\">\n\t\t\t<div class=\"elementor-widget-wrap elementor-element-populated\">\n\t\t\t\t\t\t<div class=\"elementor-element elementor-element-defac9a elementor-widget elementor-widget-spacer\" data-id=\"defac9a\" data-element_type=\"widget\" data-e-type=\"widget\" data-widget_type=\"spacer.default\">\n\t\t\t\t<div class=\"elementor-widget-container\">\n\t\t\t\t\t\t\t<div class=\"elementor-spacer\">\n\t\t\t<div class=\"elementor-spacer-inner\"><\/div>\n\t\t<\/div>\n\t\t\t\t\t\t<\/div>\n\t\t\t\t<\/div>\n\t\t\t\t<div class=\"elementor-element elementor-element-9f09e46 elementor-invisible elementor-widget elementor-widget-heading\" data-id=\"9f09e46\" data-element_type=\"widget\" data-e-type=\"widget\" data-settings=\"{&quot;_animation&quot;:&quot;fadeInUp&quot;}\" data-widget_type=\"heading.default\">\n\t\t\t\t<div class=\"elementor-widget-container\">\n\t\t\t\t\t<h4 class=\"elementor-heading-title elementor-size-default\">PRESTATIONS DE SERVICE<\/h4>\t\t\t\t<\/div>\n\t\t\t\t<\/div>\n\t\t\t\t<div class=\"elementor-element elementor-element-ce11bd1 elementor-widget-mobile__width-initial elementor-invisible elementor-widget elementor-widget-heading\" data-id=\"ce11bd1\" data-element_type=\"widget\" data-e-type=\"widget\" data-settings=\"{&quot;_animation&quot;:&quot;fadeInUp&quot;}\" data-widget_type=\"heading.default\">\n\t\t\t\t<div class=\"elementor-widget-container\">\n\t\t\t\t\t<h2 class=\"elementor-heading-title elementor-size-default\">Tout ce qui est associ\u00e9 aux v\u00e9hicules de ravitaillement en carburant d'aviation<\/h2>\t\t\t\t<\/div>\n\t\t\t\t<\/div>\n\t\t\t\t<div class=\"elementor-element elementor-element-555d160 elementor-widget-mobile__width-initial color-scheme-inherit text-left elementor-invisible elementor-widget elementor-widget-text-editor\" data-id=\"555d160\" data-element_type=\"widget\" data-e-type=\"widget\" data-settings=\"{&quot;_animation&quot;:&quot;fadeInUp&quot;}\" data-widget_type=\"text-editor.default\">\n\t\t\t\t<div class=\"elementor-widget-container\">\n\t\t\t\t\t\t\t\t\t<p>En tant que partenaire professionnel pour tout ce qui concerne les v\u00e9hicules de ravitaillement en carburant pour l&rsquo;aviation, <span style=\"color: #01215c;\"><strong>ARC NV<\/strong><\/span> peut indiquer la solution el plus \u00e9conomique pour tout probl\u00e8me, quel que soit l&rsquo;ampleur du d\u00e9fi.<\/p><p>\u00bfQue pouvons-nous faire pour vous?<\/p><ul><li>\u00c9quipement de ravitaillement,<\/li><li>Instructions d&rsquo;installation<\/li><li>Mise en \u0153uvre et test<\/li><li>Prise en charge de la proc\u00e9dure<\/li><li>Services d&rsquo;approvisionnement complets<\/li><\/ul><p>Les v\u00e9hicules utilitaires sont soumis \u00e0 des inspections annuelles selon les besoins, nos ing\u00e9nieurs d\u00e9di\u00e9s \u00e0 la qualit\u00e9 commerciale peuvent qualifier les composants de remplacement recommand\u00e9s et notre nouveau centre de solutions techniques nous permet d&rsquo;effectuer les tests de qualification requis en interne, ce qui permet d&rsquo;\u00e9conomiser du temps et de l&rsquo;argent tout en garantissant la qualit\u00e9.<\/p><p>Nous serions heureux de discuter de toute exigence ou information que vous pourriez avoir. Veuillez contacter notre service commercial via <em><span style=\"text-decoration: underline;\"><a href=\"mailto:info@arc-refuelers.be\">info@arc-refuelers.be<\/a><\/span><\/em><\/p>\t\t\t\t\t\t\t\t<\/div>\n\t\t\t\t<\/div>\n\t\t\t\t\t<\/div>\n\t\t<\/div>\n\t\t\t\t<div class=\"elementor-column elementor-col-50 elementor-inner-column elementor-element elementor-element-0b5a825\" data-id=\"0b5a825\" data-element_type=\"column\" data-e-type=\"column\">\n\t\t\t<div class=\"elementor-widget-wrap elementor-element-populated\">\n\t\t\t\t\t\t<div class=\"elementor-element elementor-element-7977ffa elementor-invisible elementor-widget elementor-widget-image\" data-id=\"7977ffa\" data-element_type=\"widget\" data-e-type=\"widget\" data-settings=\"{&quot;_animation&quot;:&quot;fadeInLeft&quot;}\" data-widget_type=\"image.default\">\n\t\t\t\t<div class=\"elementor-widget-container\">\n\t\t\t\t\t\t\t\t\t\t\t\t\t\t\t<img loading=\"lazy\" decoding=\"async\" width=\"1706\" height=\"960\" src=\"https:\/\/arc-refuellers.be\/wp-content\/uploads\/2023\/06\/1684951862595.jpeg\" class=\"attachment-full size-full wp-image-5048\" alt=\"Refueling Vehicles Maintenance &amp; Repairs\" srcset=\"https:\/\/arc-refuellers.be\/wp-content\/uploads\/2023\/06\/1684951862595.jpeg 1706w, https:\/\/arc-refuellers.be\/wp-content\/uploads\/2023\/06\/1684951862595-768x432.jpeg 768w, https:\/\/arc-refuellers.be\/wp-content\/uploads\/2023\/06\/1684951862595-1536x864.jpeg 1536w\" sizes=\"auto, (max-width: 1706px) 100vw, 1706px\" \/>\t\t\t\t\t\t\t\t\t\t\t\t\t\t\t<\/div>\n\t\t\t\t<\/div>\n\t\t\t\t\t<\/div>\n\t\t<\/div>\n\t\t\t\t\t<\/div>\n\t\t<\/section>\n\t\t\t\t\t<\/div>\n\t\t<\/div>\n\t\t\t\t\t<\/div>\n\t\t<\/section>\n\t\t\t\t<\/div>\n\t\t","protected":false},"excerpt":{"rendered":"<p>PRESTATIONS DE SERVICE Tout ce qui est associ\u00e9 aux v\u00e9hicules de ravitaillement en carburant d&rsquo;aviation En tant que partenaire professionnel<\/p>\n","protected":false},"author":1,"featured_media":0,"parent":5229,"menu_order":0,"comment_status":"closed","ping_status":"closed","template":"","meta":{"footnotes":""},"class_list":["post-5241","page","type-page","status-publish","hentry"],"_links":{"self":[{"href":"https:\/\/arc-refuellers.be\/fr\/wp-json\/wp\/v2\/pages\/5241","targetHints":{"allow":["GET"]}}],"collection":[{"href":"https:\/\/arc-refuellers.be\/fr\/wp-json\/wp\/v2\/pages"}],"about":[{"href":"https:\/\/arc-refuellers.be\/fr\/wp-json\/wp\/v2\/types\/page"}],"author":[{"embeddable":true,"href":"https:\/\/arc-refuellers.be\/fr\/wp-json\/wp\/v2\/users\/1"}],"replies":[{"embeddable":true,"href":"https:\/\/arc-refuellers.be\/fr\/wp-json\/wp\/v2\/comments?post=5241"}],"version-history":[{"count":0,"href":"https:\/\/arc-refuellers.be\/fr\/wp-json\/wp\/v2\/pages\/5241\/revisions"}],"up":[{"embeddable":true,"href":"https:\/\/arc-refuellers.be\/fr\/wp-json\/wp\/v2\/pages\/5229"}],"wp:attachment":[{"href":"https:\/\/arc-refuellers.be\/fr\/wp-json\/wp\/v2\/media?parent=5241"}],"curies":[{"name":"wp","href":"https:\/\/api.w.org\/{rel}","templated":true}]}}