{"id":5239,"date":"2023-06-06T15:39:05","date_gmt":"2023-06-06T15:39:05","guid":{"rendered":"https:\/\/arc-refuellers.be\/services\/vehicle-life-cycle-management\/"},"modified":"2024-04-04T09:34:32","modified_gmt":"2024-04-04T09:34:32","slug":"vehicle-life-cycle-management","status":"publish","type":"page","link":"https:\/\/arc-refuellers.be\/fr\/services\/vehicle-life-cycle-management\/","title":{"rendered":"Gestion du cycle de vie des v\u00e9hicules"},"content":{"rendered":"\t\t<div data-elementor-type=\"wp-page\" data-elementor-id=\"5239\" class=\"elementor elementor-5239 elementor-583\">\n\t\t\t\t\t\t<section class=\"wd-negative-gap elementor-section elementor-top-section elementor-element elementor-element-778a6d9 elementor-section-boxed elementor-section-height-default elementor-section-height-default\" data-id=\"778a6d9\" data-element_type=\"section\" data-e-type=\"section\">\n\t\t\t\t\t\t<div class=\"elementor-container elementor-column-gap-default\">\n\t\t\t\t\t<div class=\"elementor-column elementor-col-100 elementor-top-column elementor-element elementor-element-dd2bbb1\" data-id=\"dd2bbb1\" data-element_type=\"column\" data-e-type=\"column\">\n\t\t\t<div class=\"elementor-widget-wrap elementor-element-populated\">\n\t\t\t\t\t\t<section class=\"wd-negative-gap elementor-section elementor-inner-section elementor-element elementor-element-0b6f8b4 elementor-section-content-middle elementor-section-boxed elementor-section-height-default elementor-section-height-default\" data-id=\"0b6f8b4\" data-element_type=\"section\" data-e-type=\"section\">\n\t\t\t\t\t\t<div class=\"elementor-container elementor-column-gap-default\">\n\t\t\t\t\t<div class=\"elementor-column elementor-col-50 elementor-inner-column elementor-element elementor-element-228e89f\" data-id=\"228e89f\" data-element_type=\"column\" data-e-type=\"column\">\n\t\t\t<div class=\"elementor-widget-wrap elementor-element-populated\">\n\t\t\t\t\t\t<div class=\"elementor-element elementor-element-8b5e4c4 elementor-invisible elementor-widget elementor-widget-heading\" data-id=\"8b5e4c4\" data-element_type=\"widget\" data-e-type=\"widget\" data-settings=\"{&quot;_animation&quot;:&quot;fadeInUp&quot;}\" data-widget_type=\"heading.default\">\n\t\t\t\t<div class=\"elementor-widget-container\">\n\t\t\t\t\t<h4 class=\"elementor-heading-title elementor-size-default\">PRESTATIONS DE SERVICE<\/h4>\t\t\t\t<\/div>\n\t\t\t\t<\/div>\n\t\t\t\t<div class=\"elementor-element elementor-element-7dba488 elementor-widget__width-initial elementor-invisible elementor-widget elementor-widget-heading\" data-id=\"7dba488\" data-element_type=\"widget\" data-e-type=\"widget\" data-settings=\"{&quot;_animation&quot;:&quot;fadeInUp&quot;}\" data-widget_type=\"heading.default\">\n\t\t\t\t<div class=\"elementor-widget-container\">\n\t\t\t\t\t<h1 class=\"elementor-heading-title elementor-size-small\">Exploitation compl\u00e8te et int\u00e9gration dans les programmes d'\u00e9quipement existants<\/h1>\t\t\t\t<\/div>\n\t\t\t\t<\/div>\n\t\t\t\t<div class=\"elementor-element elementor-element-ddd51fa elementor-widget elementor-widget-spacer\" data-id=\"ddd51fa\" data-element_type=\"widget\" data-e-type=\"widget\" data-widget_type=\"spacer.default\">\n\t\t\t\t<div class=\"elementor-widget-container\">\n\t\t\t\t\t\t\t<div class=\"elementor-spacer\">\n\t\t\t<div class=\"elementor-spacer-inner\"><\/div>\n\t\t<\/div>\n\t\t\t\t\t\t<\/div>\n\t\t\t\t<\/div>\n\t\t\t\t<div class=\"elementor-element elementor-element-e152366 elementor-widget-mobile__width-initial color-scheme-inherit text-left elementor-invisible elementor-widget elementor-widget-text-editor\" data-id=\"e152366\" data-element_type=\"widget\" data-e-type=\"widget\" data-settings=\"{&quot;_animation&quot;:&quot;fadeInUp&quot;}\" data-widget_type=\"text-editor.default\">\n\t\t\t\t<div class=\"elementor-widget-container\">\n\t\t\t\t\t\t\t\t\t<p>Nous concevons nos programmes pour tirer pleinement parti et s&rsquo;int\u00e9grer aux programmes, processus et proc\u00e9dures d&rsquo;\u00e9quipement existants. En cons\u00e9quence, nous r\u00e9pondons plus efficacement aux exigences de protection et r\u00e9glementaires ad\u00e9quates, et offrons des opportunit\u00e9s de r\u00e9duire les co\u00fbts d&rsquo;\u00e9quipement op\u00e9rationnels en cours.<\/p>\n<p>ARC NV a g\u00e9r\u00e9 des actifs tout au long de leur cycle de vie, y compris les sp\u00e9cifications, l&rsquo;approvisionnement, la mise en service, la maintenance, l&rsquo;inspection, l&rsquo;enqu\u00eate sur les incidents et l&rsquo;\u00e9limination. En utilisant les rapports d&rsquo;information sur l&rsquo;entretien des v\u00e9hicules dans le cadre du cycle d&rsquo;am\u00e9lioration des performances, nous ciblons les am\u00e9liorations de la qualit\u00e9 de l&rsquo;entretien et identifions les pi\u00e8ces de rechange peu performantes.<\/p>\n\t\t\t\t\t\t\t\t<\/div>\n\t\t\t\t<\/div>\n\t\t\t\t\t<\/div>\n\t\t<\/div>\n\t\t\t\t<div class=\"elementor-column elementor-col-50 elementor-inner-column elementor-element elementor-element-f6c53a4\" data-id=\"f6c53a4\" data-element_type=\"column\" data-e-type=\"column\">\n\t\t\t<div class=\"elementor-widget-wrap elementor-element-populated\">\n\t\t\t\t\t\t<div class=\"elementor-element elementor-element-2f6dfba elementor-invisible elementor-widget elementor-widget-image\" data-id=\"2f6dfba\" data-element_type=\"widget\" data-e-type=\"widget\" data-settings=\"{&quot;_animation&quot;:&quot;fadeInDown&quot;}\" data-widget_type=\"image.default\">\n\t\t\t\t<div class=\"elementor-widget-container\">\n\t\t\t\t\t\t\t\t\t\t\t\t\t\t\t<img loading=\"lazy\" decoding=\"async\" width=\"2560\" height=\"1920\" src=\"https:\/\/arc-refuellers.be\/wp-content\/uploads\/2023\/06\/Shell-Pendel-scaled.jpg\" class=\"attachment-full size-full wp-image-4780\" alt=\"Vehicle Lifecycle Management\" srcset=\"https:\/\/arc-refuellers.be\/wp-content\/uploads\/2023\/06\/Shell-Pendel-scaled.jpg 2560w, https:\/\/arc-refuellers.be\/wp-content\/uploads\/2023\/06\/Shell-Pendel-768x576.jpg 768w, https:\/\/arc-refuellers.be\/wp-content\/uploads\/2023\/06\/Shell-Pendel-1536x1152.jpg 1536w, https:\/\/arc-refuellers.be\/wp-content\/uploads\/2023\/06\/Shell-Pendel-2048x1536.jpg 2048w\" sizes=\"auto, (max-width: 2560px) 100vw, 2560px\" \/>\t\t\t\t\t\t\t\t\t\t\t\t\t\t\t<\/div>\n\t\t\t\t<\/div>\n\t\t\t\t\t<\/div>\n\t\t<\/div>\n\t\t\t\t\t<\/div>\n\t\t<\/section>\n\t\t\t\t\t<\/div>\n\t\t<\/div>\n\t\t\t\t\t<\/div>\n\t\t<\/section>\n\t\t\t\t<section class=\"wd-negative-gap elementor-section elementor-top-section elementor-element elementor-element-5dd07cb elementor-section-boxed elementor-section-height-default elementor-section-height-default\" data-id=\"5dd07cb\" data-element_type=\"section\" data-e-type=\"section\">\n\t\t\t\t\t\t<div class=\"elementor-container elementor-column-gap-default\">\n\t\t\t\t\t<div class=\"elementor-column elementor-col-100 elementor-top-column elementor-element elementor-element-2d6929e\" data-id=\"2d6929e\" data-element_type=\"column\" data-e-type=\"column\">\n\t\t\t<div class=\"elementor-widget-wrap elementor-element-populated\">\n\t\t\t\t\t\t<section class=\"wd-negative-gap elementor-section elementor-inner-section elementor-element elementor-element-6fb318d elementor-section-boxed elementor-section-height-default elementor-section-height-default\" data-id=\"6fb318d\" data-element_type=\"section\" data-e-type=\"section\" data-settings=\"{&quot;background_background&quot;:&quot;classic&quot;}\">\n\t\t\t\t\t\t<div class=\"elementor-container elementor-column-gap-default\">\n\t\t\t\t\t<div class=\"elementor-column elementor-col-50 elementor-inner-column elementor-element elementor-element-cfe2506\" data-id=\"cfe2506\" data-element_type=\"column\" data-e-type=\"column\">\n\t\t\t<div class=\"elementor-widget-wrap elementor-element-populated\">\n\t\t\t\t\t\t<div class=\"elementor-element elementor-element-40a338c elementor-widget elementor-widget-html\" data-id=\"40a338c\" data-element_type=\"widget\" data-e-type=\"widget\" data-widget_type=\"html.default\">\n\t\t\t\t<div class=\"elementor-widget-container\">\n\t\t\t\t\t<style>\r\n    @media (max-width: 576px) {\r\n.page-title .title {\r\n    font-size: 16px !important;\r\n} }\r\n<\/style>\t\t\t\t<\/div>\n\t\t\t\t<\/div>\n\t\t\t\t\t<\/div>\n\t\t<\/div>\n\t\t\t\t<div class=\"elementor-column elementor-col-50 elementor-inner-column elementor-element elementor-element-72481bf\" data-id=\"72481bf\" data-element_type=\"column\" data-e-type=\"column\" data-settings=\"{&quot;background_background&quot;:&quot;classic&quot;}\">\n\t\t\t<div class=\"elementor-widget-wrap elementor-element-populated\">\n\t\t\t\t\t\t<div class=\"elementor-element elementor-element-5944d6d elementor-invisible elementor-widget elementor-widget-heading\" data-id=\"5944d6d\" data-element_type=\"widget\" data-e-type=\"widget\" data-settings=\"{&quot;_animation&quot;:&quot;fadeInUp&quot;}\" data-widget_type=\"heading.default\">\n\t\t\t\t<div class=\"elementor-widget-container\">\n\t\t\t\t\t<h4 class=\"elementor-heading-title elementor-size-default\">Gestion du cycle de vie des v\u00e9hicules<\/h4>\t\t\t\t<\/div>\n\t\t\t\t<\/div>\n\t\t\t\t<div class=\"elementor-element elementor-element-8088f55 elementor-invisible elementor-widget elementor-widget-heading\" data-id=\"8088f55\" data-element_type=\"widget\" data-e-type=\"widget\" data-settings=\"{&quot;_animation&quot;:&quot;fadeInUp&quot;}\" data-widget_type=\"heading.default\">\n\t\t\t\t<div class=\"elementor-widget-container\">\n\t\t\t\t\t<h2 class=\"elementor-heading-title elementor-size-default\"><span style=\"font-family: Poppins, sans-serif;font-size: 24px;font-style: normal;font-weight: 700\">Clients prot\u00e9g\u00e9s contre les co\u00fbts impr\u00e9vus, tels que les pi\u00e8ces d'usure<\/span><\/h2>\t\t\t\t<\/div>\n\t\t\t\t<\/div>\n\t\t\t\t\t<\/div>\n\t\t<\/div>\n\t\t\t\t\t<\/div>\n\t\t<\/section>\n\t\t\t\t\t<\/div>\n\t\t<\/div>\n\t\t\t\t\t<\/div>\n\t\t<\/section>\n\t\t\t\t<section class=\"wd-negative-gap elementor-section elementor-top-section elementor-element elementor-element-e9a8719 wd-section-stretch elementor-section-boxed elementor-section-height-default elementor-section-height-default\" data-id=\"e9a8719\" data-element_type=\"section\" data-e-type=\"section\" data-settings=\"{&quot;background_background&quot;:&quot;classic&quot;}\">\n\t\t\t\t\t\t<div class=\"elementor-container elementor-column-gap-default\">\n\t\t\t\t\t<div class=\"elementor-column elementor-col-100 elementor-top-column elementor-element elementor-element-aa08b79\" data-id=\"aa08b79\" data-element_type=\"column\" data-e-type=\"column\">\n\t\t\t<div class=\"elementor-widget-wrap elementor-element-populated\">\n\t\t\t\t\t\t<section class=\"wd-negative-gap elementor-section elementor-inner-section elementor-element elementor-element-fd599eb elementor-section-boxed elementor-section-height-default elementor-section-height-default\" data-id=\"fd599eb\" data-element_type=\"section\" data-e-type=\"section\" data-settings=\"{&quot;background_background&quot;:&quot;classic&quot;}\">\n\t\t\t\t\t\t<div class=\"elementor-container elementor-column-gap-default\">\n\t\t\t\t\t<div class=\"elementor-column elementor-col-50 elementor-inner-column elementor-element elementor-element-7cb6a08\" data-id=\"7cb6a08\" data-element_type=\"column\" data-e-type=\"column\">\n\t\t\t<div class=\"elementor-widget-wrap elementor-element-populated\">\n\t\t\t\t\t\t<div class=\"elementor-element elementor-element-27f6174 elementor-widget elementor-widget-html\" data-id=\"27f6174\" data-element_type=\"widget\" data-e-type=\"widget\" data-widget_type=\"html.default\">\n\t\t\t\t<div class=\"elementor-widget-container\">\n\t\t\t\t\t<style>\r\n@media (max-width: 576px) {\r\n.page-title .title {\r\n    font-size: 14px !important;\r\n} }\r\n<\/style>\t\t\t\t<\/div>\n\t\t\t\t<\/div>\n\t\t\t\t<div class=\"elementor-element elementor-element-b8842f1 elementor-widget__width-initial elementor-invisible elementor-widget elementor-widget-heading\" data-id=\"b8842f1\" data-element_type=\"widget\" data-e-type=\"widget\" data-settings=\"{&quot;_animation&quot;:&quot;fadeInUp&quot;}\" data-widget_type=\"heading.default\">\n\t\t\t\t<div class=\"elementor-widget-container\">\n\t\t\t\t\t<h1 class=\"elementor-heading-title elementor-size-small\">Attentes du domaine d'intervention d'ARC NV<\/h1>\t\t\t\t<\/div>\n\t\t\t\t<\/div>\n\t\t\t\t<div class=\"elementor-element elementor-element-ad1b9fe color-scheme-inherit text-left elementor-invisible elementor-widget elementor-widget-text-editor\" data-id=\"ad1b9fe\" data-element_type=\"widget\" data-e-type=\"widget\" data-settings=\"{&quot;_animation&quot;:&quot;fadeInUp&quot;}\" data-widget_type=\"text-editor.default\">\n\t\t\t\t<div class=\"elementor-widget-container\">\n\t\t\t\t\t\t\t\t\t<ul>\r\n \t<li>Codes et standards<\/li>\r\n \t<li>Gestion des mat\u00e9riaux et des \u00e9quipements d&rsquo;entretien<\/li>\r\n \t<li>Informations sur la s\u00e9curit\u00e9 des processus<\/li>\r\n \t<li>Analyse du cycle de vie des investissements<\/li>\r\n \t<li>Proc\u00e9dures<\/li>\r\n \t<li>Pr\u00e9paration op\u00e9rationnelle<\/li>\r\n \t<li>Gestion du changement<\/li>\r\n \t<li>Contr\u00f4le de qualit\u00e9<\/li>\r\n \t<li>Fiabilit\u00e9 et int\u00e9grit\u00e9 de l&rsquo;\u00e9quipement<\/li>\r\n \t<li>Efficacit\u00e9 des ressources et optimisation des actifs<\/li>\r\n \t<li>Engagement des parties prenantes et gestion des probl\u00e8mes<\/li>\r\n<\/ul>\t\t\t\t\t\t\t\t<\/div>\n\t\t\t\t<\/div>\n\t\t\t\t\t<\/div>\n\t\t<\/div>\n\t\t\t\t<div class=\"elementor-column elementor-col-50 elementor-inner-column elementor-element elementor-element-d2c1bc5\" data-id=\"d2c1bc5\" data-element_type=\"column\" data-e-type=\"column\">\n\t\t\t<div class=\"elementor-widget-wrap elementor-element-populated\">\n\t\t\t\t\t\t<div class=\"elementor-element elementor-element-5f0dd51 elementor-invisible elementor-widget elementor-widget-image\" data-id=\"5f0dd51\" data-element_type=\"widget\" data-e-type=\"widget\" data-settings=\"{&quot;_animation&quot;:&quot;fadeInDown&quot;}\" data-widget_type=\"image.default\">\n\t\t\t\t<div class=\"elementor-widget-container\">\n\t\t\t\t\t\t\t\t\t\t\t\t\t\t\t<img loading=\"lazy\" decoding=\"async\" width=\"2560\" height=\"1920\" src=\"https:\/\/arc-refuellers.be\/wp-content\/uploads\/2023\/06\/IMG_0612-1-scaled.jpg\" class=\"attachment-full size-full wp-image-5067\" alt=\"\" srcset=\"https:\/\/arc-refuellers.be\/wp-content\/uploads\/2023\/06\/IMG_0612-1-scaled.jpg 2560w, https:\/\/arc-refuellers.be\/wp-content\/uploads\/2023\/06\/IMG_0612-1-768x576.jpg 768w, https:\/\/arc-refuellers.be\/wp-content\/uploads\/2023\/06\/IMG_0612-1-1536x1152.jpg 1536w, https:\/\/arc-refuellers.be\/wp-content\/uploads\/2023\/06\/IMG_0612-1-2048x1536.jpg 2048w\" sizes=\"auto, (max-width: 2560px) 100vw, 2560px\" \/>\t\t\t\t\t\t\t\t\t\t\t\t\t\t\t<\/div>\n\t\t\t\t<\/div>\n\t\t\t\t\t<\/div>\n\t\t<\/div>\n\t\t\t\t\t<\/div>\n\t\t<\/section>\n\t\t\t\t\t<\/div>\n\t\t<\/div>\n\t\t\t\t\t<\/div>\n\t\t<\/section>\n\t\t\t\t<section class=\"wd-negative-gap elementor-section elementor-top-section elementor-element elementor-element-3e5419f wd-section-stretch elementor-section-boxed elementor-section-height-default elementor-section-height-default\" data-id=\"3e5419f\" data-element_type=\"section\" data-e-type=\"section\" data-settings=\"{&quot;background_background&quot;:&quot;classic&quot;}\">\n\t\t\t\t\t\t<div class=\"elementor-container elementor-column-gap-default\">\n\t\t\t\t\t<div class=\"elementor-column elementor-col-100 elementor-top-column elementor-element elementor-element-cfb0902\" data-id=\"cfb0902\" data-element_type=\"column\" data-e-type=\"column\">\n\t\t\t<div class=\"elementor-widget-wrap elementor-element-populated\">\n\t\t\t\t\t\t<section class=\"wd-negative-gap elementor-section elementor-inner-section elementor-element elementor-element-e679482 elementor-section-content-middle elementor-section-boxed elementor-section-height-default elementor-section-height-default\" data-id=\"e679482\" data-element_type=\"section\" data-e-type=\"section\">\n\t\t\t\t\t\t<div class=\"elementor-container elementor-column-gap-default\">\n\t\t\t\t\t<div class=\"elementor-column elementor-col-50 elementor-inner-column elementor-element elementor-element-aace6b0\" data-id=\"aace6b0\" data-element_type=\"column\" data-e-type=\"column\">\n\t\t\t<div class=\"elementor-widget-wrap elementor-element-populated\">\n\t\t\t\t\t\t<div class=\"elementor-element elementor-element-8432287 color-scheme-inherit text-left elementor-invisible elementor-widget elementor-widget-text-editor\" data-id=\"8432287\" data-element_type=\"widget\" data-e-type=\"widget\" data-settings=\"{&quot;_animation&quot;:&quot;fadeInUp&quot;}\" data-widget_type=\"text-editor.default\">\n\t\t\t\t<div class=\"elementor-widget-container\">\n\t\t\t\t\t\t\t\t\t<p><strong>L&rsquo;int\u00e9grit\u00e9 des actifs<\/strong><\/p>\n<p>G\u00e9rez les modifications propos\u00e9es \u00e0 la conception, \u00e0 l&rsquo;\u00e9quipement, aux op\u00e9rations, aux produits et aux organisations avant la mise en \u0153uvre pour r\u00e9duire le co\u00fbt de possession, r\u00e9duire les co\u00fbts de maintenance, de cycle de vie et d&rsquo;exploitation, et fournir souvent un meilleur retour sur investissement que les mises \u00e0 niveau des \u00e9quipements.<\/p>\n<p><strong>Fiabilit\u00e9 des \u00e9quipements<\/strong><\/p>\n<p>Identifiez et r\u00e9solvez les \u00e9carts de performances en mati\u00e8re de fiabilit\u00e9 des \u00e9quipements et les d\u00e9faillances r\u00e9p\u00e9titives ou r\u00e9currentes pour am\u00e9liorer la fiabilit\u00e9 et optimiser les co\u00fbts du cycle de vie. Nous utilisons d&rsquo;abord l&rsquo;analyse des d\u00e9faillances pour d\u00e9terminer les causes des d\u00e9faillances. Ensuite, prenez des mesures pour r\u00e9soudre les causes profondes au niveau de l&rsquo;\u00e9quipement et partagez les le\u00e7ons apprises de mani\u00e8re appropri\u00e9e.<\/p>\n<p><strong>Environnement<\/strong><\/p>\n<p>Nous prot\u00e9geons l&rsquo;environnement gr\u00e2ce \u00e0 une conception, un d\u00e9veloppement, des op\u00e9rations et un retrait d&rsquo;actifs responsables.<\/p>\n<p><strong>Documentation<\/strong><\/p>\n<p>\u00c9valuez les risques d&rsquo;OE associ\u00e9s aux changements, informez et formez le personnel concern\u00e9 du changement, et mettez \u00e0 jour les normes de documentation sous une forme aussi simple et claire que possible.<\/p>\n<p>Si vous pensez que notre exp\u00e9rience des op\u00e9rations de carburant d&rsquo;aviation vous aidera \u00e0 atteindre vos objectifs commerciaux, notre \u00e9quipe est toujours disponible pour r\u00e9pondre \u00e0 toutes vos questions.<\/p>\n\t\t\t\t\t\t\t\t<\/div>\n\t\t\t\t<\/div>\n\t\t\t\t\t<\/div>\n\t\t<\/div>\n\t\t\t\t<div class=\"elementor-column elementor-col-50 elementor-inner-column elementor-element elementor-element-05c4a40\" data-id=\"05c4a40\" data-element_type=\"column\" data-e-type=\"column\">\n\t\t\t<div class=\"elementor-widget-wrap elementor-element-populated\">\n\t\t\t\t\t\t<div class=\"elementor-element elementor-element-e8f75ed elementor-invisible elementor-widget elementor-widget-image\" data-id=\"e8f75ed\" data-element_type=\"widget\" data-e-type=\"widget\" data-settings=\"{&quot;_animation&quot;:&quot;fadeInDown&quot;}\" data-widget_type=\"image.default\">\n\t\t\t\t<div class=\"elementor-widget-container\">\n\t\t\t\t\t\t\t\t\t\t\t\t\t\t\t<img loading=\"lazy\" decoding=\"async\" width=\"2560\" height=\"1365\" src=\"https:\/\/arc-refuellers.be\/wp-content\/uploads\/2023\/06\/VEHICLE-LIFE-CYCLE-MANAGEMENT-last-image-scaled.jpg\" class=\"attachment-full size-full wp-image-5018\" alt=\"\" srcset=\"https:\/\/arc-refuellers.be\/wp-content\/uploads\/2023\/06\/VEHICLE-LIFE-CYCLE-MANAGEMENT-last-image-scaled.jpg 2560w, https:\/\/arc-refuellers.be\/wp-content\/uploads\/2023\/06\/VEHICLE-LIFE-CYCLE-MANAGEMENT-last-image-768x410.jpg 768w, https:\/\/arc-refuellers.be\/wp-content\/uploads\/2023\/06\/VEHICLE-LIFE-CYCLE-MANAGEMENT-last-image-1536x819.jpg 1536w, https:\/\/arc-refuellers.be\/wp-content\/uploads\/2023\/06\/VEHICLE-LIFE-CYCLE-MANAGEMENT-last-image-2048x1092.jpg 2048w\" sizes=\"auto, (max-width: 2560px) 100vw, 2560px\" \/>\t\t\t\t\t\t\t\t\t\t\t\t\t\t\t<\/div>\n\t\t\t\t<\/div>\n\t\t\t\t\t<\/div>\n\t\t<\/div>\n\t\t\t\t\t<\/div>\n\t\t<\/section>\n\t\t\t\t\t<\/div>\n\t\t<\/div>\n\t\t\t\t\t<\/div>\n\t\t<\/section>\n\t\t\t\t<\/div>\n\t\t","protected":false},"excerpt":{"rendered":"<p>PRESTATIONS DE SERVICE Exploitation compl\u00e8te et int\u00e9gration dans les programmes d&rsquo;\u00e9quipement existants Nous concevons nos programmes pour tirer pleinement parti<\/p>\n","protected":false},"author":1,"featured_media":0,"parent":5229,"menu_order":0,"comment_status":"closed","ping_status":"closed","template":"","meta":{"footnotes":""},"class_list":["post-5239","page","type-page","status-publish","hentry"],"_links":{"self":[{"href":"https:\/\/arc-refuellers.be\/fr\/wp-json\/wp\/v2\/pages\/5239","targetHints":{"allow":["GET"]}}],"collection":[{"href":"https:\/\/arc-refuellers.be\/fr\/wp-json\/wp\/v2\/pages"}],"about":[{"href":"https:\/\/arc-refuellers.be\/fr\/wp-json\/wp\/v2\/types\/page"}],"author":[{"embeddable":true,"href":"https:\/\/arc-refuellers.be\/fr\/wp-json\/wp\/v2\/users\/1"}],"replies":[{"embeddable":true,"href":"https:\/\/arc-refuellers.be\/fr\/wp-json\/wp\/v2\/comments?post=5239"}],"version-history":[{"count":0,"href":"https:\/\/arc-refuellers.be\/fr\/wp-json\/wp\/v2\/pages\/5239\/revisions"}],"up":[{"embeddable":true,"href":"https:\/\/arc-refuellers.be\/fr\/wp-json\/wp\/v2\/pages\/5229"}],"wp:attachment":[{"href":"https:\/\/arc-refuellers.be\/fr\/wp-json\/wp\/v2\/media?parent=5239"}],"curies":[{"name":"wp","href":"https:\/\/api.w.org\/{rel}","templated":true}]}}