{"id":5229,"date":"2023-06-05T12:40:21","date_gmt":"2023-06-05T12:40:21","guid":{"rendered":"https:\/\/arc-refuellers.be\/services\/"},"modified":"2024-04-04T09:34:17","modified_gmt":"2024-04-04T09:34:17","slug":"services","status":"publish","type":"page","link":"https:\/\/arc-refuellers.be\/fr\/services\/","title":{"rendered":"Services"},"content":{"rendered":"\t\t<div data-elementor-type=\"wp-page\" data-elementor-id=\"5229\" class=\"elementor elementor-5229 elementor-327\">\n\t\t\t\t\t\t<section class=\"wd-negative-gap elementor-section elementor-top-section elementor-element elementor-element-93eb33b elementor-section-boxed elementor-section-height-default elementor-section-height-default\" data-id=\"93eb33b\" data-element_type=\"section\" data-e-type=\"section\">\n\t\t\t\t\t\t<div class=\"elementor-container elementor-column-gap-default\">\n\t\t\t\t\t<div class=\"elementor-column elementor-col-100 elementor-top-column elementor-element elementor-element-f9311c1\" data-id=\"f9311c1\" data-element_type=\"column\" data-e-type=\"column\">\n\t\t\t<div class=\"elementor-widget-wrap elementor-element-populated\">\n\t\t\t\t\t\t<div class=\"elementor-element elementor-element-6efd8c0 elementor-position-left elementor-vertical-align-top elementor-widget elementor-widget-image-box\" data-id=\"6efd8c0\" data-element_type=\"widget\" data-e-type=\"widget\" data-widget_type=\"image-box.default\">\n\t\t\t\t<div class=\"elementor-widget-container\">\n\t\t\t\t\t<div class=\"elementor-image-box-wrapper\"><figure class=\"elementor-image-box-img\"><a href=\"https:\/\/arc-refuellers.be\/fr\/services\/inspections\/\" tabindex=\"-1\"><img loading=\"lazy\" decoding=\"async\" width=\"767\" height=\"636\" src=\"https:\/\/arc-refuellers.be\/wp-content\/uploads\/2023\/06\/1111.jpeg\" class=\"attachment-full size-full wp-image-3164\" alt=\"Aircraft Refueling Vehicles Services\" \/><\/a><\/figure><div class=\"elementor-image-box-content\"><h3 class=\"elementor-image-box-title\"><a href=\"https:\/\/arc-refuellers.be\/fr\/services\/inspections\/\">CONTR\u00d4LES<\/a><\/h3><p class=\"elementor-image-box-description\">Des inspections r\u00e9guli\u00e8res et l'entretien connexe emp\u00eacheront les probl\u00e8mes mineurs de devenir des probl\u00e8mes majeurs et assureront la performance optimale de votre \u00e9quipement. ARC NV veille \u00e0 ce que les exigences\/sp\u00e9cifications r\u00e9glementaires soient en place pour les fr\u00e9quences et les techniques.\n<br><\/br>\n<button><a href=\"https:\/\/arc-refuellers.be\/fr\/services\/inspections\/\">EN SAVOIR PLUS<\/a><\/button><\/p><\/div><\/div>\t\t\t\t<\/div>\n\t\t\t\t<\/div>\n\t\t\t\t<div class=\"elementor-element elementor-element-24d4236 elementor-widget elementor-widget-spacer\" data-id=\"24d4236\" data-element_type=\"widget\" data-e-type=\"widget\" data-widget_type=\"spacer.default\">\n\t\t\t\t<div class=\"elementor-widget-container\">\n\t\t\t\t\t\t\t<div class=\"elementor-spacer\">\n\t\t\t<div class=\"elementor-spacer-inner\"><\/div>\n\t\t<\/div>\n\t\t\t\t\t\t<\/div>\n\t\t\t\t<\/div>\n\t\t\t\t<div class=\"elementor-element elementor-element-0e8f7c8 elementor-position-left elementor-vertical-align-top elementor-widget elementor-widget-image-box\" data-id=\"0e8f7c8\" data-element_type=\"widget\" data-e-type=\"widget\" data-widget_type=\"image-box.default\">\n\t\t\t\t<div class=\"elementor-widget-container\">\n\t\t\t\t\t<div class=\"elementor-image-box-wrapper\"><figure class=\"elementor-image-box-img\"><a href=\"https:\/\/arc-refuellers.be\/fr\/services\/maintenance-repairs\/\" tabindex=\"-1\"><img loading=\"lazy\" decoding=\"async\" width=\"1208\" height=\"900\" src=\"https:\/\/arc-refuellers.be\/wp-content\/uploads\/2023\/06\/19-e1686412040313.jpeg\" class=\"attachment-full size-full wp-image-3165\" alt=\"\" srcset=\"https:\/\/arc-refuellers.be\/wp-content\/uploads\/2023\/06\/19-e1686412040313.jpeg 1208w, https:\/\/arc-refuellers.be\/wp-content\/uploads\/2023\/06\/19-e1686412040313-768x572.jpeg 768w\" sizes=\"auto, (max-width: 1208px) 100vw, 1208px\" \/><\/a><\/figure><div class=\"elementor-image-box-content\"><h3 class=\"elementor-image-box-title\"><a href=\"https:\/\/arc-refuellers.be\/fr\/services\/maintenance-repairs\/\">ENTRETIEN ET R\u00c9PARATION<\/a><\/h3><p class=\"elementor-image-box-description\">En tant que partenaire professionnel pour tout ce qui concerne les v\u00e9hicules de ravitaillement en carburant pour l'aviation, ARC NV peut indiquer la solution el plus \u00e9conomique pour tout probl\u00e8me, quel que soit l'ampleur du d\u00e9fi. Les v\u00e9hicules utilitaires sont soumis \u00e0 des inspections annuelles selon les besoins, nos ing\u00e9nieurs d\u00e9di\u00e9s \u00e0 la qualit\u00e9 commerciale peuvent qualifier les composants de remplacement.\n<br><\/br>\n<button><a href=\"https:\/\/arc-refuellers.be\/fr\/services\/maintenance-repairs\/\">EN SAVOIR PLUS<\/a><\/button><\/p><\/div><\/div>\t\t\t\t<\/div>\n\t\t\t\t<\/div>\n\t\t\t\t<div class=\"elementor-element elementor-element-94b65b7 elementor-widget elementor-widget-spacer\" data-id=\"94b65b7\" data-element_type=\"widget\" data-e-type=\"widget\" data-widget_type=\"spacer.default\">\n\t\t\t\t<div class=\"elementor-widget-container\">\n\t\t\t\t\t\t\t<div class=\"elementor-spacer\">\n\t\t\t<div class=\"elementor-spacer-inner\"><\/div>\n\t\t<\/div>\n\t\t\t\t\t\t<\/div>\n\t\t\t\t<\/div>\n\t\t\t\t<div class=\"elementor-element elementor-element-49b575a elementor-position-left elementor-vertical-align-top elementor-widget elementor-widget-image-box\" data-id=\"49b575a\" data-element_type=\"widget\" data-e-type=\"widget\" data-widget_type=\"image-box.default\">\n\t\t\t\t<div class=\"elementor-widget-container\">\n\t\t\t\t\t<div class=\"elementor-image-box-wrapper\"><figure class=\"elementor-image-box-img\"><a href=\"https:\/\/arc-refuellers.be\/fr\/services\/vehicle-refurbishment\/\" tabindex=\"-1\"><img loading=\"lazy\" decoding=\"async\" width=\"1372\" height=\"900\" src=\"https:\/\/arc-refuellers.be\/wp-content\/uploads\/2023\/06\/PRODUCTS-REFUELLERS2-2-e1686412109322.jpeg\" class=\"attachment-full size-full wp-image-3269\" alt=\"\" srcset=\"https:\/\/arc-refuellers.be\/wp-content\/uploads\/2023\/06\/PRODUCTS-REFUELLERS2-2-e1686412109322.jpeg 1372w, https:\/\/arc-refuellers.be\/wp-content\/uploads\/2023\/06\/PRODUCTS-REFUELLERS2-2-e1686412109322-768x504.jpeg 768w\" sizes=\"auto, (max-width: 1372px) 100vw, 1372px\" \/><\/a><\/figure><div class=\"elementor-image-box-content\"><h3 class=\"elementor-image-box-title\"><a href=\"https:\/\/arc-refuellers.be\/fr\/services\/vehicle-refurbishment\/\">Remise \u00e0 neuf de v\u00e9hicules<\/a><\/h3><p class=\"elementor-image-box-description\">ARC NV est sp\u00e9cialis\u00e9e dans la gestion de projets d'ing\u00e9nierie, d'approvisionnement et de construction (EPC) de toutes tailles. En outre, l'entreprise s'assure que les sp\u00e9cifications de conception, de construction, de mis\u00e9 en service et de livraison des v\u00e9hicules.\n<br><\/br>\n<button><a href=\"https:\/\/arc-refuellers.be\/fr\/services\/vehicle-refurbishment\/\">EN SAVOIR PLUS<\/a><\/button><\/p><\/div><\/div>\t\t\t\t<\/div>\n\t\t\t\t<\/div>\n\t\t\t\t<div class=\"elementor-element elementor-element-29283f7 elementor-widget elementor-widget-spacer\" data-id=\"29283f7\" data-element_type=\"widget\" data-e-type=\"widget\" data-widget_type=\"spacer.default\">\n\t\t\t\t<div class=\"elementor-widget-container\">\n\t\t\t\t\t\t\t<div class=\"elementor-spacer\">\n\t\t\t<div class=\"elementor-spacer-inner\"><\/div>\n\t\t<\/div>\n\t\t\t\t\t\t<\/div>\n\t\t\t\t<\/div>\n\t\t\t\t<div class=\"elementor-element elementor-element-eccf976 elementor-position-left elementor-vertical-align-top elementor-widget elementor-widget-image-box\" data-id=\"eccf976\" data-element_type=\"widget\" data-e-type=\"widget\" data-widget_type=\"image-box.default\">\n\t\t\t\t<div class=\"elementor-widget-container\">\n\t\t\t\t\t<div class=\"elementor-image-box-wrapper\"><figure class=\"elementor-image-box-img\"><a href=\"https:\/\/arc-refuellers.be\/fr\/services\/vehicle-life-cycle-management\/\" tabindex=\"-1\"><img loading=\"lazy\" decoding=\"async\" width=\"2560\" height=\"1920\" src=\"https:\/\/arc-refuellers.be\/wp-content\/uploads\/2023\/06\/GTS-85.000L-scaled.jpg\" class=\"attachment-full size-full wp-image-3167\" alt=\"Aircraft Refuellers\" srcset=\"https:\/\/arc-refuellers.be\/wp-content\/uploads\/2023\/06\/GTS-85.000L-scaled.jpg 2560w, https:\/\/arc-refuellers.be\/wp-content\/uploads\/2023\/06\/GTS-85.000L-768x576.jpg 768w, https:\/\/arc-refuellers.be\/wp-content\/uploads\/2023\/06\/GTS-85.000L-1536x1152.jpg 1536w, https:\/\/arc-refuellers.be\/wp-content\/uploads\/2023\/06\/GTS-85.000L-2048x1536.jpg 2048w, https:\/\/arc-refuellers.be\/wp-content\/uploads\/2023\/06\/elementor\/thumbs\/GTS-85.000L-scaled-q7munjx72zd1zmvlilu7o5gqg2jjqxq5ntk1et0kay.jpg 300w\" sizes=\"auto, (max-width: 2560px) 100vw, 2560px\" \/><\/a><\/figure><div class=\"elementor-image-box-content\"><h3 class=\"elementor-image-box-title\"><a href=\"https:\/\/arc-refuellers.be\/fr\/services\/vehicle-life-cycle-management\/\">Gestion du cycle de vie des v\u00e9hicules<\/a><\/h3><p class=\"elementor-image-box-description\">Nous concevons nos programmes pour tirer pleinement parti et s'int\u00e9grer aux programmes, processus et proc\u00e9dures d'\u00e9quipement existants. En cons\u00e9quence, nous r\u00e9pondons plus efficacement aux exigences de protection et r\u00e9glementaires ad\u00e9quates, et offrons des opportunit\u00e9s de r\u00e9duire les co\u00fbts d'\u00e9quipement op\u00e9rationnels en cours.\n<br><\/br>\n<button><a href=\"https:\/\/arc-refuellers.be\/fr\/services\/vehicle-life-cycle-management\/\">EN SAVOIR PLUS<\/a><\/button>\n<\/p><\/div><\/div>\t\t\t\t<\/div>\n\t\t\t\t<\/div>\n\t\t\t\t\t<\/div>\n\t\t<\/div>\n\t\t\t\t\t<\/div>\n\t\t<\/section>\n\t\t\t\t<\/div>\n\t\t","protected":false},"excerpt":{"rendered":"<p>CONTR\u00d4LES Des inspections r\u00e9guli\u00e8res et l&rsquo;entretien connexe emp\u00eacheront les probl\u00e8mes mineurs de devenir des probl\u00e8mes majeurs et assureront la performance<\/p>\n","protected":false},"author":1,"featured_media":0,"parent":0,"menu_order":0,"comment_status":"closed","ping_status":"closed","template":"","meta":{"footnotes":""},"class_list":["post-5229","page","type-page","status-publish","hentry"],"_links":{"self":[{"href":"https:\/\/arc-refuellers.be\/fr\/wp-json\/wp\/v2\/pages\/5229","targetHints":{"allow":["GET"]}}],"collection":[{"href":"https:\/\/arc-refuellers.be\/fr\/wp-json\/wp\/v2\/pages"}],"about":[{"href":"https:\/\/arc-refuellers.be\/fr\/wp-json\/wp\/v2\/types\/page"}],"author":[{"embeddable":true,"href":"https:\/\/arc-refuellers.be\/fr\/wp-json\/wp\/v2\/users\/1"}],"replies":[{"embeddable":true,"href":"https:\/\/arc-refuellers.be\/fr\/wp-json\/wp\/v2\/comments?post=5229"}],"version-history":[{"count":0,"href":"https:\/\/arc-refuellers.be\/fr\/wp-json\/wp\/v2\/pages\/5229\/revisions"}],"wp:attachment":[{"href":"https:\/\/arc-refuellers.be\/fr\/wp-json\/wp\/v2\/media?parent=5229"}],"curies":[{"name":"wp","href":"https:\/\/api.w.org\/{rel}","templated":true}]}}