{"id":5221,"date":"2023-06-06T15:18:55","date_gmt":"2023-06-06T15:18:55","guid":{"rendered":"https:\/\/arc-refuellers.be\/products\/distributeurs\/"},"modified":"2026-04-03T13:02:21","modified_gmt":"2026-04-03T13:02:21","slug":"dispensers","status":"publish","type":"page","link":"https:\/\/arc-refuellers.be\/fr\/products\/dispensers\/","title":{"rendered":"Distributeurs"},"content":{"rendered":"\t\t<div data-elementor-type=\"wp-page\" data-elementor-id=\"5221\" class=\"elementor elementor-5221 elementor-560\">\n\t\t\t\t\t\t<section class=\"wd-negative-gap elementor-section elementor-top-section elementor-element elementor-element-8772ee1 elementor-section-boxed elementor-section-height-default elementor-section-height-default\" data-id=\"8772ee1\" data-element_type=\"section\" data-e-type=\"section\">\n\t\t\t\t\t\t<div class=\"elementor-container elementor-column-gap-default\">\n\t\t\t\t\t<div class=\"elementor-column elementor-col-100 elementor-top-column elementor-element elementor-element-a003e0f\" data-id=\"a003e0f\" data-element_type=\"column\" data-e-type=\"column\">\n\t\t\t<div class=\"elementor-widget-wrap elementor-element-populated\">\n\t\t\t\t\t\t<section class=\"wd-negative-gap elementor-section elementor-inner-section elementor-element elementor-element-61dac5b elementor-section-content-middle elementor-section-boxed elementor-section-height-default elementor-section-height-default\" data-id=\"61dac5b\" data-element_type=\"section\" data-e-type=\"section\">\n\t\t\t\t\t\t<div class=\"elementor-container elementor-column-gap-default\">\n\t\t\t\t\t<div class=\"elementor-column elementor-col-50 elementor-inner-column elementor-element elementor-element-f38dcd6\" data-id=\"f38dcd6\" data-element_type=\"column\" data-e-type=\"column\">\n\t\t\t<div class=\"elementor-widget-wrap elementor-element-populated\">\n\t\t\t\t\t\t<div class=\"elementor-element elementor-element-cbb0734 elementor-widget elementor-widget-spacer\" data-id=\"cbb0734\" data-element_type=\"widget\" data-e-type=\"widget\" data-widget_type=\"spacer.default\">\n\t\t\t\t<div class=\"elementor-widget-container\">\n\t\t\t\t\t\t\t<div class=\"elementor-spacer\">\n\t\t\t<div class=\"elementor-spacer-inner\"><\/div>\n\t\t<\/div>\n\t\t\t\t\t\t<\/div>\n\t\t\t\t<\/div>\n\t\t\t\t<div class=\"elementor-element elementor-element-3790dc1 elementor-invisible elementor-widget elementor-widget-heading\" data-id=\"3790dc1\" data-element_type=\"widget\" data-e-type=\"widget\" data-settings=\"{&quot;_animation&quot;:&quot;fadeInUp&quot;}\" data-widget_type=\"heading.default\">\n\t\t\t\t<div class=\"elementor-widget-container\">\n\t\t\t\t\t<h4 class=\"elementor-heading-title elementor-size-default\">PRODUITS <\/h4>\t\t\t\t<\/div>\n\t\t\t\t<\/div>\n\t\t\t\t<div class=\"elementor-element elementor-element-0e2d55e elementor-invisible elementor-widget elementor-widget-heading\" data-id=\"0e2d55e\" data-element_type=\"widget\" data-e-type=\"widget\" data-settings=\"{&quot;_animation&quot;:&quot;fadeInUp&quot;}\" data-widget_type=\"heading.default\">\n\t\t\t\t<div class=\"elementor-widget-container\">\n\t\t\t\t\t<h2 class=\"elementor-heading-title elementor-size-default\">Normes de construction<\/h2>\t\t\t\t<\/div>\n\t\t\t\t<\/div>\n\t\t\t\t<div class=\"elementor-element elementor-element-6d98cca elementor-widget-mobile__width-initial color-scheme-inherit text-left elementor-invisible elementor-widget elementor-widget-text-editor\" data-id=\"6d98cca\" data-element_type=\"widget\" data-e-type=\"widget\" data-settings=\"{&quot;_animation&quot;:&quot;fadeInUp&quot;}\" data-widget_type=\"text-editor.default\">\n\t\t\t\t<div class=\"elementor-widget-container\">\n\t\t\t\t\t\t\t\t\t<p>La d\u00e9finition des sp\u00e9cifications des distributeurs d&rsquo;hydrant, la taille de la tuyauterie d&rsquo;hydrant, le nombre et la capacit\u00e9 des pompes d&rsquo;hydrant sont des activit\u00e9s cruciales.<\/p>\n<p>ARC NV con\u00e7oit des v\u00e9hicules sur la base de dessins approuv\u00e9s comprenant, &#8211; un organigramme, une disposition g\u00e9n\u00e9rale, un panneau de ravitaillement en carburant et une zone dangereuse. Comprendre toutes les facettes d&rsquo;installations de ravitaillement en carburant efficaces et fiables gr\u00e2ce \u00e0 une sensibilisation compl\u00e8te \u00e0 l&rsquo;int\u00e9grit\u00e9 des actifs est essentiel pour les op\u00e9rations a\u00e9roportuaires.<\/p>\n\t\t\t\t\t\t\t\t<\/div>\n\t\t\t\t<\/div>\n\t\t\t\t<div class=\"elementor-element elementor-element-48788d8 elementor-widget elementor-widget-spacer\" data-id=\"48788d8\" data-element_type=\"widget\" data-e-type=\"widget\" data-widget_type=\"spacer.default\">\n\t\t\t\t<div class=\"elementor-widget-container\">\n\t\t\t\t\t\t\t<div class=\"elementor-spacer\">\n\t\t\t<div class=\"elementor-spacer-inner\"><\/div>\n\t\t<\/div>\n\t\t\t\t\t\t<\/div>\n\t\t\t\t<\/div>\n\t\t\t\t\t<\/div>\n\t\t<\/div>\n\t\t\t\t<div class=\"elementor-column elementor-col-50 elementor-inner-column elementor-element elementor-element-da67943\" data-id=\"da67943\" data-element_type=\"column\" data-e-type=\"column\">\n\t\t\t<div class=\"elementor-widget-wrap elementor-element-populated\">\n\t\t\t\t\t\t<div class=\"elementor-element elementor-element-9a5dba4 elementor-invisible elementor-widget elementor-widget-image\" data-id=\"9a5dba4\" data-element_type=\"widget\" data-e-type=\"widget\" data-settings=\"{&quot;_animation&quot;:&quot;fadeInDown&quot;}\" data-widget_type=\"image.default\">\n\t\t\t\t<div class=\"elementor-widget-container\">\n\t\t\t\t\t\t\t\t\t\t\t\t\t\t\t\t<a href=\"https:\/\/arc-refuellers.be\/wp-content\/uploads\/2023\/07\/Dispenser-ARC-FR.png\" data-elementor-open-lightbox=\"yes\" data-elementor-lightbox-title=\"Dispenser ARC - FR\" data-elementor-lightbox-description=\"\u00a9 Ahmed M. Hatem. All rights reserved. Registration No.: 30707944425\" data-e-action-hash=\"#elementor-action%3Aaction%3Dlightbox%26settings%3DeyJpZCI6NTU3MCwidXJsIjoiaHR0cHM6XC9cL2FyYy1yZWZ1ZWxsZXJzLmJlXC93cC1jb250ZW50XC91cGxvYWRzXC8yMDIzXC8wN1wvRGlzcGVuc2VyLUFSQy1GUi5wbmcifQ%3D%3D\">\n\t\t\t\t\t\t\t<img loading=\"lazy\" decoding=\"async\" width=\"4958\" height=\"3506\" src=\"https:\/\/arc-refuellers.be\/wp-content\/uploads\/2023\/07\/Dispenser-ARC-FR.png\" class=\"attachment-full size-full wp-image-5570\" alt=\"\u00a9 Ahmed M. Hatem. All rights reserved. Registration No.: 30707944425\" srcset=\"https:\/\/arc-refuellers.be\/wp-content\/uploads\/2023\/07\/Dispenser-ARC-FR.png 4958w, https:\/\/arc-refuellers.be\/wp-content\/uploads\/2023\/07\/Dispenser-ARC-FR-768x543.png 768w, https:\/\/arc-refuellers.be\/wp-content\/uploads\/2023\/07\/Dispenser-ARC-FR-1536x1086.png 1536w, https:\/\/arc-refuellers.be\/wp-content\/uploads\/2023\/07\/Dispenser-ARC-FR-2048x1448.png 2048w\" sizes=\"auto, (max-width: 4958px) 100vw, 4958px\" \/>\t\t\t\t\t\t\t\t<\/a>\n\t\t\t\t\t\t\t\t\t\t\t\t\t\t\t<\/div>\n\t\t\t\t<\/div>\n\t\t\t\t\t<\/div>\n\t\t<\/div>\n\t\t\t\t\t<\/div>\n\t\t<\/section>\n\t\t\t\t\t<\/div>\n\t\t<\/div>\n\t\t\t\t\t<\/div>\n\t\t<\/section>\n\t\t\t\t<section class=\"wd-negative-gap elementor-section elementor-top-section elementor-element elementor-element-72232de wd-section-stretch elementor-section-boxed elementor-section-height-default elementor-section-height-default\" data-id=\"72232de\" data-element_type=\"section\" data-e-type=\"section\" data-settings=\"{&quot;background_background&quot;:&quot;classic&quot;}\">\n\t\t\t\t\t\t<div class=\"elementor-container elementor-column-gap-default\">\n\t\t\t\t\t<div class=\"elementor-column elementor-col-100 elementor-top-column elementor-element elementor-element-9c5a1c2\" data-id=\"9c5a1c2\" data-element_type=\"column\" data-e-type=\"column\">\n\t\t\t<div class=\"elementor-widget-wrap elementor-element-populated\">\n\t\t\t\t\t\t<section class=\"wd-negative-gap elementor-section elementor-inner-section elementor-element elementor-element-12c91bf elementor-section-content-middle elementor-section-boxed elementor-section-height-default elementor-section-height-default\" data-id=\"12c91bf\" data-element_type=\"section\" data-e-type=\"section\">\n\t\t\t\t\t\t<div class=\"elementor-container elementor-column-gap-default\">\n\t\t\t\t\t<div class=\"elementor-column elementor-col-50 elementor-inner-column elementor-element elementor-element-2750db5\" data-id=\"2750db5\" data-element_type=\"column\" data-e-type=\"column\">\n\t\t\t<div class=\"elementor-widget-wrap elementor-element-populated\">\n\t\t\t\t\t\t<div class=\"elementor-element elementor-element-3e941c1 elementor-widget elementor-widget-spacer\" data-id=\"3e941c1\" data-element_type=\"widget\" data-e-type=\"widget\" data-widget_type=\"spacer.default\">\n\t\t\t\t<div class=\"elementor-widget-container\">\n\t\t\t\t\t\t\t<div class=\"elementor-spacer\">\n\t\t\t<div class=\"elementor-spacer-inner\"><\/div>\n\t\t<\/div>\n\t\t\t\t\t\t<\/div>\n\t\t\t\t<\/div>\n\t\t\t\t<div class=\"elementor-element elementor-element-8ec53a4 elementor-invisible elementor-widget elementor-widget-heading\" data-id=\"8ec53a4\" data-element_type=\"widget\" data-e-type=\"widget\" data-settings=\"{&quot;_animation&quot;:&quot;fadeInUp&quot;}\" data-widget_type=\"heading.default\">\n\t\t\t\t<div class=\"elementor-widget-container\">\n\t\t\t\t\t<h4 class=\"elementor-heading-title elementor-size-default\">EXIGENCES OP\u00c9RATIONNELLES DES DISTRIBUTEURS<\/h4>\t\t\t\t<\/div>\n\t\t\t\t<\/div>\n\t\t\t\t<div class=\"elementor-element elementor-element-0342a9c elementor-invisible elementor-widget elementor-widget-heading\" data-id=\"0342a9c\" data-element_type=\"widget\" data-e-type=\"widget\" data-settings=\"{&quot;_animation&quot;:&quot;fadeInUp&quot;}\" data-widget_type=\"heading.default\">\n\t\t\t\t<div class=\"elementor-widget-container\">\n\t\t\t\t\t<h2 class=\"elementor-heading-title elementor-size-default\">D\u00e9bit Jusqu'\u00e0 4000 L\/M<\/h2>\t\t\t\t<\/div>\n\t\t\t\t<\/div>\n\t\t\t\t<div class=\"elementor-element elementor-element-52d2071 elementor-widget__width-initial color-scheme-inherit text-left elementor-invisible elementor-widget elementor-widget-text-editor\" data-id=\"52d2071\" data-element_type=\"widget\" data-e-type=\"widget\" data-settings=\"{&quot;_animation&quot;:&quot;fadeInUp&quot;}\" data-widget_type=\"text-editor.default\">\n\t\t\t\t<div class=\"elementor-widget-container\">\n\t\t\t\t\t\t\t\t\t<p>Les distributeurs de bouche d&rsquo;incendie sont con\u00e7us et construits avec une plate-forme \u00e9l\u00e9vatrice pour permettre \u00e0 l&rsquo;op\u00e9rateur d&rsquo;atteindre les raccords de carburant sous les ailes.<\/p>\n<p>Ces distributeurs peuvent \u00e9galement effectuer un ravitaillement \u00e0 distance, ce qui se produit g\u00e9n\u00e9ralement sur les avions \u00e0 ailes basses, que le distributeur ne peut pas garer pour s&rsquo;adapter \u00e0 ce type de ravitaillement. En plus des tuyaux de pont, le distributeur dispose d&rsquo;un tuyau d\u00e9vidoir mont\u00e9 sur le ch\u00e2ssis.<\/p>\n<p>Les distributeurs de bouche d&rsquo;incendie sont construits et con\u00e7us pour s&rsquo;adapter au d\u00e9bit et aux pressions du syst\u00e8me de bouche d&rsquo;incendie. Nous tenons \u00e9galement compte de la taille et des exigences de soul\u00e8vement de l&rsquo;avion qui aura besoin de carburant dans la conception. Celles-ci varient typiquement de 1500 litres par minute \u00e0 4000 litres par minute.<\/p>\n\t\t\t\t\t\t\t\t<\/div>\n\t\t\t\t<\/div>\n\t\t\t\t<div class=\"elementor-element elementor-element-bf215bb elementor-widget elementor-widget-spacer\" data-id=\"bf215bb\" data-element_type=\"widget\" data-e-type=\"widget\" data-widget_type=\"spacer.default\">\n\t\t\t\t<div class=\"elementor-widget-container\">\n\t\t\t\t\t\t\t<div class=\"elementor-spacer\">\n\t\t\t<div class=\"elementor-spacer-inner\"><\/div>\n\t\t<\/div>\n\t\t\t\t\t\t<\/div>\n\t\t\t\t<\/div>\n\t\t\t\t\t<\/div>\n\t\t<\/div>\n\t\t\t\t<div class=\"elementor-column elementor-col-50 elementor-inner-column elementor-element elementor-element-3d0ade5\" data-id=\"3d0ade5\" data-element_type=\"column\" data-e-type=\"column\">\n\t\t\t<div class=\"elementor-widget-wrap elementor-element-populated\">\n\t\t\t\t\t\t<div class=\"elementor-element elementor-element-63e57a3 elementor-invisible elementor-widget elementor-widget-image\" data-id=\"63e57a3\" data-element_type=\"widget\" data-e-type=\"widget\" data-settings=\"{&quot;_animation&quot;:&quot;fadeInDown&quot;}\" data-widget_type=\"image.default\">\n\t\t\t\t<div class=\"elementor-widget-container\">\n\t\t\t\t\t\t\t\t\t\t\t\t\t\t\t<img loading=\"lazy\" decoding=\"async\" width=\"2560\" height=\"1920\" src=\"https:\/\/arc-refuellers.be\/wp-content\/uploads\/2023\/06\/DSCN0736-scaled.jpg\" class=\"attachment-full size-full wp-image-4756\" alt=\"Aircraft Refueling Hydrant Dispensers\" srcset=\"https:\/\/arc-refuellers.be\/wp-content\/uploads\/2023\/06\/DSCN0736-scaled.jpg 2560w, https:\/\/arc-refuellers.be\/wp-content\/uploads\/2023\/06\/DSCN0736-768x576.jpg 768w, https:\/\/arc-refuellers.be\/wp-content\/uploads\/2023\/06\/DSCN0736-1536x1152.jpg 1536w, https:\/\/arc-refuellers.be\/wp-content\/uploads\/2023\/06\/DSCN0736-2048x1536.jpg 2048w\" sizes=\"auto, (max-width: 2560px) 100vw, 2560px\" \/>\t\t\t\t\t\t\t\t\t\t\t\t\t\t\t<\/div>\n\t\t\t\t<\/div>\n\t\t\t\t\t<\/div>\n\t\t<\/div>\n\t\t\t\t\t<\/div>\n\t\t<\/section>\n\t\t\t\t\t<\/div>\n\t\t<\/div>\n\t\t\t\t\t<\/div>\n\t\t<\/section>\n\t\t\t\t<section class=\"wd-negative-gap elementor-section elementor-top-section elementor-element elementor-element-6455f22 elementor-section-boxed elementor-section-height-default elementor-section-height-default\" data-id=\"6455f22\" data-element_type=\"section\" data-e-type=\"section\">\n\t\t\t\t\t\t<div class=\"elementor-container elementor-column-gap-default\">\n\t\t\t\t\t<div class=\"elementor-column elementor-col-100 elementor-top-column elementor-element elementor-element-ed6c918\" data-id=\"ed6c918\" data-element_type=\"column\" data-e-type=\"column\">\n\t\t\t<div class=\"elementor-widget-wrap elementor-element-populated\">\n\t\t\t\t\t\t<div class=\"elementor-element elementor-element-6b45362 elementor-widget__width-initial elementor-invisible elementor-widget elementor-widget-heading\" data-id=\"6b45362\" data-element_type=\"widget\" data-e-type=\"widget\" data-settings=\"{&quot;_animation&quot;:&quot;fadeInUp&quot;}\" data-widget_type=\"heading.default\">\n\t\t\t\t<div class=\"elementor-widget-container\">\n\t\t\t\t\t<h2 class=\"elementor-heading-title elementor-size-default\">L'\u00e9quipement du distributeur comprend les pi\u00e8ces de base suivantes<\/h2>\t\t\t\t<\/div>\n\t\t\t\t<\/div>\n\t\t\t\t<div class=\"elementor-element elementor-element-0f03b6d elementor-widget elementor-widget-spacer\" data-id=\"0f03b6d\" data-element_type=\"widget\" data-e-type=\"widget\" data-widget_type=\"spacer.default\">\n\t\t\t\t<div class=\"elementor-widget-container\">\n\t\t\t\t\t\t\t<div class=\"elementor-spacer\">\n\t\t\t<div class=\"elementor-spacer-inner\"><\/div>\n\t\t<\/div>\n\t\t\t\t\t\t<\/div>\n\t\t\t\t<\/div>\n\t\t\t\t\t<\/div>\n\t\t<\/div>\n\t\t\t\t\t<\/div>\n\t\t<\/section>\n\t\t\t\t<section class=\"wd-negative-gap elementor-section elementor-top-section elementor-element elementor-element-7b3ba04 elementor-section-boxed elementor-section-height-default elementor-section-height-default\" data-id=\"7b3ba04\" data-element_type=\"section\" data-e-type=\"section\">\n\t\t\t\t\t\t<div class=\"elementor-container elementor-column-gap-default\">\n\t\t\t\t\t<div class=\"elementor-column elementor-col-33 elementor-top-column elementor-element elementor-element-e68490a\" data-id=\"e68490a\" data-element_type=\"column\" data-e-type=\"column\">\n\t\t\t<div class=\"elementor-widget-wrap elementor-element-populated\">\n\t\t\t\t\t\t<div class=\"elementor-element elementor-element-8da677e elementor-widget elementor-widget-wd_image_or_svg\" data-id=\"8da677e\" data-element_type=\"widget\" data-e-type=\"widget\" data-widget_type=\"wd_image_or_svg.default\">\n\t\t\t\t<div class=\"elementor-widget-container\">\n\t\t\t\t\t\n\t\t<div class=\"wd-image text-left photoswipe-images\">\n\t\t\t\t\t\t\t<a  href=\"https:\/\/arc-refuellers.be\/wp-content\/uploads\/2023\/06\/IMG_3392-scaled.jpg\"data-width=\"2560\" data-height=\"1920\" data-elementor-open-lightbox=\"no\" aria-label=\"Image link\">\n\t\t\t\t\t\t\t\t<img loading=\"lazy\" decoding=\"async\" width=\"500\" height=\"300\" src=\"https:\/\/arc-refuellers.be\/wp-content\/uploads\/2023\/06\/IMG_3392-scaled-500x300.jpg\" class=\"attachment-500x300 size-500x300\" alt=\"\" \/>\t\t\t\t\t\t\t<\/a>\n\t\t\t\t\t<\/div>\n\n\t\t\t\t\t\t<\/div>\n\t\t\t\t<\/div>\n\t\t\t\t<div class=\"elementor-element elementor-element-bcbe3f5 color-scheme-inherit text-left elementor-invisible elementor-widget elementor-widget-text-editor\" data-id=\"bcbe3f5\" data-element_type=\"widget\" data-e-type=\"widget\" data-settings=\"{&quot;_animation&quot;:&quot;fadeInUp&quot;}\" data-widget_type=\"text-editor.default\">\n\t\t\t\t<div class=\"elementor-widget-container\">\n\t\t\t\t\t\t\t\t\t<ul>\n<li>Couplage d&rsquo;entr\u00e9e (incorporant une fonction d&rsquo;homme mort)<\/li>\n<li>Tuyau d&rsquo;admission<\/li>\n<li>Filtration<\/li>\n<li>M\u00e8tre<\/li>\n<li>Vannes de compteur<\/li>\n<\/ul>\n\t\t\t\t\t\t\t\t<\/div>\n\t\t\t\t<\/div>\n\t\t\t\t\t<\/div>\n\t\t<\/div>\n\t\t\t\t<div class=\"elementor-column elementor-col-33 elementor-top-column elementor-element elementor-element-0c8d328\" data-id=\"0c8d328\" data-element_type=\"column\" data-e-type=\"column\">\n\t\t\t<div class=\"elementor-widget-wrap elementor-element-populated\">\n\t\t\t\t\t\t<div class=\"elementor-element elementor-element-87519d2 elementor-widget elementor-widget-wd_image_or_svg\" data-id=\"87519d2\" data-element_type=\"widget\" data-e-type=\"widget\" data-widget_type=\"wd_image_or_svg.default\">\n\t\t\t\t<div class=\"elementor-widget-container\">\n\t\t\t\t\t\n\t\t<div class=\"wd-image text-left photoswipe-images\">\n\t\t\t\t\t\t\t<a  href=\"https:\/\/arc-refuellers.be\/wp-content\/uploads\/2023\/06\/Dispenser-2.jpg\"data-width=\"1965\" data-height=\"1197\" data-elementor-open-lightbox=\"no\" aria-label=\"Image link\">\n\t\t\t\t\t\t\t\t<img loading=\"lazy\" decoding=\"async\" width=\"500\" height=\"300\" src=\"https:\/\/arc-refuellers.be\/wp-content\/uploads\/2023\/06\/Dispenser-2-500x300.jpg\" class=\"attachment-500x300 size-500x300\" alt=\"\" \/>\t\t\t\t\t\t\t<\/a>\n\t\t\t\t\t<\/div>\n\n\t\t\t\t\t\t<\/div>\n\t\t\t\t<\/div>\n\t\t\t\t<div class=\"elementor-element elementor-element-b94ace4 color-scheme-inherit text-left elementor-invisible elementor-widget elementor-widget-text-editor\" data-id=\"b94ace4\" data-element_type=\"widget\" data-e-type=\"widget\" data-settings=\"{&quot;_animation&quot;:&quot;fadeInUp&quot;}\" data-widget_type=\"text-editor.default\">\n\t\t\t\t<div class=\"elementor-widget-container\">\n\t\t\t\t\t\t\t\t\t<ul>\n<li>Buses<\/li>\n<li>\u00c9quipement d&rsquo;\u00e9chantillonnage<\/li>\n<li>Syst\u00e8mes de d\u00e9charge de pression et thermique<\/li>\n<li>Syst\u00e8me d&rsquo;homme mort<\/li>\n<li>Poste de contr\u00f4le<\/li>\n<li>Plate-forme \u00e9l\u00e9vatrice<\/li>\n<\/ul>\n\t\t\t\t\t\t\t\t<\/div>\n\t\t\t\t<\/div>\n\t\t\t\t\t<\/div>\n\t\t<\/div>\n\t\t\t\t<div class=\"elementor-column elementor-col-33 elementor-top-column elementor-element elementor-element-7423fe9\" data-id=\"7423fe9\" data-element_type=\"column\" data-e-type=\"column\">\n\t\t\t<div class=\"elementor-widget-wrap elementor-element-populated\">\n\t\t\t\t\t\t<div class=\"elementor-element elementor-element-ce8d944 elementor-widget elementor-widget-wd_image_or_svg\" data-id=\"ce8d944\" data-element_type=\"widget\" data-e-type=\"widget\" data-widget_type=\"wd_image_or_svg.default\">\n\t\t\t\t<div class=\"elementor-widget-container\">\n\t\t\t\t\t\n\t\t<div class=\"wd-image text-left photoswipe-images\">\n\t\t\t\t\t\t\t<a  href=\"https:\/\/arc-refuellers.be\/wp-content\/uploads\/2023\/06\/GTS-Dispenser-2-scaled.jpg\"data-width=\"2560\" data-height=\"1920\" data-elementor-open-lightbox=\"no\" aria-label=\"Image link\">\n\t\t\t\t\t\t\t\t<img loading=\"lazy\" decoding=\"async\" width=\"500\" height=\"300\" src=\"https:\/\/arc-refuellers.be\/wp-content\/uploads\/2023\/06\/GTS-Dispenser-2-scaled-500x300.jpg\" class=\"attachment-500x300 size-500x300\" alt=\"\" \/>\t\t\t\t\t\t\t<\/a>\n\t\t\t\t\t<\/div>\n\n\t\t\t\t\t\t<\/div>\n\t\t\t\t<\/div>\n\t\t\t\t<div class=\"elementor-element elementor-element-bb9ab7d color-scheme-inherit text-left elementor-invisible elementor-widget elementor-widget-text-editor\" data-id=\"bb9ab7d\" data-element_type=\"widget\" data-e-type=\"widget\" data-settings=\"{&quot;_animation&quot;:&quot;fadeInUp&quot;}\" data-widget_type=\"text-editor.default\">\n\t\t\t\t<div class=\"elementor-widget-container\">\n\t\t\t\t\t\t\t\t\t<ul>\n<li>Enrouleurs de tuyau<\/li>\n<li>Tuyaux<\/li>\n<li>\u00c9quipement de contr\u00f4le de la pression<\/li>\n<li>\u00c9lectricit\u00e9<\/li>\n<li>Pneumatique<\/li>\n<li>Des dispositifs de s\u00e9curit\u00e9<\/li>\n<\/ul>\n\t\t\t\t\t\t\t\t<\/div>\n\t\t\t\t<\/div>\n\t\t\t\t\t<\/div>\n\t\t<\/div>\n\t\t\t\t\t<\/div>\n\t\t<\/section>\n\t\t\t\t<section class=\"wd-negative-gap elementor-section elementor-top-section elementor-element elementor-element-32fa48f elementor-section-boxed elementor-section-height-default elementor-section-height-default\" data-id=\"32fa48f\" data-element_type=\"section\" data-e-type=\"section\">\n\t\t\t\t\t\t<div class=\"elementor-container elementor-column-gap-default\">\n\t\t\t\t\t<div class=\"elementor-column elementor-col-100 elementor-top-column elementor-element elementor-element-261c384\" data-id=\"261c384\" data-element_type=\"column\" data-e-type=\"column\">\n\t\t\t<div class=\"elementor-widget-wrap elementor-element-populated\">\n\t\t\t\t\t\t<section class=\"wd-negative-gap elementor-section elementor-inner-section elementor-element elementor-element-01b99e2 elementor-section-content-middle elementor-section-boxed elementor-section-height-default elementor-section-height-default\" data-id=\"01b99e2\" data-element_type=\"section\" data-e-type=\"section\">\n\t\t\t\t\t\t<div class=\"elementor-container elementor-column-gap-default\">\n\t\t\t\t\t<div class=\"elementor-column elementor-col-50 elementor-inner-column elementor-element elementor-element-60158e8\" data-id=\"60158e8\" data-element_type=\"column\" data-e-type=\"column\">\n\t\t\t<div class=\"elementor-widget-wrap elementor-element-populated\">\n\t\t\t\t\t\t<div class=\"elementor-element elementor-element-2a05549 elementor-widget__width-initial elementor-invisible elementor-widget elementor-widget-heading\" data-id=\"2a05549\" data-element_type=\"widget\" data-e-type=\"widget\" data-settings=\"{&quot;_animation&quot;:&quot;fadeInUp&quot;}\" data-widget_type=\"heading.default\">\n\t\t\t\t<div class=\"elementor-widget-container\">\n\t\t\t\t\t<h1 class=\"elementor-heading-title elementor-size-small\">Configuration de l'\u00e9quipement<br><\/h1>\t\t\t\t<\/div>\n\t\t\t\t<\/div>\n\t\t\t\t<div class=\"elementor-element elementor-element-32885cf elementor-widget elementor-widget-spacer\" data-id=\"32885cf\" data-element_type=\"widget\" data-e-type=\"widget\" data-widget_type=\"spacer.default\">\n\t\t\t\t<div class=\"elementor-widget-container\">\n\t\t\t\t\t\t\t<div class=\"elementor-spacer\">\n\t\t\t<div class=\"elementor-spacer-inner\"><\/div>\n\t\t<\/div>\n\t\t\t\t\t\t<\/div>\n\t\t\t\t<\/div>\n\t\t\t\t<div class=\"elementor-element elementor-element-c27893b elementor-widget-mobile__width-initial color-scheme-inherit text-left elementor-invisible elementor-widget elementor-widget-text-editor\" data-id=\"c27893b\" data-element_type=\"widget\" data-e-type=\"widget\" data-settings=\"{&quot;_animation&quot;:&quot;fadeInUp&quot;}\" data-widget_type=\"text-editor.default\">\n\t\t\t\t<div class=\"elementor-widget-container\">\n\t\t\t\t\t\t\t\t\t<p>ARC NV L&rsquo;ing\u00e9nierie et la construction de distributeurs de ravitaillement \/ bouche d&rsquo;incendie se concentrent sur les priorit\u00e9s les plus \u00e9lev\u00e9es des opportunit\u00e9s de performance en veillant \u00e0 ce que toute la port\u00e9e de l&rsquo;OEM soit mise en \u0153uvre de mani\u00e8re efficace et rentable, en veillant \u00e0 ce que les exigences op\u00e9rationnelles soient satisfaites.<\/p>\n\t\t\t\t\t\t\t\t<\/div>\n\t\t\t\t<\/div>\n\t\t\t\t\t<\/div>\n\t\t<\/div>\n\t\t\t\t<div class=\"elementor-column elementor-col-50 elementor-inner-column elementor-element elementor-element-f772520\" data-id=\"f772520\" data-element_type=\"column\" data-e-type=\"column\">\n\t\t\t<div class=\"elementor-widget-wrap elementor-element-populated\">\n\t\t\t\t\t\t<div class=\"elementor-element elementor-element-9272234 elementor-invisible elementor-widget elementor-widget-image\" data-id=\"9272234\" data-element_type=\"widget\" data-e-type=\"widget\" data-settings=\"{&quot;_animation&quot;:&quot;fadeInDown&quot;}\" data-widget_type=\"image.default\">\n\t\t\t\t<div class=\"elementor-widget-container\">\n\t\t\t\t\t\t\t\t\t\t\t\t\t\t\t<img loading=\"lazy\" decoding=\"async\" width=\"1545\" height=\"784\" src=\"https:\/\/arc-refuellers.be\/wp-content\/uploads\/2023\/06\/IMGP2824-1.jpg\" class=\"attachment-full size-full wp-image-5040\" alt=\"\" srcset=\"https:\/\/arc-refuellers.be\/wp-content\/uploads\/2023\/06\/IMGP2824-1.jpg 1545w, https:\/\/arc-refuellers.be\/wp-content\/uploads\/2023\/06\/IMGP2824-1-768x390.jpg 768w, https:\/\/arc-refuellers.be\/wp-content\/uploads\/2023\/06\/IMGP2824-1-1536x779.jpg 1536w\" sizes=\"auto, (max-width: 1545px) 100vw, 1545px\" \/>\t\t\t\t\t\t\t\t\t\t\t\t\t\t\t<\/div>\n\t\t\t\t<\/div>\n\t\t\t\t\t<\/div>\n\t\t<\/div>\n\t\t\t\t\t<\/div>\n\t\t<\/section>\n\t\t\t\t\t<\/div>\n\t\t<\/div>\n\t\t\t\t\t<\/div>\n\t\t<\/section>\n\t\t\t\t<\/div>\n\t\t","protected":false},"excerpt":{"rendered":"<p>PRODUITS Normes de construction La d\u00e9finition des sp\u00e9cifications des distributeurs d&rsquo;hydrant, la taille de la tuyauterie d&rsquo;hydrant, le nombre et<\/p>\n","protected":false},"author":1,"featured_media":0,"parent":5209,"menu_order":0,"comment_status":"closed","ping_status":"closed","template":"","meta":{"footnotes":""},"class_list":["post-5221","page","type-page","status-publish","hentry"],"_links":{"self":[{"href":"https:\/\/arc-refuellers.be\/fr\/wp-json\/wp\/v2\/pages\/5221","targetHints":{"allow":["GET"]}}],"collection":[{"href":"https:\/\/arc-refuellers.be\/fr\/wp-json\/wp\/v2\/pages"}],"about":[{"href":"https:\/\/arc-refuellers.be\/fr\/wp-json\/wp\/v2\/types\/page"}],"author":[{"embeddable":true,"href":"https:\/\/arc-refuellers.be\/fr\/wp-json\/wp\/v2\/users\/1"}],"replies":[{"embeddable":true,"href":"https:\/\/arc-refuellers.be\/fr\/wp-json\/wp\/v2\/comments?post=5221"}],"version-history":[{"count":3,"href":"https:\/\/arc-refuellers.be\/fr\/wp-json\/wp\/v2\/pages\/5221\/revisions"}],"predecessor-version":[{"id":8480,"href":"https:\/\/arc-refuellers.be\/fr\/wp-json\/wp\/v2\/pages\/5221\/revisions\/8480"}],"up":[{"embeddable":true,"href":"https:\/\/arc-refuellers.be\/fr\/wp-json\/wp\/v2\/pages\/5209"}],"wp:attachment":[{"href":"https:\/\/arc-refuellers.be\/fr\/wp-json\/wp\/v2\/media?parent=5221"}],"curies":[{"name":"wp","href":"https:\/\/api.w.org\/{rel}","templated":true}]}}