{"id":5217,"date":"2023-06-06T15:18:55","date_gmt":"2023-06-06T15:18:55","guid":{"rendered":"https:\/\/arc-refuellers.be\/products\/refuellers\/"},"modified":"2026-04-03T13:05:13","modified_gmt":"2026-04-03T13:05:13","slug":"refuellers","status":"publish","type":"page","link":"https:\/\/arc-refuellers.be\/fr\/products\/refuellers\/","title":{"rendered":"Ravitailleurs"},"content":{"rendered":"\t\t<div data-elementor-type=\"wp-page\" data-elementor-id=\"5217\" class=\"elementor elementor-5217 elementor-559\">\n\t\t\t\t\t\t<section class=\"wd-negative-gap elementor-section elementor-top-section elementor-element elementor-element-ec63566 elementor-section-boxed elementor-section-height-default elementor-section-height-default\" data-id=\"ec63566\" data-element_type=\"section\" data-e-type=\"section\">\n\t\t\t\t\t\t<div class=\"elementor-container elementor-column-gap-default\">\n\t\t\t\t\t<div class=\"elementor-column elementor-col-100 elementor-top-column elementor-element elementor-element-6111ff7\" data-id=\"6111ff7\" data-element_type=\"column\" data-e-type=\"column\">\n\t\t\t<div class=\"elementor-widget-wrap elementor-element-populated\">\n\t\t\t\t\t\t<section class=\"wd-negative-gap elementor-section elementor-inner-section elementor-element elementor-element-b092dc7 elementor-section-content-middle elementor-section-boxed elementor-section-height-default elementor-section-height-default\" data-id=\"b092dc7\" data-element_type=\"section\" data-e-type=\"section\">\n\t\t\t\t\t\t<div class=\"elementor-container elementor-column-gap-default\">\n\t\t\t\t\t<div class=\"elementor-column elementor-col-50 elementor-inner-column elementor-element elementor-element-387bbd2\" data-id=\"387bbd2\" data-element_type=\"column\" data-e-type=\"column\">\n\t\t\t<div class=\"elementor-widget-wrap elementor-element-populated\">\n\t\t\t\t\t\t<div class=\"elementor-element elementor-element-94de222 elementor-widget elementor-widget-spacer\" data-id=\"94de222\" data-element_type=\"widget\" data-e-type=\"widget\" data-widget_type=\"spacer.default\">\n\t\t\t\t<div class=\"elementor-widget-container\">\n\t\t\t\t\t\t\t<div class=\"elementor-spacer\">\n\t\t\t<div class=\"elementor-spacer-inner\"><\/div>\n\t\t<\/div>\n\t\t\t\t\t\t<\/div>\n\t\t\t\t<\/div>\n\t\t\t\t<div class=\"elementor-element elementor-element-26002ba elementor-invisible elementor-widget elementor-widget-heading\" data-id=\"26002ba\" data-element_type=\"widget\" data-e-type=\"widget\" data-settings=\"{&quot;_animation&quot;:&quot;fadeInUp&quot;}\" data-widget_type=\"heading.default\">\n\t\t\t\t<div class=\"elementor-widget-container\">\n\t\t\t\t\t<h4 class=\"elementor-heading-title elementor-size-default\">PRODUITS <\/h4>\t\t\t\t<\/div>\n\t\t\t\t<\/div>\n\t\t\t\t<div class=\"elementor-element elementor-element-2e2fd0f elementor-invisible elementor-widget elementor-widget-heading\" data-id=\"2e2fd0f\" data-element_type=\"widget\" data-e-type=\"widget\" data-settings=\"{&quot;_animation&quot;:&quot;fadeInUp&quot;}\" data-widget_type=\"heading.default\">\n\t\t\t\t<div class=\"elementor-widget-container\">\n\t\t\t\t\t<h2 class=\"elementor-heading-title elementor-size-default\">Normes de construction<\/h2>\t\t\t\t<\/div>\n\t\t\t\t<\/div>\n\t\t\t\t<div class=\"elementor-element elementor-element-c4dad76 color-scheme-inherit text-left elementor-invisible elementor-widget elementor-widget-text-editor\" data-id=\"c4dad76\" data-element_type=\"widget\" data-e-type=\"widget\" data-settings=\"{&quot;_animation&quot;:&quot;fadeInUp&quot;}\" data-widget_type=\"text-editor.default\">\n\t\t\t\t<div class=\"elementor-widget-container\">\n\t\t\t\t\t\t\t\t\t<p>ARV SA con\u00e7oit et construit des camions avitailleurs (y compris des ravitailleurs rigides et articul\u00e9s\/semi-remorques).<\/p>\n<p>ARC SA g\u00e8re l&rsquo;int\u00e9grit\u00e9 des syst\u00e8mes d&rsquo;exploitation par le biais de principes de conception, d&rsquo;ing\u00e9nierie et de pratiques d&rsquo;exploitation qui se concentrent sur les priorit\u00e9s les plus \u00e9lev\u00e9es et les opportunit\u00e9s de performance.<\/p>\n<p>Nous veillons \u00e0 ce que la port\u00e9e compl\u00e8te de l&rsquo;OEM soit ad\u00e9quate et utilis\u00e9e par chacune des recommandations du fabricant du composant pour fournir les exigences de performance comme demand\u00e9 dans les pr\u00e9sentes et les normes de meilleures pratiques de l&rsquo;industrie.<\/p>\n\t\t\t\t\t\t\t\t<\/div>\n\t\t\t\t<\/div>\n\t\t\t\t\t<\/div>\n\t\t<\/div>\n\t\t\t\t<div class=\"elementor-column elementor-col-50 elementor-inner-column elementor-element elementor-element-15f9218\" data-id=\"15f9218\" data-element_type=\"column\" data-e-type=\"column\">\n\t\t\t<div class=\"elementor-widget-wrap elementor-element-populated\">\n\t\t\t\t\t\t<div class=\"elementor-element elementor-element-ba38823 elementor-invisible elementor-widget elementor-widget-image\" data-id=\"ba38823\" data-element_type=\"widget\" data-e-type=\"widget\" data-settings=\"{&quot;_animation&quot;:&quot;fadeInDown&quot;}\" data-widget_type=\"image.default\">\n\t\t\t\t<div class=\"elementor-widget-container\">\n\t\t\t\t\t\t\t\t\t\t\t\t\t\t\t\t<a href=\"https:\/\/arc-refuellers.be\/wp-content\/uploads\/2023\/07\/REFUELLER-ARC-FR.png\" data-elementor-open-lightbox=\"yes\" data-elementor-lightbox-title=\"REFUELLER ARC - FR\" data-elementor-lightbox-description=\"\u00a9 Ahmed M. Hatem. All rights reserved. Registration No.: 30707944425\" data-e-action-hash=\"#elementor-action%3Aaction%3Dlightbox%26settings%3DeyJpZCI6NTU3NiwidXJsIjoiaHR0cHM6XC9cL2FyYy1yZWZ1ZWxsZXJzLmJlXC93cC1jb250ZW50XC91cGxvYWRzXC8yMDIzXC8wN1wvUkVGVUVMTEVSLUFSQy1GUi5wbmcifQ%3D%3D\">\n\t\t\t\t\t\t\t<img loading=\"lazy\" decoding=\"async\" width=\"4887\" height=\"3416\" src=\"https:\/\/arc-refuellers.be\/wp-content\/uploads\/2023\/07\/REFUELLER-ARC-FR.png\" class=\"attachment-full size-full wp-image-5576\" alt=\"\u00a9 Ahmed M. Hatem. All rights reserved. Registration No.: 30707944425\" srcset=\"https:\/\/arc-refuellers.be\/wp-content\/uploads\/2023\/07\/REFUELLER-ARC-FR.png 4887w, https:\/\/arc-refuellers.be\/wp-content\/uploads\/2023\/07\/REFUELLER-ARC-FR-768x537.png 768w, https:\/\/arc-refuellers.be\/wp-content\/uploads\/2023\/07\/REFUELLER-ARC-FR-1536x1074.png 1536w, https:\/\/arc-refuellers.be\/wp-content\/uploads\/2023\/07\/REFUELLER-ARC-FR-2048x1432.png 2048w\" sizes=\"auto, (max-width: 4887px) 100vw, 4887px\" \/>\t\t\t\t\t\t\t\t<\/a>\n\t\t\t\t\t\t\t\t\t\t\t\t\t\t\t<\/div>\n\t\t\t\t<\/div>\n\t\t\t\t\t<\/div>\n\t\t<\/div>\n\t\t\t\t\t<\/div>\n\t\t<\/section>\n\t\t\t\t\t<\/div>\n\t\t<\/div>\n\t\t\t\t\t<\/div>\n\t\t<\/section>\n\t\t\t\t<section class=\"wd-negative-gap elementor-section elementor-top-section elementor-element elementor-element-12bf014 wd-section-stretch elementor-section-boxed elementor-section-height-default elementor-section-height-default\" data-id=\"12bf014\" data-element_type=\"section\" data-e-type=\"section\" data-settings=\"{&quot;background_background&quot;:&quot;classic&quot;}\">\n\t\t\t\t\t\t<div class=\"elementor-container elementor-column-gap-default\">\n\t\t\t\t\t<div class=\"elementor-column elementor-col-100 elementor-top-column elementor-element elementor-element-a7a6bf6\" data-id=\"a7a6bf6\" data-element_type=\"column\" data-e-type=\"column\">\n\t\t\t<div class=\"elementor-widget-wrap elementor-element-populated\">\n\t\t\t\t\t\t<section class=\"wd-negative-gap elementor-section elementor-inner-section elementor-element elementor-element-dd57b8d elementor-section-content-middle elementor-section-boxed elementor-section-height-default elementor-section-height-default\" data-id=\"dd57b8d\" data-element_type=\"section\" data-e-type=\"section\">\n\t\t\t\t\t\t<div class=\"elementor-container elementor-column-gap-default\">\n\t\t\t\t\t<div class=\"elementor-column elementor-col-50 elementor-inner-column elementor-element elementor-element-11dc9cd\" data-id=\"11dc9cd\" data-element_type=\"column\" data-e-type=\"column\">\n\t\t\t<div class=\"elementor-widget-wrap elementor-element-populated\">\n\t\t\t\t\t\t<div class=\"elementor-element elementor-element-2a9a19e elementor-invisible elementor-widget elementor-widget-heading\" data-id=\"2a9a19e\" data-element_type=\"widget\" data-e-type=\"widget\" data-settings=\"{&quot;_animation&quot;:&quot;fadeInUp&quot;}\" data-widget_type=\"heading.default\">\n\t\t\t\t<div class=\"elementor-widget-container\">\n\t\t\t\t\t<h4 class=\"elementor-heading-title elementor-size-default\">EXIGENCES OP\u00c9RATIONNELLES DES AVOCATEURS<\/h4>\t\t\t\t<\/div>\n\t\t\t\t<\/div>\n\t\t\t\t<div class=\"elementor-element elementor-element-6888ee3 elementor-invisible elementor-widget elementor-widget-heading\" data-id=\"6888ee3\" data-element_type=\"widget\" data-e-type=\"widget\" data-settings=\"{&quot;_animation&quot;:&quot;fadeInUp&quot;}\" data-widget_type=\"heading.default\">\n\t\t\t\t<div class=\"elementor-widget-container\">\n\t\t\t\t\t<h2 class=\"elementor-heading-title elementor-size-default\">Diff\u00e9rentes capacit\u00e9s de r\u00e9servoir<br>D\u00e9bit jusqu'\u00e0 3900L\/M<\/h2>\t\t\t\t<\/div>\n\t\t\t\t<\/div>\n\t\t\t\t<div class=\"elementor-element elementor-element-6193afe color-scheme-inherit text-left elementor-invisible elementor-widget elementor-widget-text-editor\" data-id=\"6193afe\" data-element_type=\"widget\" data-e-type=\"widget\" data-settings=\"{&quot;_animation&quot;:&quot;fadeInUp&quot;}\" data-widget_type=\"text-editor.default\">\n\t\t\t\t<div class=\"elementor-widget-container\">\n\t\t\t\t\t\t\t\t\t<p>Les camions avitailleurs mobiles ont g\u00e9n\u00e9ralement des capacit\u00e9s allant jusqu&rsquo;\u00e0 environ 85 m3 et sont utilis\u00e9s pour ravitailler toutes les tailles d&rsquo;avions. Les plus gros ravitailleurs ont g\u00e9n\u00e9ralement une conception \u00e0 profil bas qui leur permet de s&rsquo;installer sous l&rsquo;aile d&rsquo;a\u00e9ronefs sp\u00e9cifi\u00e9s. Ils ont \u00e9galement une plate-forme \u00e9l\u00e9vatrice pour permettre \u00e0 l&rsquo;op\u00e9rateur d&rsquo;atteindre les raccords de carburant sous les ailes pour d\u00e9marrer le carburant pomp\u00e9 \u00e0 travers l&rsquo;\u00e9quipement de distribution int\u00e9gr\u00e9 du ravitailleur sur les r\u00e9servoirs de l&rsquo;avion.<\/p>\n<p>Les taux de pompage varieront m\u00eame en fonction des exigences de conception. Ces d\u00e9bits peuvent \u00eatre aussi bas que 100 litres par minute pour le ravitaillement en carburant des petits avions AVGAS. En outre, ils peuvent atteindre 3000 litres par minute pour ravitailler le plus gros avion commercial JET A-1.<\/p>\n<p>Lorsque les v\u00e9hicules contiennent un \u00e9quipement avec deux flexibles courts pour un fonctionnement sous les ailes, les d\u00e9bits plus \u00e9lev\u00e9s peuvent atteindre en toute s\u00e9curit\u00e9 jusqu&rsquo;\u00e0 3 900 litres par minute dans un total de deux flexibles courts, et un seul m\u00e8tre desservant les deux flexibles est acceptable.<\/p>\n\t\t\t\t\t\t\t\t<\/div>\n\t\t\t\t<\/div>\n\t\t\t\t<div class=\"elementor-element elementor-element-f09f606 elementor-widget elementor-widget-spacer\" data-id=\"f09f606\" data-element_type=\"widget\" data-e-type=\"widget\" data-widget_type=\"spacer.default\">\n\t\t\t\t<div class=\"elementor-widget-container\">\n\t\t\t\t\t\t\t<div class=\"elementor-spacer\">\n\t\t\t<div class=\"elementor-spacer-inner\"><\/div>\n\t\t<\/div>\n\t\t\t\t\t\t<\/div>\n\t\t\t\t<\/div>\n\t\t\t\t\t<\/div>\n\t\t<\/div>\n\t\t\t\t<div class=\"elementor-column elementor-col-50 elementor-inner-column elementor-element elementor-element-cfaab5c\" data-id=\"cfaab5c\" data-element_type=\"column\" data-e-type=\"column\">\n\t\t\t<div class=\"elementor-widget-wrap elementor-element-populated\">\n\t\t\t\t\t\t<div class=\"elementor-element elementor-element-a4fbcd3 elementor-invisible elementor-widget elementor-widget-image\" data-id=\"a4fbcd3\" data-element_type=\"widget\" data-e-type=\"widget\" data-settings=\"{&quot;_animation&quot;:&quot;fadeInDown&quot;}\" data-widget_type=\"image.default\">\n\t\t\t\t<div class=\"elementor-widget-container\">\n\t\t\t\t\t\t\t\t\t\t\t\t\t\t\t<img loading=\"lazy\" decoding=\"async\" width=\"2560\" height=\"1920\" src=\"https:\/\/arc-refuellers.be\/wp-content\/uploads\/2023\/06\/GTS-85.000L-1-scaled.jpg\" class=\"attachment-full size-full wp-image-5034\" alt=\"Aircraft Refuellers\" srcset=\"https:\/\/arc-refuellers.be\/wp-content\/uploads\/2023\/06\/GTS-85.000L-1-scaled.jpg 2560w, https:\/\/arc-refuellers.be\/wp-content\/uploads\/2023\/06\/GTS-85.000L-1-768x576.jpg 768w, https:\/\/arc-refuellers.be\/wp-content\/uploads\/2023\/06\/GTS-85.000L-1-1536x1152.jpg 1536w, https:\/\/arc-refuellers.be\/wp-content\/uploads\/2023\/06\/GTS-85.000L-1-2048x1536.jpg 2048w\" sizes=\"auto, (max-width: 2560px) 100vw, 2560px\" \/>\t\t\t\t\t\t\t\t\t\t\t\t\t\t\t<\/div>\n\t\t\t\t<\/div>\n\t\t\t\t\t<\/div>\n\t\t<\/div>\n\t\t\t\t\t<\/div>\n\t\t<\/section>\n\t\t\t\t\t<\/div>\n\t\t<\/div>\n\t\t\t\t\t<\/div>\n\t\t<\/section>\n\t\t\t\t<section class=\"wd-negative-gap elementor-section elementor-top-section elementor-element elementor-element-ba86d64 elementor-section-boxed elementor-section-height-default elementor-section-height-default\" data-id=\"ba86d64\" data-element_type=\"section\" data-e-type=\"section\">\n\t\t\t\t\t\t<div class=\"elementor-container elementor-column-gap-default\">\n\t\t\t\t\t<div class=\"elementor-column elementor-col-100 elementor-top-column elementor-element elementor-element-678262c\" data-id=\"678262c\" data-element_type=\"column\" data-e-type=\"column\">\n\t\t\t<div class=\"elementor-widget-wrap elementor-element-populated\">\n\t\t\t\t\t\t<div class=\"elementor-element elementor-element-cda32bb elementor-invisible elementor-widget elementor-widget-heading\" data-id=\"cda32bb\" data-element_type=\"widget\" data-e-type=\"widget\" data-settings=\"{&quot;_animation&quot;:&quot;fadeInUp&quot;}\" data-widget_type=\"heading.default\">\n\t\t\t\t<div class=\"elementor-widget-container\">\n\t\t\t\t\t<h2 class=\"elementor-heading-title elementor-size-default\">Un camions avitailleurs a les pi\u00e8ces de base suivantes<\/h2>\t\t\t\t<\/div>\n\t\t\t\t<\/div>\n\t\t\t\t\t<\/div>\n\t\t<\/div>\n\t\t\t\t\t<\/div>\n\t\t<\/section>\n\t\t\t\t<section class=\"wd-negative-gap elementor-section elementor-top-section elementor-element elementor-element-05242be elementor-section-boxed elementor-section-height-default elementor-section-height-default\" data-id=\"05242be\" data-element_type=\"section\" data-e-type=\"section\">\n\t\t\t\t\t\t<div class=\"elementor-container elementor-column-gap-default\">\n\t\t\t\t\t<div class=\"elementor-column elementor-col-33 elementor-top-column elementor-element elementor-element-96491ba\" data-id=\"96491ba\" data-element_type=\"column\" data-e-type=\"column\">\n\t\t\t<div class=\"elementor-widget-wrap elementor-element-populated\">\n\t\t\t\t\t\t<div class=\"elementor-element elementor-element-df38b58 elementor-widget elementor-widget-wd_image_or_svg\" data-id=\"df38b58\" data-element_type=\"widget\" data-e-type=\"widget\" data-widget_type=\"wd_image_or_svg.default\">\n\t\t\t\t<div class=\"elementor-widget-container\">\n\t\t\t\t\t\n\t\t<div class=\"wd-image text-left\">\n\t\t\t\t\t\t\t\t<img loading=\"lazy\" decoding=\"async\" width=\"1600\" height=\"900\" src=\"https:\/\/arc-refuellers.be\/wp-content\/uploads\/2023\/06\/PRODUCTS-REFUELLERS1.jpeg\" class=\"attachment-full size-full\" alt=\"\" srcset=\"https:\/\/arc-refuellers.be\/wp-content\/uploads\/2023\/06\/PRODUCTS-REFUELLERS1.jpeg 1600w, https:\/\/arc-refuellers.be\/wp-content\/uploads\/2023\/06\/PRODUCTS-REFUELLERS1-768x432.jpeg 768w, https:\/\/arc-refuellers.be\/wp-content\/uploads\/2023\/06\/PRODUCTS-REFUELLERS1-1536x864.jpeg 1536w\" sizes=\"auto, (max-width: 1600px) 100vw, 1600px\" \/>\t\t\t\t\t<\/div>\n\n\t\t\t\t\t\t<\/div>\n\t\t\t\t<\/div>\n\t\t\t\t<div class=\"elementor-element elementor-element-05e89f0 color-scheme-inherit text-left elementor-invisible elementor-widget elementor-widget-text-editor\" data-id=\"05e89f0\" data-element_type=\"widget\" data-e-type=\"widget\" data-settings=\"{&quot;_animation&quot;:&quot;fadeInUp&quot;}\" data-widget_type=\"text-editor.default\">\n\t\t\t\t<div class=\"elementor-widget-container\">\n\t\t\t\t\t\t\t\t\t<ul>\n<li>Raccords de r\u00e9servoir<\/li>\n<li>Clapets de pied<\/li>\n<li>Chargement par le bas et arr\u00eat automatique de haut niveau<\/li>\n<li>Pompe<\/li>\n<li>Syst\u00e8me d&rsquo;homme mort<\/li>\n<li>Filtration<\/li>\n<li>M\u00e8tre<\/li>\n<li>Vannes de compteur<\/li>\n<\/ul>\n\t\t\t\t\t\t\t\t<\/div>\n\t\t\t\t<\/div>\n\t\t\t\t\t<\/div>\n\t\t<\/div>\n\t\t\t\t<div class=\"elementor-column elementor-col-33 elementor-top-column elementor-element elementor-element-ca2ef27\" data-id=\"ca2ef27\" data-element_type=\"column\" data-e-type=\"column\">\n\t\t\t<div class=\"elementor-widget-wrap elementor-element-populated\">\n\t\t\t\t\t\t<div class=\"elementor-element elementor-element-aa9b891 elementor-widget elementor-widget-wd_image_or_svg\" data-id=\"aa9b891\" data-element_type=\"widget\" data-e-type=\"widget\" data-widget_type=\"wd_image_or_svg.default\">\n\t\t\t\t<div class=\"elementor-widget-container\">\n\t\t\t\t\t\n\t\t<div class=\"wd-image text-left\">\n\t\t\t\t\t\t\t\t<img loading=\"lazy\" decoding=\"async\" width=\"2560\" height=\"1440\" src=\"https:\/\/arc-refuellers.be\/wp-content\/uploads\/2023\/06\/IMG_0773-scaled.jpg\" class=\"attachment-full size-full\" alt=\"\" srcset=\"https:\/\/arc-refuellers.be\/wp-content\/uploads\/2023\/06\/IMG_0773-scaled.jpg 2560w, https:\/\/arc-refuellers.be\/wp-content\/uploads\/2023\/06\/IMG_0773-768x432.jpg 768w, https:\/\/arc-refuellers.be\/wp-content\/uploads\/2023\/06\/IMG_0773-1536x864.jpg 1536w, https:\/\/arc-refuellers.be\/wp-content\/uploads\/2023\/06\/IMG_0773-2048x1152.jpg 2048w\" sizes=\"auto, (max-width: 2560px) 100vw, 2560px\" \/>\t\t\t\t\t<\/div>\n\n\t\t\t\t\t\t<\/div>\n\t\t\t\t<\/div>\n\t\t\t\t<div class=\"elementor-element elementor-element-6edb084 color-scheme-inherit text-left elementor-invisible elementor-widget elementor-widget-text-editor\" data-id=\"6edb084\" data-element_type=\"widget\" data-e-type=\"widget\" data-settings=\"{&quot;_animation&quot;:&quot;fadeInUp&quot;}\" data-widget_type=\"text-editor.default\">\n\t\t\t\t<div class=\"elementor-widget-container\">\n\t\t\t\t\t\t\t\t\t<ul>\n<li>Enrouleurs de tuyau<\/li>\n<li>Points de test de pression de tuyau<\/li>\n<li>Conduite d&rsquo;aspiration externe<\/li>\n<li>Syst\u00e8me de freinage pour installer le syst\u00e8me de verrouillage<\/li>\n<li>Conduites de vidange<\/li>\n<li>Conduite d&rsquo;aspiration de remorque<\/li>\n<li>Poste de contr\u00f4le<\/li>\n<li>Plate-forme \u00e9l\u00e9vatrice<\/li>\n<\/ul>\n\t\t\t\t\t\t\t\t<\/div>\n\t\t\t\t<\/div>\n\t\t\t\t\t<\/div>\n\t\t<\/div>\n\t\t\t\t<div class=\"elementor-column elementor-col-33 elementor-top-column elementor-element elementor-element-88d0145\" data-id=\"88d0145\" data-element_type=\"column\" data-e-type=\"column\">\n\t\t\t<div class=\"elementor-widget-wrap elementor-element-populated\">\n\t\t\t\t\t\t<div class=\"elementor-element elementor-element-621bfde elementor-widget elementor-widget-wd_image_or_svg\" data-id=\"621bfde\" data-element_type=\"widget\" data-e-type=\"widget\" data-widget_type=\"wd_image_or_svg.default\">\n\t\t\t\t<div class=\"elementor-widget-container\">\n\t\t\t\t\t\n\t\t<div class=\"wd-image text-left\">\n\t\t\t\t\t\t\t\t<img loading=\"lazy\" decoding=\"async\" width=\"1600\" height=\"900\" src=\"https:\/\/arc-refuellers.be\/wp-content\/uploads\/2023\/06\/PRODUCTS-REFUELLERS2.jpeg\" class=\"attachment-full size-full\" alt=\"\" srcset=\"https:\/\/arc-refuellers.be\/wp-content\/uploads\/2023\/06\/PRODUCTS-REFUELLERS2.jpeg 1600w, https:\/\/arc-refuellers.be\/wp-content\/uploads\/2023\/06\/PRODUCTS-REFUELLERS2-768x432.jpeg 768w, https:\/\/arc-refuellers.be\/wp-content\/uploads\/2023\/06\/PRODUCTS-REFUELLERS2-1536x864.jpeg 1536w\" sizes=\"auto, (max-width: 1600px) 100vw, 1600px\" \/>\t\t\t\t\t<\/div>\n\n\t\t\t\t\t\t<\/div>\n\t\t\t\t<\/div>\n\t\t\t\t<div class=\"elementor-element elementor-element-6958f7a color-scheme-inherit text-left elementor-invisible elementor-widget elementor-widget-text-editor\" data-id=\"6958f7a\" data-element_type=\"widget\" data-e-type=\"widget\" data-settings=\"{&quot;_animation&quot;:&quot;fadeInUp&quot;}\" data-widget_type=\"text-editor.default\">\n\t\t\t\t<div class=\"elementor-widget-container\">\n\t\t\t\t\t\t\t\t\t<ul>\r\n \t<li>Tuyaux de livraison<\/li>\r\n \t<li>\u00c9quipement de contr\u00f4le de la pression<\/li>\r\n \t<li>Buses<\/li>\r\n \t<li>\u00c9quipement d&rsquo;\u00e9chantillonnage<\/li>\r\n \t<li>Syst\u00e8mes de d\u00e9charge de pression et thermique<\/li>\r\n \t<li>\u00c9lectricit\u00e9<\/li>\r\n \t<li>Pneumatique<\/li>\r\n \t<li>Des dispositifs de s\u00e9curit\u00e9<\/li>\r\n<\/ul>\t\t\t\t\t\t\t\t<\/div>\n\t\t\t\t<\/div>\n\t\t\t\t\t<\/div>\n\t\t<\/div>\n\t\t\t\t\t<\/div>\n\t\t<\/section>\n\t\t\t\t<section class=\"wd-negative-gap elementor-section elementor-top-section elementor-element elementor-element-126b361 elementor-section-boxed elementor-section-height-default elementor-section-height-default\" data-id=\"126b361\" data-element_type=\"section\" data-e-type=\"section\">\n\t\t\t\t\t\t<div class=\"elementor-container elementor-column-gap-default\">\n\t\t\t\t\t<div class=\"elementor-column elementor-col-100 elementor-top-column elementor-element elementor-element-4272bdc\" data-id=\"4272bdc\" data-element_type=\"column\" data-e-type=\"column\">\n\t\t\t<div class=\"elementor-widget-wrap elementor-element-populated\">\n\t\t\t\t\t\t<section class=\"wd-negative-gap elementor-section elementor-inner-section elementor-element elementor-element-1034968 elementor-section-content-middle elementor-section-boxed elementor-section-height-default elementor-section-height-default\" data-id=\"1034968\" data-element_type=\"section\" data-e-type=\"section\">\n\t\t\t\t\t\t<div class=\"elementor-container elementor-column-gap-default\">\n\t\t\t\t\t<div class=\"elementor-column elementor-col-50 elementor-inner-column elementor-element elementor-element-fcdda75\" data-id=\"fcdda75\" data-element_type=\"column\" data-e-type=\"column\">\n\t\t\t<div class=\"elementor-widget-wrap elementor-element-populated\">\n\t\t\t\t\t\t<div class=\"elementor-element elementor-element-b3dec6b elementor-widget__width-initial elementor-invisible elementor-widget elementor-widget-heading\" data-id=\"b3dec6b\" data-element_type=\"widget\" data-e-type=\"widget\" data-settings=\"{&quot;_animation&quot;:&quot;fadeInUp&quot;}\" data-widget_type=\"heading.default\">\n\t\t\t\t<div class=\"elementor-widget-container\">\n\t\t\t\t\t<h1 class=\"elementor-heading-title elementor-size-small\">Configuration de l'\u00e9quipement<br><\/h1>\t\t\t\t<\/div>\n\t\t\t\t<\/div>\n\t\t\t\t<div class=\"elementor-element elementor-element-ca31e90 elementor-widget elementor-widget-spacer\" data-id=\"ca31e90\" data-element_type=\"widget\" data-e-type=\"widget\" data-widget_type=\"spacer.default\">\n\t\t\t\t<div class=\"elementor-widget-container\">\n\t\t\t\t\t\t\t<div class=\"elementor-spacer\">\n\t\t\t<div class=\"elementor-spacer-inner\"><\/div>\n\t\t<\/div>\n\t\t\t\t\t\t<\/div>\n\t\t\t\t<\/div>\n\t\t\t\t<div class=\"elementor-element elementor-element-4642dc7 elementor-widget-mobile__width-initial color-scheme-inherit text-left elementor-invisible elementor-widget elementor-widget-text-editor\" data-id=\"4642dc7\" data-element_type=\"widget\" data-e-type=\"widget\" data-settings=\"{&quot;_animation&quot;:&quot;fadeInUp&quot;}\" data-widget_type=\"text-editor.default\">\n\t\t\t\t<div class=\"elementor-widget-container\">\n\t\t\t\t\t\t\t\t\t<p>Les camions de ravitaillement d&rsquo;avions n\u00e9cessitent des syst\u00e8mes de s\u00e9curit\u00e9 suppl\u00e9mentaires par rapport aux autres camions standard. En cons\u00e9quence, le d\u00e9veloppement de la conception d&rsquo;ARC NV est toujours soumis \u00e0 une \u00e9valuation HAZOP et des risques \u00e0 jour qui valide les garanties pour assurer la s\u00e9curit\u00e9, la fiabilit\u00e9 et un fonctionnement \u00e0 s\u00e9curit\u00e9 int\u00e9gr\u00e9e.<\/p>\n\t\t\t\t\t\t\t\t<\/div>\n\t\t\t\t<\/div>\n\t\t\t\t\t<\/div>\n\t\t<\/div>\n\t\t\t\t<div class=\"elementor-column elementor-col-50 elementor-inner-column elementor-element elementor-element-62e8dfd\" data-id=\"62e8dfd\" data-element_type=\"column\" data-e-type=\"column\">\n\t\t\t<div class=\"elementor-widget-wrap elementor-element-populated\">\n\t\t\t\t\t\t<div class=\"elementor-element elementor-element-126cd26 elementor-invisible elementor-widget elementor-widget-image\" data-id=\"126cd26\" data-element_type=\"widget\" data-e-type=\"widget\" data-settings=\"{&quot;_animation&quot;:&quot;fadeInDown&quot;}\" data-widget_type=\"image.default\">\n\t\t\t\t<div class=\"elementor-widget-container\">\n\t\t\t\t\t\t\t\t\t\t\t\t\t\t\t<img loading=\"lazy\" decoding=\"async\" width=\"1440\" height=\"705\" src=\"https:\/\/arc-refuellers.be\/wp-content\/uploads\/2023\/06\/refueller-arc-nv.jpg\" class=\"attachment-full size-full wp-image-5038\" alt=\"\" srcset=\"https:\/\/arc-refuellers.be\/wp-content\/uploads\/2023\/06\/refueller-arc-nv.jpg 1440w, https:\/\/arc-refuellers.be\/wp-content\/uploads\/2023\/06\/refueller-arc-nv-768x376.jpg 768w\" sizes=\"auto, (max-width: 1440px) 100vw, 1440px\" \/>\t\t\t\t\t\t\t\t\t\t\t\t\t\t\t<\/div>\n\t\t\t\t<\/div>\n\t\t\t\t\t<\/div>\n\t\t<\/div>\n\t\t\t\t\t<\/div>\n\t\t<\/section>\n\t\t\t\t\t<\/div>\n\t\t<\/div>\n\t\t\t\t\t<\/div>\n\t\t<\/section>\n\t\t\t\t<\/div>\n\t\t","protected":false},"excerpt":{"rendered":"<p>PRODUITS Normes de construction ARV SA con\u00e7oit et construit des camions avitailleurs (y compris des ravitailleurs rigides et articul\u00e9s\/semi-remorques). ARC<\/p>\n","protected":false},"author":1,"featured_media":0,"parent":5209,"menu_order":0,"comment_status":"closed","ping_status":"closed","template":"","meta":{"footnotes":""},"class_list":["post-5217","page","type-page","status-publish","hentry"],"_links":{"self":[{"href":"https:\/\/arc-refuellers.be\/fr\/wp-json\/wp\/v2\/pages\/5217","targetHints":{"allow":["GET"]}}],"collection":[{"href":"https:\/\/arc-refuellers.be\/fr\/wp-json\/wp\/v2\/pages"}],"about":[{"href":"https:\/\/arc-refuellers.be\/fr\/wp-json\/wp\/v2\/types\/page"}],"author":[{"embeddable":true,"href":"https:\/\/arc-refuellers.be\/fr\/wp-json\/wp\/v2\/users\/1"}],"replies":[{"embeddable":true,"href":"https:\/\/arc-refuellers.be\/fr\/wp-json\/wp\/v2\/comments?post=5217"}],"version-history":[{"count":3,"href":"https:\/\/arc-refuellers.be\/fr\/wp-json\/wp\/v2\/pages\/5217\/revisions"}],"predecessor-version":[{"id":8483,"href":"https:\/\/arc-refuellers.be\/fr\/wp-json\/wp\/v2\/pages\/5217\/revisions\/8483"}],"up":[{"embeddable":true,"href":"https:\/\/arc-refuellers.be\/fr\/wp-json\/wp\/v2\/pages\/5209"}],"wp:attachment":[{"href":"https:\/\/arc-refuellers.be\/fr\/wp-json\/wp\/v2\/media?parent=5217"}],"curies":[{"name":"wp","href":"https:\/\/api.w.org\/{rel}","templated":true}]}}