{"id":5209,"date":"2023-06-06T15:18:55","date_gmt":"2023-06-06T15:18:55","guid":{"rendered":"https:\/\/arc-refuellers.be\/products\/"},"modified":"2024-04-04T09:33:55","modified_gmt":"2024-04-04T09:33:55","slug":"products","status":"publish","type":"page","link":"https:\/\/arc-refuellers.be\/fr\/products\/","title":{"rendered":"Produits"},"content":{"rendered":"\t\t<div data-elementor-type=\"wp-page\" data-elementor-id=\"5209\" class=\"elementor elementor-5209 elementor-557\">\n\t\t\t\t\t\t<section class=\"wd-negative-gap elementor-section elementor-top-section elementor-element elementor-element-011bade elementor-section-boxed elementor-section-height-default elementor-section-height-default\" data-id=\"011bade\" data-element_type=\"section\" data-e-type=\"section\">\n\t\t\t\t\t\t<div class=\"elementor-container elementor-column-gap-default\">\n\t\t\t\t\t<div class=\"elementor-column elementor-col-100 elementor-top-column elementor-element elementor-element-e0cca24\" data-id=\"e0cca24\" data-element_type=\"column\" data-e-type=\"column\">\n\t\t\t<div class=\"elementor-widget-wrap elementor-element-populated\">\n\t\t\t\t\t\t<div class=\"elementor-element elementor-element-c9da645 elementor-position-left elementor-vertical-align-top elementor-widget elementor-widget-image-box\" data-id=\"c9da645\" data-element_type=\"widget\" data-e-type=\"widget\" data-widget_type=\"image-box.default\">\n\t\t\t\t<div class=\"elementor-widget-container\">\n\t\t\t\t\t<div class=\"elementor-image-box-wrapper\"><figure class=\"elementor-image-box-img\"><a href=\"https:\/\/arc-refuellers.be\/fr\/products\/refuellers\/\" tabindex=\"-1\"><img loading=\"lazy\" decoding=\"async\" width=\"2191\" height=\"1643\" src=\"https:\/\/arc-refuellers.be\/wp-content\/uploads\/2023\/06\/ENOC-REFUELLER-DUBAI-Afbeelding26925-1.jpg\" class=\"attachment-full size-full wp-image-3267\" alt=\"\" srcset=\"https:\/\/arc-refuellers.be\/wp-content\/uploads\/2023\/06\/ENOC-REFUELLER-DUBAI-Afbeelding26925-1.jpg 2191w, https:\/\/arc-refuellers.be\/wp-content\/uploads\/2023\/06\/ENOC-REFUELLER-DUBAI-Afbeelding26925-1-768x576.jpg 768w, https:\/\/arc-refuellers.be\/wp-content\/uploads\/2023\/06\/ENOC-REFUELLER-DUBAI-Afbeelding26925-1-1536x1152.jpg 1536w, https:\/\/arc-refuellers.be\/wp-content\/uploads\/2023\/06\/ENOC-REFUELLER-DUBAI-Afbeelding26925-1-2048x1536.jpg 2048w\" sizes=\"auto, (max-width: 2191px) 100vw, 2191px\" \/><\/a><\/figure><div class=\"elementor-image-box-content\"><h3 class=\"elementor-image-box-title\"><a href=\"https:\/\/arc-refuellers.be\/fr\/products\/refuellers\/\">Camions Avitailleurs<\/a><\/h3><p class=\"elementor-image-box-description\">ARV SA con\u00e7oit et construit des camions avitailleurs (y compris des ravitailleurs rigides et articul\u00e9s\/semi-remorques). ARC SA g\u00e8re l'int\u00e9grit\u00e9 des syst\u00e8mes d'exploitation par le biais de principes de conception, d'ing\u00e9nierie et de pratiques d'exploitation qui se concentrent sur les priorit\u00e9s les plus \u00e9lev\u00e9es et les opportunit\u00e9s de performance. <br><\/br><button><a href=\"https:\/\/arc-refuellers.be\/fr\/products\/refuellers\/\">EN SAVOIR PLUS<\/a><\/button><\/p><\/div><\/div>\t\t\t\t<\/div>\n\t\t\t\t<\/div>\n\t\t\t\t<div class=\"elementor-element elementor-element-dfc4a52 elementor-widget elementor-widget-spacer\" data-id=\"dfc4a52\" data-element_type=\"widget\" data-e-type=\"widget\" data-widget_type=\"spacer.default\">\n\t\t\t\t<div class=\"elementor-widget-container\">\n\t\t\t\t\t\t\t<div class=\"elementor-spacer\">\n\t\t\t<div class=\"elementor-spacer-inner\"><\/div>\n\t\t<\/div>\n\t\t\t\t\t\t<\/div>\n\t\t\t\t<\/div>\n\t\t\t\t<div class=\"elementor-element elementor-element-fc102e1 elementor-position-left elementor-vertical-align-top elementor-widget elementor-widget-image-box\" data-id=\"fc102e1\" data-element_type=\"widget\" data-e-type=\"widget\" data-widget_type=\"image-box.default\">\n\t\t\t\t<div class=\"elementor-widget-container\">\n\t\t\t\t\t<div class=\"elementor-image-box-wrapper\"><figure class=\"elementor-image-box-img\"><a href=\"https:\/\/arc-refuellers.be\/fr\/products\/dispensers\/\" tabindex=\"-1\"><img loading=\"lazy\" decoding=\"async\" width=\"2560\" height=\"1920\" src=\"https:\/\/arc-refuellers.be\/wp-content\/uploads\/2023\/06\/DSCN0736-2-scaled.jpg\" class=\"attachment-full size-full wp-image-3275\" alt=\"Aircraft Refueling Hydrant Dispensers\" srcset=\"https:\/\/arc-refuellers.be\/wp-content\/uploads\/2023\/06\/DSCN0736-2-scaled.jpg 2560w, https:\/\/arc-refuellers.be\/wp-content\/uploads\/2023\/06\/DSCN0736-2-768x576.jpg 768w, https:\/\/arc-refuellers.be\/wp-content\/uploads\/2023\/06\/DSCN0736-2-1536x1152.jpg 1536w, https:\/\/arc-refuellers.be\/wp-content\/uploads\/2023\/06\/DSCN0736-2-2048x1536.jpg 2048w\" sizes=\"auto, (max-width: 2560px) 100vw, 2560px\" \/><\/a><\/figure><div class=\"elementor-image-box-content\"><h3 class=\"elementor-image-box-title\"><a href=\"https:\/\/arc-refuellers.be\/fr\/products\/dispensers\/\">Distributeurs<\/a><\/h3><p class=\"elementor-image-box-description\">La d\u00e9finition des sp\u00e9cifications des distributeurs d'hydrant, la taille de la tuyauterie d'hydrant, le nombre et la capacit\u00e9 des pompes d'hydrant sont des activit\u00e9s cruciales. ARC NV con\u00e7oit des v\u00e9hicules sur la base de dessins approuv\u00e9s comprenant, - un organigramme, une disposition g\u00e9n\u00e9rale, un panneau de ravitaillement en carburant et une zone dangereuse. <br><\/br><button><a href=\"https:\/\/arc-refuellers.be\/fr\/products\/dispensers\/\">EN SAVOIR PLUS<\/a><\/button><\/p><\/div><\/div>\t\t\t\t<\/div>\n\t\t\t\t<\/div>\n\t\t\t\t<div class=\"elementor-element elementor-element-e6b9b4c elementor-position-left elementor-vertical-align-top elementor-widget elementor-widget-image-box\" data-id=\"e6b9b4c\" data-element_type=\"widget\" data-e-type=\"widget\" data-widget_type=\"image-box.default\">\n\t\t\t\t<div class=\"elementor-widget-container\">\n\t\t\t\t\t<div class=\"elementor-image-box-wrapper\"><figure class=\"elementor-image-box-img\"><a href=\"https:\/\/arc-refuellers.be\/fr\/military-applications\/\" tabindex=\"-1\"><img loading=\"lazy\" decoding=\"async\" width=\"2560\" height=\"1920\" src=\"https:\/\/arc-refuellers.be\/wp-content\/uploads\/2023\/08\/IMGP0697.jpg\" class=\"attachment-full size-full wp-image-5719\" alt=\"\" srcset=\"https:\/\/arc-refuellers.be\/wp-content\/uploads\/2023\/08\/IMGP0697.jpg 2560w, https:\/\/arc-refuellers.be\/wp-content\/uploads\/2023\/08\/IMGP0697-768x576.jpg 768w, https:\/\/arc-refuellers.be\/wp-content\/uploads\/2023\/08\/IMGP0697-1536x1152.jpg 1536w, https:\/\/arc-refuellers.be\/wp-content\/uploads\/2023\/08\/IMGP0697-2048x1536.jpg 2048w\" sizes=\"auto, (max-width: 2560px) 100vw, 2560px\" \/><\/a><\/figure><div class=\"elementor-image-box-content\"><h3 class=\"elementor-image-box-title\"><a href=\"https:\/\/arc-refuellers.be\/fr\/military-applications\/\">Applications Militaires<\/a><\/h3><p class=\"elementor-image-box-description\">ARC NV a d\u00e9velopp\u00e9 une relation solide avec les organisations militaires de d\u00e9fense nationales et mondiales, y compris les arm\u00e9es belge, n\u00e9erlandaise et chypriote. Nos applications militaires sont con\u00e7ues sur mesure pour r\u00e9sister \u00e0 des conditions difficiles et peuvent fonctionner dans des climats extr\u00eames, offrant ainsi une solution d'approvisionnement de classe mondiale.<br><\/br><button><a href=\"https:\/\/arc-refuellers.be\/fr\/military-applications\/\">EN SAVOIR PLUS<\/a><\/button><\/p><\/div><\/div>\t\t\t\t<\/div>\n\t\t\t\t<\/div>\n\t\t\t\t<div class=\"elementor-element elementor-element-4ed988d elementor-widget elementor-widget-spacer\" data-id=\"4ed988d\" data-element_type=\"widget\" data-e-type=\"widget\" data-widget_type=\"spacer.default\">\n\t\t\t\t<div class=\"elementor-widget-container\">\n\t\t\t\t\t\t\t<div class=\"elementor-spacer\">\n\t\t\t<div class=\"elementor-spacer-inner\"><\/div>\n\t\t<\/div>\n\t\t\t\t\t\t<\/div>\n\t\t\t\t<\/div>\n\t\t\t\t<div class=\"elementor-element elementor-element-38047a9 elementor-position-left elementor-vertical-align-top elementor-widget elementor-widget-image-box\" data-id=\"38047a9\" data-element_type=\"widget\" data-e-type=\"widget\" data-widget_type=\"image-box.default\">\n\t\t\t\t<div class=\"elementor-widget-container\">\n\t\t\t\t\t<div class=\"elementor-image-box-wrapper\"><figure class=\"elementor-image-box-img\"><a href=\"https:\/\/arc-refuellers.be\/fr\/products\/spare-parts\/\" tabindex=\"-1\"><img loading=\"lazy\" decoding=\"async\" width=\"2560\" height=\"1920\" src=\"https:\/\/arc-refuellers.be\/wp-content\/uploads\/2023\/06\/20171214_130543-scaled.jpg\" class=\"attachment-full size-full wp-image-651\" alt=\"\" srcset=\"https:\/\/arc-refuellers.be\/wp-content\/uploads\/2023\/06\/20171214_130543-scaled.jpg 2560w, https:\/\/arc-refuellers.be\/wp-content\/uploads\/2023\/06\/20171214_130543-768x576.jpg 768w, https:\/\/arc-refuellers.be\/wp-content\/uploads\/2023\/06\/20171214_130543-1536x1152.jpg 1536w, https:\/\/arc-refuellers.be\/wp-content\/uploads\/2023\/06\/20171214_130543-2048x1536.jpg 2048w\" sizes=\"auto, (max-width: 2560px) 100vw, 2560px\" \/><\/a><\/figure><div class=\"elementor-image-box-content\"><h3 class=\"elementor-image-box-title\"><a href=\"https:\/\/arc-refuellers.be\/fr\/products\/spare-parts\/\">Pi\u00e8ces de rechange<\/a><\/h3><p class=\"elementor-image-box-description\">Le carbur\u00e9acteur est soumis \u00e0 des exigences de qualit\u00e9 strictes n\u00e9cessitant un \u00e9quipement et une ing\u00e9nierie sp\u00e9ciaux. De plus, les calendriers de maintenance doivent \u00eatre con\u00e7us pour r\u00e9pondre aux exigences op\u00e9rationnelles et aux recommandations des fabricants afin de permettre la poursuite des op\u00e9rations fiables de l'a\u00e9roport. <br><\/br><button><a href=\"https:\/\/arc-refuellers.be\/fr\/products\/spare-parts\/\">EN SAVOIR PLUS<\/a><\/button><\/p><\/div><\/div>\t\t\t\t<\/div>\n\t\t\t\t<\/div>\n\t\t\t\t\t<\/div>\n\t\t<\/div>\n\t\t\t\t\t<\/div>\n\t\t<\/section>\n\t\t\t\t<\/div>\n\t\t","protected":false},"excerpt":{"rendered":"<p>Camions Avitailleurs ARV SA con\u00e7oit et construit des camions avitailleurs (y compris des ravitailleurs rigides et articul\u00e9s\/semi-remorques). ARC SA g\u00e8re<\/p>\n","protected":false},"author":1,"featured_media":0,"parent":0,"menu_order":0,"comment_status":"closed","ping_status":"closed","template":"","meta":{"footnotes":""},"class_list":["post-5209","page","type-page","status-publish","hentry"],"_links":{"self":[{"href":"https:\/\/arc-refuellers.be\/fr\/wp-json\/wp\/v2\/pages\/5209","targetHints":{"allow":["GET"]}}],"collection":[{"href":"https:\/\/arc-refuellers.be\/fr\/wp-json\/wp\/v2\/pages"}],"about":[{"href":"https:\/\/arc-refuellers.be\/fr\/wp-json\/wp\/v2\/types\/page"}],"author":[{"embeddable":true,"href":"https:\/\/arc-refuellers.be\/fr\/wp-json\/wp\/v2\/users\/1"}],"replies":[{"embeddable":true,"href":"https:\/\/arc-refuellers.be\/fr\/wp-json\/wp\/v2\/comments?post=5209"}],"version-history":[{"count":0,"href":"https:\/\/arc-refuellers.be\/fr\/wp-json\/wp\/v2\/pages\/5209\/revisions"}],"wp:attachment":[{"href":"https:\/\/arc-refuellers.be\/fr\/wp-json\/wp\/v2\/media?parent=5209"}],"curies":[{"name":"wp","href":"https:\/\/api.w.org\/{rel}","templated":true}]}}