{"id":8075,"date":"2025-08-11T09:32:35","date_gmt":"2025-08-11T09:32:35","guid":{"rendered":"https:\/\/arc-refuellers.be\/politica-de-privacidad\/"},"modified":"2025-08-11T09:42:19","modified_gmt":"2025-08-11T09:42:19","slug":"privacy-policy","status":"publish","type":"page","link":"https:\/\/arc-refuellers.be\/es\/privacy-policy\/","title":{"rendered":"Pol\u00edtica de Privacidad"},"content":{"rendered":"<p>\u00daltima actualizaci\u00f3n: 11 de agosto de 2025<\/p>\n<p>Esta Pol\u00edtica de Privacidad describe nuestras pol\u00edticas y procedimientos sobre la recopilaci\u00f3n, el uso y la divulgaci\u00f3n de su informaci\u00f3n cuando utiliza el Servicio, y le informa sobre sus derechos de privacidad y c\u00f3mo la ley lo protege.<\/p>\n<p>Utilizamos sus datos personales para proporcionar y mejorar el Servicio. Al utilizar el Servicio, usted acepta la recopilaci\u00f3n y el uso de informaci\u00f3n de acuerdo con esta Pol\u00edtica de Privacidad.<\/p>\n<h2>Interpretaci\u00f3n y definiciones<\/h2>\n<h3>Interpretaci\u00f3n<\/h3>\n<p>Las palabras cuya letra inicial es may\u00fascula tienen significados definidos en las siguientes condiciones. Las siguientes definiciones tendr\u00e1n el mismo significado independientemente de si aparecen en singular o en plural. <\/p>\n<h3>Definiciones<\/h3>\n<p>A efectos de esta Pol\u00edtica de Privacidad:<\/p>\n<ul>\n<li><strong>Cuenta<\/strong> se refiere a una cuenta \u00fanica creada para que Usted acceda a nuestro Servicio o a partes del mismo.<\/li>\n<li><strong>Afiliado<\/strong> se refiere a una entidad que controla, est\u00e1 controlada por o est\u00e1 bajo control com\u00fan con una parte, donde \u00abcontrol\u00bb significa la propiedad del 50% o m\u00e1s de las acciones, participaciones sociales u otros valores con derecho a voto para la elecci\u00f3n de directores u otra autoridad administrativa.<\/li>\n<li><strong>Empresa<\/strong> (denominada en este Acuerdo como \u00abla Empresa\u00bb, \u00abNosotros\u00bb, \u00abNos\u00bb o \u00abNuestro\u00bb) se refiere a Group C\u00e9SAR &#8211; ARC NV, Tunnelweg 18, 2845 Niel, B\u00e9lgica.<\/li>\n<li><strong>Cookies<\/strong> son peque\u00f1os archivos que un sitio web coloca en su ordenador, dispositivo m\u00f3vil o cualquier otro dispositivo, y que contienen la informaci\u00f3n de sus datos. Historial de navegaci\u00f3n en ese sitio web, entre sus m\u00faltiples usos.<\/li>\n<li><strong>Pa\u00eds<\/strong> se refiere a: B\u00e9lgica<\/li>\n<li><strong>Dispositivo<\/strong> se refiere a cualquier dispositivo que pueda acceder al Servicio, como una computadora, un tel\u00e9fono celular o una tableta digital.<\/li>\n<li><strong>Datos Personales<\/strong> se refiere a cualquier informaci\u00f3n relacionada con una persona f\u00edsica identificada o identificable.<\/li>\n<li><strong>Servicio<\/strong> se refiere al Sitio Web.<\/li>\n<li><strong>Proveedor de Servicios<\/strong> se refiere a cualquier persona f\u00edsica o jur\u00eddica que procese los datos en nombre de la Compa\u00f1\u00eda. Se refiere a empresas o personas externas empleadas por la Compa\u00f1\u00eda para facilitar el Servicio, prestarlo en nombre de la Compa\u00f1\u00eda, realizar servicios relacionados con el Servicio o ayudar a la Compa\u00f1\u00eda a analizar c\u00f3mo se utiliza el Servicio.<\/li>\n<li><strong>Datos de uso<\/strong> se refiere a los datos recopilados autom\u00e1ticamente, ya sea generados por el uso del Servicio o por la propia infraestructura del Servicio (por ejemplo, la duraci\u00f3n de una visita a la p\u00e1gina).<\/li>\n<li><strong>Sitio web<\/strong> se refiere a ARC-Refuellers, accesible desde <a href=\"https:\/\/arc-refuellers.be\/es\/\" target=\"_blank\" rel=\"external nofollow noopener\">https:\/\/arc-refuellers.be\/<\/a><\/li>\n<li><strong>Usted<\/strong> se refiere a la persona que accede o utiliza el Servicio, o a la empresa u otra entidad legal en nombre de la cual dicha persona accede o utiliza el Servicio, como Aplicable.<\/li>\n<\/ul>\n<h2>Recopilaci\u00f3n y uso de sus datos personales<\/h2>\n<h3>Tipos de datos recopilados<\/h3>\n<h4>Datos personales<\/h4>\n<p>Al utilizar nuestro Servicio, podr\u00edamos solicitarle informaci\u00f3n personal identificable que pueda utilizarse para contactarle o identificarle. Esta informaci\u00f3n personal identificable puede incluir, entre otros:<\/p>\n<ul>\n<li>Correo electr\u00f3nico<\/li>\n<li>Nombre y apellidos<\/li>\n<li>N\u00famero de tel\u00e9fono<\/li>\n<li>Datos de uso<\/li>\n<\/ul>\n<h4>Datos de uso<\/h4>\n<p>Los datos de uso se recopilan autom\u00e1ticamente al utilizar el Servicio.<\/p>\n<p>Los datos de uso pueden incluir informaci\u00f3n como la direcci\u00f3n IP de su dispositivo (por ejemplo, la direcci\u00f3n IP), el tipo y la versi\u00f3n del navegador, las p\u00e1ginas de nuestro Servicio que visita, la hora y fecha de su visita, el tiempo que pasa en esas p\u00e1ginas, identificadores \u00fanicos del dispositivo y otros datos de diagn\u00f3stico.<\/p>\n<p>Cuando accede al Servicio a trav\u00e9s de un dispositivo m\u00f3vil, podemos recopilar cierta informaci\u00f3n autom\u00e1ticamente, incluyendo, entre otros, el tipo de dispositivo m\u00f3vil que utiliza, su ID \u00fanico, su direcci\u00f3n IP, su sistema operativo, el tipo de navegador de internet m\u00f3vil que utiliza, identificadores \u00fanicos de dispositivo y otros datos de diagn\u00f3stico.<\/p>\n<p>Tambi\u00e9n podemos recopilar informaci\u00f3n que su navegador env\u00eda cada vez que visita nuestro Servicio o cuando accede a \u00e9l a trav\u00e9s de un dispositivo m\u00f3vil.<\/p>\n<h4>Tecnolog\u00edas de seguimiento y cookies<\/h4>\n<p>Utilizamos cookies y tecnolog\u00edas de seguimiento similares para rastrear la actividad en nuestro Servicio y almacenar cierta informaci\u00f3n. Las tecnolog\u00edas de seguimiento que utilizamos son balizas, etiquetas y scripts para recopilar y rastrear informaci\u00f3n, as\u00ed como para mejorar y analizar nuestro Servicio. Las tecnolog\u00edas que utilizamos pueden incluir:<\/p>\n<ul>\n<li><strong>Cookies o Cookies del Navegador.<\/strong> Una cookie es un peque\u00f1o archivo que se almacena en su dispositivo. Puede configurar su navegador para que rechace todas las Cookies o para que le indique cu\u00e1ndo se env\u00eda una. Sin embargo, si no acepta las Cookies, es posible que no pueda utilizar algunas partes de nuestro Servicio. A menos que haya configurado su navegador para que rechace las Cookies, nuestro Servicio podr\u00eda utilizar Cookies.<\/li>\n<li><strong>Balizas Web.<\/strong> Algunas secciones de nuestro Servicio y nuestros correos electr\u00f3nicos pueden contener peque\u00f1os archivos electr\u00f3nicos conocidos como balizas web (tambi\u00e9n conocidos como GIF transparentes, etiquetas de p\u00edxel y GIF de un solo p\u00edxel) que permiten a la Compa\u00f1\u00eda, por ejemplo, contabilizar los usuarios que han visitado esas p\u00e1ginas o abierto un correo electr\u00f3nico, as\u00ed como otras estad\u00edsticas relacionadas con el sitio web (por ejemplo, registrar la popularidad de una secci\u00f3n determinada y verificar la integridad del sistema y del servidor).<\/li>\n<\/ul>\n<p>Las Cookies pueden ser persistentes o de sesi\u00f3n. Las cookies persistentes permanecen en su ordenador o dispositivo m\u00f3vil cuando se desconecta, mientras que las cookies de sesi\u00f3n se eliminan al cerrar el navegador. Puede obtener m\u00e1s informaci\u00f3n sobre las cookies en el art\u00edculo del <a href=\"https:\/\/www.termsfeed.com\/blog\/cookies\/#What_Are_Cookies\" target=\"_blank\" rel=\"noopener\">sitio web de TermsFeed<\/a>.<\/p>\n<p>Utilizamos cookies de sesi\u00f3n y persistentes para los fines que se detallan a continuaci\u00f3n:<\/p>\n<ul>\n<li><strong>Cookies necesarias\/esenciales<\/strong> Tipo: Cookies de sesi\u00f3n\n<p>Administradas por: Nosotros<\/p>\n<p>Finalidad: Estas cookies son esenciales para proporcionarle los servicios disponibles a trav\u00e9s del sitio web y para permitirle utilizar algunas de sus funciones. Ayudan a autenticar a los usuarios y a evitar el uso fraudulento de las cuentas de usuario. Sin estas cookies, no se pueden prestar los servicios que ha solicitado, y solo las utilizamos para proporcion\u00e1rselos.<\/li>\n<li><strong>Pol\u00edtica de Cookies \/ Cookies de Aceptaci\u00f3n de Avisos<\/strong> Tipo: Cookies persistentes\n<p>Administradas por: Nosotros<\/p>\n<p>Finalidad: Estas cookies identifican si los usuarios han aceptado el uso de cookies en el sitio web.<\/li>\n<li><strong>Cookies de Funcionalidad<\/strong> Tipo: Cookies persistentes\n<p>Administradas por: Nosotros<\/p>\n<p>Finalidad: Estas cookies nos permiten recordar las opciones que usted elige al utilizar el sitio web, como sus datos de inicio de sesi\u00f3n o su preferencia de idioma. El objetivo de estas cookies es brindarle una experiencia m\u00e1s personalizada y evitar que tenga que volver a introducir sus preferencias cada vez que utilice el sitio web.<\/li>\n<\/ul>\n<p>Para obtener m\u00e1s informaci\u00f3n sobre las cookies que utilizamos y sus opciones con respecto a las cookies, visite nuestra Pol\u00edtica de Cookies o la secci\u00f3n de Cookies de nuestra Pol\u00edtica de Privacidad.<\/p>\n<p>Uso de sus datos personales<br \/>\nLa Empresa podr\u00e1 utilizar sus datos personales para los siguientes fines:<\/p>\n<ul>\n<li><strong>Para proporcionar y mantener nuestro Servicio<\/strong>, incluyendo la monitorizaci\u00f3n del uso del mismo.<\/li>\n<li><strong>Para gestionar su cuenta:<\/strong> para gestionar su registro como usuario del Servicio. Los Datos Personales que proporcione pueden darle acceso a diferentes funcionalidades del Servicio que est\u00e1n disponibles para Usted como usuario registrado.<\/li>\n<li><strong>Para la ejecuci\u00f3n de un contrato:<\/strong> el desarrollo, cumplimiento y ejecuci\u00f3n del contrato de compra de los productos, art\u00edculos o servicios que haya adquirido o de cualquier otro contrato con Nosotros a trav\u00e9s del Servicio.<\/li>\n<li><strong>Para contactarlo:<\/strong> Para contactarlo por correo electr\u00f3nico, llamadas telef\u00f3nicas, SMS u otras formas equivalentes de comunicaci\u00f3n electr\u00f3nica, como las notificaciones push de una aplicaci\u00f3n m\u00f3vil sobre actualizaciones o comunicaciones informativas relacionadas con las funcionalidades, productos o servicios contratados, incluidas las actualizaciones de seguridad, cuando sea necesario o razonable para su implementaci\u00f3n.<\/li>\n<li><strong>Para proporcionarle<\/strong> noticias, ofertas especiales e informaci\u00f3n general sobre otros bienes, servicios y eventos que ofrecemos y que son similares a los que ya ha adquirido o sobre los que ha consultado, a menos que haya optado por no recibir dicha informaci\u00f3n.<\/li>\n<li><strong>Para gestionar sus solicitudes:<\/strong> Para atender y gestionar sus solicitudes para Nosotros.<\/li>\n<li><strong>Para transferencias comerciales:<\/strong> Podemos utilizar su informaci\u00f3n para evaluar o llevar a cabo una fusi\u00f3n, desinversi\u00f3n, reestructuraci\u00f3n, reorganizaci\u00f3n, disoluci\u00f3n u otra venta o transferencia de algunos o todos nuestros activos, ya sea como empresa en marcha o como parte de un proceso de quiebra, liquidaci\u00f3n o similar, en el que los datos personales que conservamos sobre los usuarios de nuestro Servicio se encuentren entre los activos transferidos.<\/li>\n<li><strong>Para otros fines:<\/strong> Podemos utilizar su informaci\u00f3n para otros fines, como el an\u00e1lisis de datos, la identificaci\u00f3n de tendencias de uso, la determinaci\u00f3n de la eficacia de nuestras campa\u00f1as promocionales y para evaluar y mejorar nuestro Servicio, productos, servicios, marketing y su experiencia.<\/li>\n<\/ul>\n<p>Podemos compartir su informaci\u00f3n personal en las siguientes situaciones:<\/p>\n<ul>\n<li><strong>Con proveedores de servicios:<\/strong> Podemos compartir su informaci\u00f3n personal con proveedores de servicios para supervisar y analizar el uso de nuestro servicio y para contactarlo.<\/li>\n<li><strong>Para transferencias comerciales:<\/strong> Podemos compartir o transferir su informaci\u00f3n personal en relaci\u00f3n con, o durante las negociaciones de, cualquier fusi\u00f3n, venta de activos de la empresa, financiaci\u00f3n o adquisici\u00f3n de la totalidad o una parte de nuestro negocio a otra empresa.<\/li>\n<li><strong>Con afiliados:<\/strong> Podemos compartir su informaci\u00f3n con nuestros afiliados, en cuyo caso les exigiremos que cumplan con esta Pol\u00edtica de privacidad. Las afiliadas incluyen nuestra empresa matriz y cualquier otra subsidiaria, socios de empresas conjuntas u otras empresas que controlemos o que est\u00e9n bajo control com\u00fan con nosotros.\n<li><strong>Con socios comerciales:<\/strong> Podemos compartir su informaci\u00f3n con nuestros socios comerciales para ofrecerle ciertos productos, servicios o promociones.\n<li><strong>Con otros usuarios:<\/strong> Cuando usted comparte informaci\u00f3n personal o interact\u00faa de otro modo en \u00e1reas p\u00fablicas con otros usuarios, dicha informaci\u00f3n puede ser vista por todos los usuarios y puede distribuirse p\u00fablicamente en el exterior.\n<li><strong>Con su consentimiento:<\/strong> Podemos divulgar su informaci\u00f3n personal para cualquier otro prop\u00f3sito con su consentimiento.<br \/>\n<h3>Retenci\u00f3n de sus datos personales<\/h3>\n<p>La empresa conservar\u00e1 sus datos personales solo durante el tiempo que sea necesario para los fines establecidos en esta Pol\u00edtica de privacidad. Conservaremos y utilizaremos sus datos personales en la medida necesaria para cumplir con nuestras obligaciones legales (por ejemplo, si estamos obligados a conservar sus datos para cumplir con las leyes aplicables), resolver disputas y hacer cumplir nuestros acuerdos y pol\u00edticas legales. La Compa\u00f1\u00eda tambi\u00e9n conservar\u00e1 los Datos de Uso para fines de an\u00e1lisis interno. Generalmente, estos datos se conservan durante un periodo m\u00e1s corto, excepto cuando se utilizan para reforzar la seguridad o mejorar la funcionalidad de nuestro Servicio, o cuando estamos legalmente obligados a conservarlos durante periodos m\u00e1s largos.<\/p>\n<h3>Transferencia de sus Datos Personales<\/h3>\n<p>Su informaci\u00f3n, incluidos los Datos Personales, se procesa en las oficinas operativas de la Compa\u00f1\u00eda y en cualquier otro lugar donde se encuentren las partes involucradas en el procesamiento. Esto significa que esta informaci\u00f3n puede transferirse y almacenarse en ordenadores ubicados fuera de su estado, provincia, pa\u00eds u otra jurisdicci\u00f3n gubernamental donde las leyes de protecci\u00f3n de datos pueden diferir de las de su jurisdicci\u00f3n.<\/p>\n<p>Su consentimiento a esta Pol\u00edtica de Privacidad, seguido del env\u00edo de dicha informaci\u00f3n, representa su consentimiento a dicha transferencia.<\/p>\n<p>La Compa\u00f1\u00eda tomar\u00e1 todas las medidas razonablemente necesarias para garantizar que sus datos se traten de forma segura y de acuerdo con esta Pol\u00edtica de Privacidad, y no se realizar\u00e1 ninguna transferencia de sus Datos Personales a ninguna organizaci\u00f3n o pa\u00eds a menos que existan controles adecuados, incluyendo la seguridad de sus datos y otra informaci\u00f3n personal. Eliminar sus datos personales<br \/>\nTiene derecho a eliminar o solicitar nuestra asistencia para eliminar los datos personales que hayamos recopilado sobre usted.<\/p>\n<p>Nuestro Servicio puede permitirle eliminar cierta informaci\u00f3n sobre usted desde el mismo.<\/p>\n<p>Puede actualizar, modificar o eliminar su informaci\u00f3n en cualquier momento iniciando sesi\u00f3n en su cuenta (si la tiene) y visitando la secci\u00f3n de configuraci\u00f3n de la cuenta, que le permite administrar su informaci\u00f3n personal. Tambi\u00e9n puede contactarnos para solicitar acceso, corregir o eliminar cualquier informaci\u00f3n personal que nos haya proporcionado.<\/p>\n<p>Sin embargo, tenga en cuenta que podr\u00edamos necesitar conservar cierta informaci\u00f3n cuando tengamos una obligaci\u00f3n legal o una base legal para hacerlo.<\/p>\n<p>Divulgaci\u00f3n de sus datos personales<\/p>\n<p>Transacciones comerciales<\/p>\n<p>Si la empresa participa en una fusi\u00f3n, adquisici\u00f3n o venta de activos, sus datos personales podr\u00edan ser transferidos. Le notificaremos antes de que sus datos personales se transfieran y queden sujetos a una Pol\u00edtica de privacidad diferente. Cumplimiento de la ley<\/p>\n<p>En determinadas circunstancias, la Empresa podr\u00eda verse obligada a divulgar sus Datos Personales si as\u00ed lo exige la ley o en respuesta a solicitudes v\u00e1lidas de las autoridades p\u00fablicas (por ejemplo, un tribunal o un organismo gubernamental).<\/p>\n<p>Otros requisitos legales<\/p>\n<p>La Empresa podr\u00eda divulgar sus Datos Personales si considera de buena fe que dicha acci\u00f3n es necesaria para:<\/p>\n<p>Cumplir con una obligaci\u00f3n legal<br \/>\nProteger y defender los derechos o la propiedad de la Empresa<br \/>\nPrevenir o investigar posibles infracciones en relaci\u00f3n con el Servicio<br \/>\nProteger la seguridad personal de los Usuarios del Servicio o del p\u00fablico<br \/>\nProtegerse contra la responsabilidad legal<\/p>\n<p>Protegerse contra la responsabilidad legal<br \/>\nSeguridad de sus Datos Personales<br \/>\nLa seguridad de sus Datos Personales es importante para Nosotros, pero recuerde que ning\u00fan m\u00e9todo de transmisi\u00f3n por Internet ni m\u00e9todo de almacenamiento electr\u00f3nico es 100% seguro. Si bien nos esforzamos por utilizar medios comercialmente aceptables para proteger sus Datos Personales, no podemos garantizar su seguridad absoluta.<br \/>\nPrivacidad Infantil<br \/>\nNuestro Servicio no est\u00e1 dirigido a menores de 13 a\u00f1os. No recopilamos intencionalmente informaci\u00f3n personal identificable de menores de 13 a\u00f1os. Si usted es padre, madre o tutor y sabe que su hijo nos ha proporcionado Datos Personales, p\u00f3ngase en contacto con nosotros. Si tenemos conocimiento de que hemos recopilado Datos Personales de menores de 13 a\u00f1os sin verificar el consentimiento parental, tomaremos medidas para eliminar dicha informaci\u00f3n de nuestros servidores.<\/p>\n<p>Si necesitamos el consentimiento como base legal para procesar su informaci\u00f3n y su pa\u00eds exige el consentimiento parental, podr\u00edamos requerir su consentimiento antes de recopilar y utilizar dicha informaci\u00f3n. Enlaces a otros sitios web<br \/>\nNuestro Servicio puede contener enlaces a otros sitios web que no operamos. Si hace clic en un enlace de un tercero, ser\u00e1 redirigido a su sitio web. Le recomendamos encarecidamente que revise la Pol\u00edtica de Privacidad de cada sitio que visite.<\/p>\n<p>No tenemos control ni asumimos ninguna responsabilidad por el contenido, las pol\u00edticas de privacidad ni las pr\u00e1cticas de sitios o servicios de terceros.<\/p>\n<p>Cambios a esta Pol\u00edtica de Privacidad<br \/>\nPodemos actualizar nuestra Pol\u00edtica de Privacidad ocasionalmente. Le notificaremos cualquier cambio publicando la nueva Pol\u00edtica de Privacidad en esta p\u00e1gina.<\/p>\n<p>Le informaremos por correo electr\u00f3nico o mediante un aviso destacado en nuestro Servicio antes de que el cambio entre en vigor y actualizaremos la fecha de \u00ab\u00daltima actualizaci\u00f3n\u00bb en la parte superior de esta Pol\u00edtica de Privacidad.<\/p>\n<p>Le recomendamos que revise esta Pol\u00edtica de Privacidad peri\u00f3dicamente para estar al tanto de cualquier cambio. Los cambios a esta Pol\u00edtica de Privacidad entran en vigor a partir de su publicaci\u00f3n en esta p\u00e1gina. Cont\u00e1ctenos<br \/>\nSi tiene alguna pregunta sobre esta Pol\u00edtica de Privacidad, puede contactarnos:<\/p>\n<ul>\n<li>Por correo electr\u00f3nico: questions@arc-refuellers.be<\/li>\n<li>Visita nuestra p\u00e1gina web: <a href=\"https:\/\/arc-refuellers.be\/es\/contact\/\" target=\"_blank\" rel=\"external nofollow noopener\">https:\/\/arc-refuellers.be\/contact\/<\/a><\/li>\n<li>Por tel\u00e9fono: +32 3 844 55 68<\/li>\n<\/ul>\n","protected":false},"excerpt":{"rendered":"<p>\u00daltima actualizaci\u00f3n: 11 de agosto de 2025 Esta Pol\u00edtica de Privacidad describe nuestras pol\u00edticas y procedimientos sobre la recopilaci\u00f3n, el<\/p>\n","protected":false},"author":1,"featured_media":0,"parent":0,"menu_order":0,"comment_status":"closed","ping_status":"closed","template":"","meta":{"footnotes":""},"class_list":["post-8075","page","type-page","status-publish","hentry"],"_links":{"self":[{"href":"https:\/\/arc-refuellers.be\/es\/wp-json\/wp\/v2\/pages\/8075","targetHints":{"allow":["GET"]}}],"collection":[{"href":"https:\/\/arc-refuellers.be\/es\/wp-json\/wp\/v2\/pages"}],"about":[{"href":"https:\/\/arc-refuellers.be\/es\/wp-json\/wp\/v2\/types\/page"}],"author":[{"embeddable":true,"href":"https:\/\/arc-refuellers.be\/es\/wp-json\/wp\/v2\/users\/1"}],"replies":[{"embeddable":true,"href":"https:\/\/arc-refuellers.be\/es\/wp-json\/wp\/v2\/comments?post=8075"}],"version-history":[{"count":0,"href":"https:\/\/arc-refuellers.be\/es\/wp-json\/wp\/v2\/pages\/8075\/revisions"}],"wp:attachment":[{"href":"https:\/\/arc-refuellers.be\/es\/wp-json\/wp\/v2\/media?parent=8075"}],"curies":[{"name":"wp","href":"https:\/\/api.w.org\/{rel}","templated":true}]}}