{"id":5745,"date":"2023-08-02T11:27:40","date_gmt":"2023-08-02T11:27:40","guid":{"rendered":"https:\/\/arc-refuellers.be\/?page_id=5745"},"modified":"2024-04-04T09:36:43","modified_gmt":"2024-04-04T09:36:43","slug":"military-applications","status":"publish","type":"page","link":"https:\/\/arc-refuellers.be\/es\/military-applications\/","title":{"rendered":"Aplicaciones Militares"},"content":{"rendered":"\t\t<div data-elementor-type=\"wp-page\" data-elementor-id=\"5745\" class=\"elementor elementor-5745 elementor-5676\">\n\t\t\t\t\t\t<section class=\"wd-negative-gap elementor-section elementor-top-section elementor-element elementor-element-a701238 elementor-section-boxed elementor-section-height-default elementor-section-height-default\" data-id=\"a701238\" data-element_type=\"section\" data-e-type=\"section\">\n\t\t\t\t\t\t<div class=\"elementor-container elementor-column-gap-default\">\n\t\t\t\t\t<div class=\"elementor-column elementor-col-100 elementor-top-column elementor-element elementor-element-26890cd\" data-id=\"26890cd\" data-element_type=\"column\" data-e-type=\"column\">\n\t\t\t<div class=\"elementor-widget-wrap elementor-element-populated\">\n\t\t\t\t\t\t<section class=\"wd-negative-gap elementor-section elementor-inner-section elementor-element elementor-element-6da0dfd elementor-section-content-middle elementor-section-boxed elementor-section-height-default elementor-section-height-default\" data-id=\"6da0dfd\" data-element_type=\"section\" data-e-type=\"section\">\n\t\t\t\t\t\t<div class=\"elementor-container elementor-column-gap-default\">\n\t\t\t\t\t<div class=\"elementor-column elementor-col-50 elementor-inner-column elementor-element elementor-element-a74923d\" data-id=\"a74923d\" data-element_type=\"column\" data-e-type=\"column\">\n\t\t\t<div class=\"elementor-widget-wrap elementor-element-populated\">\n\t\t\t\t\t\t<div class=\"elementor-element elementor-element-623a4f5 elementor-widget elementor-widget-spacer\" data-id=\"623a4f5\" data-element_type=\"widget\" data-e-type=\"widget\" data-widget_type=\"spacer.default\">\n\t\t\t\t<div class=\"elementor-widget-container\">\n\t\t\t\t\t\t\t<div class=\"elementor-spacer\">\n\t\t\t<div class=\"elementor-spacer-inner\"><\/div>\n\t\t<\/div>\n\t\t\t\t\t\t<\/div>\n\t\t\t\t<\/div>\n\t\t\t\t<div class=\"elementor-element elementor-element-81540e8 elementor-invisible elementor-widget elementor-widget-heading\" data-id=\"81540e8\" data-element_type=\"widget\" data-e-type=\"widget\" data-settings=\"{&quot;_animation&quot;:&quot;fadeInUp&quot;}\" data-widget_type=\"heading.default\">\n\t\t\t\t<div class=\"elementor-widget-container\">\n\t\t\t\t\t<h4 class=\"elementor-heading-title elementor-size-default\">PRODUCTOS<\/h4>\t\t\t\t<\/div>\n\t\t\t\t<\/div>\n\t\t\t\t<div class=\"elementor-element elementor-element-ae2db49 elementor-invisible elementor-widget elementor-widget-heading\" data-id=\"ae2db49\" data-element_type=\"widget\" data-e-type=\"widget\" data-settings=\"{&quot;_animation&quot;:&quot;fadeInUp&quot;}\" data-widget_type=\"heading.default\">\n\t\t\t\t<div class=\"elementor-widget-container\">\n\t\t\t\t\t<h2 class=\"elementor-heading-title elementor-size-default\">Dise\u00f1ado para soportar condiciones adversas y operar en entornos extremos<\/h2>\t\t\t\t<\/div>\n\t\t\t\t<\/div>\n\t\t\t\t<div class=\"elementor-element elementor-element-2c8e7e0 color-scheme-inherit text-left elementor-invisible elementor-widget elementor-widget-text-editor\" data-id=\"2c8e7e0\" data-element_type=\"widget\" data-e-type=\"widget\" data-settings=\"{&quot;_animation&quot;:&quot;fadeInUp&quot;}\" data-widget_type=\"text-editor.default\">\n\t\t\t\t<div class=\"elementor-widget-container\">\n\t\t\t\t\t\t\t\t\t<p><span style=\"color: #01215c;\"><strong>ARC NV<\/strong><\/span> ha desarrollado una s\u00f3lida relaci\u00f3n con organizaciones militares de defensa nacionales y mundiales, incluidos los ej\u00e9rcitos belga, holand\u00e9s y chipriota.<\/p>\n<p>Nuestras aplicaciones militares est\u00e1n dise\u00f1adas a la medida para soportar condiciones adversas y pueden operar en climas extremos brindando una soluci\u00f3n de suministro de clase mundial.<\/p>\n<p>Trabajamos en alianzas estrechas\/colectivas y con diversidad en relaci\u00f3n con socios especialistas nacionales e internacionales dentro de la industria de reabastecimiento de combustible de aviaci\u00f3n para Equipos y Soporte, y tambi\u00e9n con fabricantes de veh\u00edculos, es decir, MAN Truck, SCANIA Truck, RENAULT Truck y VOLVO Truck.<\/p>\n\t\t\t\t\t\t\t\t<\/div>\n\t\t\t\t<\/div>\n\t\t\t\t\t<\/div>\n\t\t<\/div>\n\t\t\t\t<div class=\"elementor-column elementor-col-50 elementor-inner-column elementor-element elementor-element-dbec22b\" data-id=\"dbec22b\" data-element_type=\"column\" data-e-type=\"column\">\n\t\t\t<div class=\"elementor-widget-wrap elementor-element-populated\">\n\t\t\t\t\t\t<div class=\"elementor-element elementor-element-6dbe153 elementor-invisible elementor-widget elementor-widget-image\" data-id=\"6dbe153\" data-element_type=\"widget\" data-e-type=\"widget\" data-settings=\"{&quot;_animation&quot;:&quot;fadeInDown&quot;}\" data-widget_type=\"image.default\">\n\t\t\t\t<div class=\"elementor-widget-container\">\n\t\t\t\t\t\t\t\t\t\t\t\t\t\t\t\t<a href=\"https:\/\/arc-refuellers.be\/wp-content\/uploads\/2023\/08\/Designed-To-Endure-Rough-Conditions-and-Operate-in-Extreme-Environments.jpg\" data-elementor-open-lightbox=\"yes\" data-elementor-lightbox-title=\"OLYMPUS DIGITAL CAMERA\" data-e-action-hash=\"#elementor-action%3Aaction%3Dlightbox%26settings%3DeyJpZCI6NTY4OCwidXJsIjoiaHR0cHM6XC9cL2FyYy1yZWZ1ZWxsZXJzLmJlXC93cC1jb250ZW50XC91cGxvYWRzXC8yMDIzXC8wOFwvRGVzaWduZWQtVG8tRW5kdXJlLVJvdWdoLUNvbmRpdGlvbnMtYW5kLU9wZXJhdGUtaW4tRXh0cmVtZS1FbnZpcm9ubWVudHMuanBnIn0%3D\">\n\t\t\t\t\t\t\t<img loading=\"lazy\" decoding=\"async\" width=\"2048\" height=\"1536\" src=\"https:\/\/arc-refuellers.be\/wp-content\/uploads\/2023\/08\/Designed-To-Endure-Rough-Conditions-and-Operate-in-Extreme-Environments.jpg\" class=\"attachment-full size-full wp-image-5688\" alt=\"Designed To Endure Rough Conditions and Operate in Extreme Environments\" srcset=\"https:\/\/arc-refuellers.be\/wp-content\/uploads\/2023\/08\/Designed-To-Endure-Rough-Conditions-and-Operate-in-Extreme-Environments.jpg 2048w, https:\/\/arc-refuellers.be\/wp-content\/uploads\/2023\/08\/Designed-To-Endure-Rough-Conditions-and-Operate-in-Extreme-Environments-768x576.jpg 768w, https:\/\/arc-refuellers.be\/wp-content\/uploads\/2023\/08\/Designed-To-Endure-Rough-Conditions-and-Operate-in-Extreme-Environments-1536x1152.jpg 1536w\" sizes=\"auto, (max-width: 2048px) 100vw, 2048px\" \/>\t\t\t\t\t\t\t\t<\/a>\n\t\t\t\t\t\t\t\t\t\t\t\t\t\t\t<\/div>\n\t\t\t\t<\/div>\n\t\t\t\t\t<\/div>\n\t\t<\/div>\n\t\t\t\t\t<\/div>\n\t\t<\/section>\n\t\t\t\t\t<\/div>\n\t\t<\/div>\n\t\t\t\t\t<\/div>\n\t\t<\/section>\n\t\t\t\t<section class=\"wd-negative-gap elementor-section elementor-top-section elementor-element elementor-element-b521342 wd-section-stretch elementor-section-boxed elementor-section-height-default elementor-section-height-default\" data-id=\"b521342\" data-element_type=\"section\" data-e-type=\"section\" data-settings=\"{&quot;background_background&quot;:&quot;classic&quot;}\">\n\t\t\t\t\t\t<div class=\"elementor-container elementor-column-gap-default\">\n\t\t\t\t\t<div class=\"elementor-column elementor-col-100 elementor-top-column elementor-element elementor-element-7c051bf\" data-id=\"7c051bf\" data-element_type=\"column\" data-e-type=\"column\">\n\t\t\t<div class=\"elementor-widget-wrap elementor-element-populated\">\n\t\t\t\t\t\t<section class=\"wd-negative-gap elementor-section elementor-inner-section elementor-element elementor-element-166177b elementor-section-content-middle elementor-section-boxed elementor-section-height-default elementor-section-height-default\" data-id=\"166177b\" data-element_type=\"section\" data-e-type=\"section\">\n\t\t\t\t\t\t<div class=\"elementor-container elementor-column-gap-default\">\n\t\t\t\t\t<div class=\"elementor-column elementor-col-50 elementor-inner-column elementor-element elementor-element-8a57ebc\" data-id=\"8a57ebc\" data-element_type=\"column\" data-e-type=\"column\">\n\t\t\t<div class=\"elementor-widget-wrap elementor-element-populated\">\n\t\t\t\t\t\t<div class=\"elementor-element elementor-element-ca6ff0a elementor-invisible elementor-widget elementor-widget-heading\" data-id=\"ca6ff0a\" data-element_type=\"widget\" data-e-type=\"widget\" data-settings=\"{&quot;_animation&quot;:&quot;fadeInUp&quot;}\" data-widget_type=\"heading.default\">\n\t\t\t\t<div class=\"elementor-widget-container\">\n\t\t\t\t\t<h4 class=\"elementor-heading-title elementor-size-default\">APLICACIONES MILITARES<\/h4>\t\t\t\t<\/div>\n\t\t\t\t<\/div>\n\t\t\t\t<div class=\"elementor-element elementor-element-8aed459 elementor-invisible elementor-widget elementor-widget-heading\" data-id=\"8aed459\" data-element_type=\"widget\" data-e-type=\"widget\" data-settings=\"{&quot;_animation&quot;:&quot;fadeInUp&quot;}\" data-widget_type=\"heading.default\">\n\t\t\t\t<div class=\"elementor-widget-container\">\n\t\t\t\t\t<h2 class=\"elementor-heading-title elementor-size-default\">Aplicaciones adaptadas a las necesidades y requisitos de cada cliente<\/h2>\t\t\t\t<\/div>\n\t\t\t\t<\/div>\n\t\t\t\t<div class=\"elementor-element elementor-element-f7a9376 color-scheme-inherit text-left elementor-invisible elementor-widget elementor-widget-text-editor\" data-id=\"f7a9376\" data-element_type=\"widget\" data-e-type=\"widget\" data-settings=\"{&quot;_animation&quot;:&quot;fadeInUp&quot;}\" data-widget_type=\"text-editor.default\">\n\t\t\t\t<div class=\"elementor-widget-container\">\n\t\t\t\t\t\t\t\t\t<p><span style=\"color: #01215c;\"><strong>ARC NV<\/strong><\/span> ofrece productos pioneros de calidad y soluciones adaptadas a las necesidades y requisitos de cada cliente. Los repostadores militares de <span style=\"color: #01215c;\"><strong>ARC NV<\/strong><\/span> , incluidas las piezas b\u00e1sicas, pueden manejar combustibles de aviaci\u00f3n que contienen un aditivo de estabilidad t\u00e9rmica y funcionan seg\u00fan las normas militares.<\/p>\n<p>Nuestros Repostadores militares tienen diferentes capacidades para repostar todos los tama\u00f1os de aeronaves militares con diferentes caudales de bombeo en funci\u00f3n de los requisitos de dise\u00f1o en el cumplimiento de las \u00faltimas directrices internacionales de defensa para la instalaci\u00f3n, operaci\u00f3n y mantenimiento, logrando la m\u00e1xima vida \u00fatil combinada con una utilizaci\u00f3n y mantenimiento adecuados.<\/p>\n\t\t\t\t\t\t\t\t<\/div>\n\t\t\t\t<\/div>\n\t\t\t\t<div class=\"elementor-element elementor-element-ce22ef6 elementor-widget elementor-widget-spacer\" data-id=\"ce22ef6\" data-element_type=\"widget\" data-e-type=\"widget\" data-widget_type=\"spacer.default\">\n\t\t\t\t<div class=\"elementor-widget-container\">\n\t\t\t\t\t\t\t<div class=\"elementor-spacer\">\n\t\t\t<div class=\"elementor-spacer-inner\"><\/div>\n\t\t<\/div>\n\t\t\t\t\t\t<\/div>\n\t\t\t\t<\/div>\n\t\t\t\t\t<\/div>\n\t\t<\/div>\n\t\t\t\t<div class=\"elementor-column elementor-col-50 elementor-inner-column elementor-element elementor-element-f5a6e79\" data-id=\"f5a6e79\" data-element_type=\"column\" data-e-type=\"column\">\n\t\t\t<div class=\"elementor-widget-wrap elementor-element-populated\">\n\t\t\t\t\t\t<div class=\"elementor-element elementor-element-ce5789e elementor-invisible elementor-widget elementor-widget-image\" data-id=\"ce5789e\" data-element_type=\"widget\" data-e-type=\"widget\" data-settings=\"{&quot;_animation&quot;:&quot;fadeInDown&quot;}\" data-widget_type=\"image.default\">\n\t\t\t\t<div class=\"elementor-widget-container\">\n\t\t\t\t\t\t\t\t\t\t\t\t\t\t\t<img loading=\"lazy\" decoding=\"async\" width=\"1024\" height=\"599\" src=\"https:\/\/arc-refuellers.be\/wp-content\/uploads\/2023\/08\/Applications-are-Tailored-to-The-Needs-and-Requirements-of-Each-Customer.jpeg\" class=\"attachment-full size-full wp-image-5691\" alt=\"Applications are Tailored to The Needs and Requirements of Each Customer\" srcset=\"https:\/\/arc-refuellers.be\/wp-content\/uploads\/2023\/08\/Applications-are-Tailored-to-The-Needs-and-Requirements-of-Each-Customer.jpeg 1024w, https:\/\/arc-refuellers.be\/wp-content\/uploads\/2023\/08\/Applications-are-Tailored-to-The-Needs-and-Requirements-of-Each-Customer-768x449.jpeg 768w\" sizes=\"auto, (max-width: 1024px) 100vw, 1024px\" \/>\t\t\t\t\t\t\t\t\t\t\t\t\t\t\t<\/div>\n\t\t\t\t<\/div>\n\t\t\t\t\t<\/div>\n\t\t<\/div>\n\t\t\t\t\t<\/div>\n\t\t<\/section>\n\t\t\t\t\t<\/div>\n\t\t<\/div>\n\t\t\t\t\t<\/div>\n\t\t<\/section>\n\t\t\t\t<section class=\"wd-negative-gap elementor-section elementor-top-section elementor-element elementor-element-1cce81f elementor-section-boxed elementor-section-height-default elementor-section-height-default\" data-id=\"1cce81f\" data-element_type=\"section\" data-e-type=\"section\">\n\t\t\t\t\t\t<div class=\"elementor-container elementor-column-gap-default\">\n\t\t\t\t\t<div class=\"elementor-column elementor-col-100 elementor-top-column elementor-element elementor-element-cf65dd5\" data-id=\"cf65dd5\" data-element_type=\"column\" data-e-type=\"column\">\n\t\t\t<div class=\"elementor-widget-wrap elementor-element-populated\">\n\t\t\t\t\t\t<section class=\"wd-negative-gap elementor-section elementor-inner-section elementor-element elementor-element-7d232f5 elementor-section-content-middle elementor-section-boxed elementor-section-height-default elementor-section-height-default\" data-id=\"7d232f5\" data-element_type=\"section\" data-e-type=\"section\">\n\t\t\t\t\t\t<div class=\"elementor-container elementor-column-gap-default\">\n\t\t\t\t\t<div class=\"elementor-column elementor-col-50 elementor-inner-column elementor-element elementor-element-df0266d\" data-id=\"df0266d\" data-element_type=\"column\" data-e-type=\"column\">\n\t\t\t<div class=\"elementor-widget-wrap elementor-element-populated\">\n\t\t\t\t\t\t<div class=\"elementor-element elementor-element-7f41abb elementor-widget elementor-widget-spacer\" data-id=\"7f41abb\" data-element_type=\"widget\" data-e-type=\"widget\" data-widget_type=\"spacer.default\">\n\t\t\t\t<div class=\"elementor-widget-container\">\n\t\t\t\t\t\t\t<div class=\"elementor-spacer\">\n\t\t\t<div class=\"elementor-spacer-inner\"><\/div>\n\t\t<\/div>\n\t\t\t\t\t\t<\/div>\n\t\t\t\t<\/div>\n\t\t\t\t<div class=\"elementor-element elementor-element-03fcc14 elementor-invisible elementor-widget elementor-widget-heading\" data-id=\"03fcc14\" data-element_type=\"widget\" data-e-type=\"widget\" data-settings=\"{&quot;_animation&quot;:&quot;fadeInUp&quot;}\" data-widget_type=\"heading.default\">\n\t\t\t\t<div class=\"elementor-widget-container\">\n\t\t\t\t\t<h4 class=\"elementor-heading-title elementor-size-default\">MANTENIMIENTO Y REPARACIONES<\/h4>\t\t\t\t<\/div>\n\t\t\t\t<\/div>\n\t\t\t\t<div class=\"elementor-element elementor-element-c5f64b7 elementor-invisible elementor-widget elementor-widget-heading\" data-id=\"c5f64b7\" data-element_type=\"widget\" data-e-type=\"widget\" data-settings=\"{&quot;_animation&quot;:&quot;fadeInUp&quot;}\" data-widget_type=\"heading.default\">\n\t\t\t\t<div class=\"elementor-widget-container\">\n\t\t\t\t\t<h2 class=\"elementor-heading-title elementor-size-default\">Una Soluci\u00f3n de Alta Calidad y Asegurada de Extremo a Extremo en el Extranjero<\/h2>\t\t\t\t<\/div>\n\t\t\t\t<\/div>\n\t\t\t\t<div class=\"elementor-element elementor-element-29cbe3d color-scheme-inherit text-left elementor-invisible elementor-widget elementor-widget-text-editor\" data-id=\"29cbe3d\" data-element_type=\"widget\" data-e-type=\"widget\" data-settings=\"{&quot;_animation&quot;:&quot;fadeInUp&quot;}\" data-widget_type=\"text-editor.default\">\n\t\t\t\t<div class=\"elementor-widget-container\">\n\t\t\t\t\t\t\t\t\t<p><span style=\"color: #01215c;\"><strong>ARC NV <\/strong><\/span>tuvo un despliegue que proporcion\u00f3 una amplia gama de servicios t\u00e9cnicos de combustible, incluyendo inspecciones, reparaciones y mantenimiento de nuestro taller en KAF durante muchos a\u00f1os para 20 veh\u00edculos LCAR en una zona de Guerra\/Crisis.<\/p>\n<p><span style=\"color: #01215c;\"><strong>ARC NV<\/strong><\/span> ofrece servicios completos de inspecci\u00f3n, mantenimiento y reparaci\u00f3n en el extranjero con el apoyo de nuestro equipo franc\u00e9s ex-militar bien entrenado y probado a trav\u00e9s de los riesgos que enfrentan rutinariamente tomando el control de servir y entregar la tarea requerida nos permite ofrecer a nuestros clientes una soluci\u00f3n de extremo a extremo de alta calidad y garantizada por \u00abcompartir la propiedad del cliente.\u00bb<\/p>\n\t\t\t\t\t\t\t\t<\/div>\n\t\t\t\t<\/div>\n\t\t\t\t\t<\/div>\n\t\t<\/div>\n\t\t\t\t<div class=\"elementor-column elementor-col-50 elementor-inner-column elementor-element elementor-element-3bbf59a\" data-id=\"3bbf59a\" data-element_type=\"column\" data-e-type=\"column\">\n\t\t\t<div class=\"elementor-widget-wrap elementor-element-populated\">\n\t\t\t\t\t\t<div class=\"elementor-element elementor-element-48c604b elementor-invisible elementor-widget elementor-widget-image\" data-id=\"48c604b\" data-element_type=\"widget\" data-e-type=\"widget\" data-settings=\"{&quot;_animation&quot;:&quot;fadeInDown&quot;}\" data-widget_type=\"image.default\">\n\t\t\t\t<div class=\"elementor-widget-container\">\n\t\t\t\t\t\t\t\t\t\t\t\t\t\t\t\t<a href=\"https:\/\/arc-refuellers.be\/wp-content\/uploads\/2023\/07\/P9130019-e1689430756807.jpg\" data-elementor-open-lightbox=\"yes\" data-elementor-lightbox-title=\"OLYMPUS DIGITAL CAMERA\" data-e-action-hash=\"#elementor-action%3Aaction%3Dlightbox%26settings%3DeyJpZCI6NTYyNSwidXJsIjoiaHR0cHM6XC9cL2FyYy1yZWZ1ZWxsZXJzLmJlXC93cC1jb250ZW50XC91cGxvYWRzXC8yMDIzXC8wN1wvUDkxMzAwMTktZTE2ODk0MzA3NTY4MDcuanBnIn0%3D\">\n\t\t\t\t\t\t\t<img loading=\"lazy\" decoding=\"async\" width=\"1280\" height=\"960\" src=\"https:\/\/arc-refuellers.be\/wp-content\/uploads\/2023\/07\/P9130019-e1689430756807.jpg\" class=\"attachment-full size-full wp-image-5625\" alt=\"A High-Quality and Assured End-To-End Overseas Solution\" \/>\t\t\t\t\t\t\t\t<\/a>\n\t\t\t\t\t\t\t\t\t\t\t\t\t\t\t<\/div>\n\t\t\t\t<\/div>\n\t\t\t\t\t<\/div>\n\t\t<\/div>\n\t\t\t\t\t<\/div>\n\t\t<\/section>\n\t\t\t\t\t<\/div>\n\t\t<\/div>\n\t\t\t\t\t<\/div>\n\t\t<\/section>\n\t\t\t\t<section class=\"wd-negative-gap elementor-section elementor-top-section elementor-element elementor-element-dbeaad7 wd-section-stretch elementor-section-boxed elementor-section-height-default elementor-section-height-default\" data-id=\"dbeaad7\" data-element_type=\"section\" data-e-type=\"section\" data-settings=\"{&quot;background_background&quot;:&quot;classic&quot;}\">\n\t\t\t\t\t\t<div class=\"elementor-container elementor-column-gap-default\">\n\t\t\t\t\t<div class=\"elementor-column elementor-col-100 elementor-top-column elementor-element elementor-element-1d697ff\" data-id=\"1d697ff\" data-element_type=\"column\" data-e-type=\"column\">\n\t\t\t<div class=\"elementor-widget-wrap elementor-element-populated\">\n\t\t\t\t\t\t<section class=\"wd-negative-gap elementor-section elementor-inner-section elementor-element elementor-element-300301e elementor-section-content-middle elementor-section-boxed elementor-section-height-default elementor-section-height-default\" data-id=\"300301e\" data-element_type=\"section\" data-e-type=\"section\">\n\t\t\t\t\t\t<div class=\"elementor-container elementor-column-gap-default\">\n\t\t\t\t\t<div class=\"elementor-column elementor-col-50 elementor-inner-column elementor-element elementor-element-c6d77bd\" data-id=\"c6d77bd\" data-element_type=\"column\" data-e-type=\"column\">\n\t\t\t<div class=\"elementor-widget-wrap elementor-element-populated\">\n\t\t\t\t\t\t<div class=\"elementor-element elementor-element-6afb953 elementor-invisible elementor-widget elementor-widget-heading\" data-id=\"6afb953\" data-element_type=\"widget\" data-e-type=\"widget\" data-settings=\"{&quot;_animation&quot;:&quot;fadeInUp&quot;}\" data-widget_type=\"heading.default\">\n\t\t\t\t<div class=\"elementor-widget-container\">\n\t\t\t\t\t<h4 class=\"elementor-heading-title elementor-size-default\">GESTI\u00d3N DEL CICLO DE VIDA DE LOS VEH\u00cdCULOS <\/h4>\t\t\t\t<\/div>\n\t\t\t\t<\/div>\n\t\t\t\t<div class=\"elementor-element elementor-element-63d8759 elementor-invisible elementor-widget elementor-widget-heading\" data-id=\"63d8759\" data-element_type=\"widget\" data-e-type=\"widget\" data-settings=\"{&quot;_animation&quot;:&quot;fadeInUp&quot;}\" data-widget_type=\"heading.default\">\n\t\t\t\t<div class=\"elementor-widget-container\">\n\t\t\t\t\t<h2 class=\"elementor-heading-title elementor-size-default\">Apoya la disponibilidad y flexibilidad de los veh\u00edculos a\u00e9reos militares<\/h2>\t\t\t\t<\/div>\n\t\t\t\t<\/div>\n\t\t\t\t<div class=\"elementor-element elementor-element-030cb81 color-scheme-inherit text-left elementor-invisible elementor-widget elementor-widget-text-editor\" data-id=\"030cb81\" data-element_type=\"widget\" data-e-type=\"widget\" data-settings=\"{&quot;_animation&quot;:&quot;fadeInUp&quot;}\" data-widget_type=\"text-editor.default\">\n\t\t\t\t<div class=\"elementor-widget-container\">\n\t\t\t\t\t\t\t\t\t<p>Las grandes flotas de Repostadores de Aviones son vitales para la Defensa y la columna vertebral Militar. El &#8216;Programa de Gesti\u00f3n del Ciclo de Vida de Veh\u00edculos&#8217; de <span style=\"color: #01215c;\"><strong>ARC NV<\/strong><\/span> puede compararse con el &#8216;Programa de Extensi\u00f3n de Vida de LCARs&#8217; que apoya la disponibilidad y flexibilidad de los veh\u00edculos a\u00e9reos militares y permite esta capacidad a nuestros clientes.<\/p>\n<p>Nuestras tres \u00e1reas clave son<\/p>\n<ul>\n<li>Dise\u00f1o de una aplicaci\u00f3n militar con profundos conocimientos en producto, suministro, log\u00edstica y entornos de alta empe\u00f1o para garantizar una alta autoridad del producto.<\/li>\n<li>Integridad de los activos mediante la reducci\u00f3n de los costes de mantenimiento, ciclo de vida y funcionamiento, garantizando que nuestras aplicaciones funcionen en uno de los entornos m\u00e1s rigurosos.<\/li>\n<li>Fiabilidad de los equipos identificando y resolviendo las deficiencias de rendimiento de los equipos y reduciendo el riesgo de fallos confirmando la fiabilidad y la solidez del rendimiento.<\/li>\n<\/ul>\n\t\t\t\t\t\t\t\t<\/div>\n\t\t\t\t<\/div>\n\t\t\t\t<div class=\"elementor-element elementor-element-932ac3e elementor-widget elementor-widget-spacer\" data-id=\"932ac3e\" data-element_type=\"widget\" data-e-type=\"widget\" data-widget_type=\"spacer.default\">\n\t\t\t\t<div class=\"elementor-widget-container\">\n\t\t\t\t\t\t\t<div class=\"elementor-spacer\">\n\t\t\t<div class=\"elementor-spacer-inner\"><\/div>\n\t\t<\/div>\n\t\t\t\t\t\t<\/div>\n\t\t\t\t<\/div>\n\t\t\t\t\t<\/div>\n\t\t<\/div>\n\t\t\t\t<div class=\"elementor-column elementor-col-50 elementor-inner-column elementor-element elementor-element-dc5eb89\" data-id=\"dc5eb89\" data-element_type=\"column\" data-e-type=\"column\">\n\t\t\t<div class=\"elementor-widget-wrap elementor-element-populated\">\n\t\t\t\t\t\t<div class=\"elementor-element elementor-element-544d823 elementor-invisible elementor-widget elementor-widget-image\" data-id=\"544d823\" data-element_type=\"widget\" data-e-type=\"widget\" data-settings=\"{&quot;_animation&quot;:&quot;fadeInDown&quot;}\" data-widget_type=\"image.default\">\n\t\t\t\t<div class=\"elementor-widget-container\">\n\t\t\t\t\t\t\t\t\t\t\t\t\t\t\t<img loading=\"lazy\" decoding=\"async\" width=\"2560\" height=\"1920\" src=\"https:\/\/arc-refuellers.be\/wp-content\/uploads\/2023\/08\/VEHICLE-LIFE-CYCLE-MANAGEMENT.jpg\" class=\"attachment-full size-full wp-image-5700\" alt=\"VEHICLE LIFE CYCLE MANAGEMENT\" srcset=\"https:\/\/arc-refuellers.be\/wp-content\/uploads\/2023\/08\/VEHICLE-LIFE-CYCLE-MANAGEMENT.jpg 2560w, https:\/\/arc-refuellers.be\/wp-content\/uploads\/2023\/08\/VEHICLE-LIFE-CYCLE-MANAGEMENT-768x576.jpg 768w, https:\/\/arc-refuellers.be\/wp-content\/uploads\/2023\/08\/VEHICLE-LIFE-CYCLE-MANAGEMENT-1536x1152.jpg 1536w, https:\/\/arc-refuellers.be\/wp-content\/uploads\/2023\/08\/VEHICLE-LIFE-CYCLE-MANAGEMENT-2048x1536.jpg 2048w\" sizes=\"auto, (max-width: 2560px) 100vw, 2560px\" \/>\t\t\t\t\t\t\t\t\t\t\t\t\t\t\t<\/div>\n\t\t\t\t<\/div>\n\t\t\t\t\t<\/div>\n\t\t<\/div>\n\t\t\t\t\t<\/div>\n\t\t<\/section>\n\t\t\t\t\t<\/div>\n\t\t<\/div>\n\t\t\t\t\t<\/div>\n\t\t<\/section>\n\t\t\t\t<\/div>\n\t\t","protected":false},"excerpt":{"rendered":"<p>PRODUCTOS Dise\u00f1ado para soportar condiciones adversas y operar en entornos extremos ARC NV ha desarrollado una s\u00f3lida relaci\u00f3n con organizaciones<\/p>\n","protected":false},"author":1,"featured_media":0,"parent":0,"menu_order":0,"comment_status":"closed","ping_status":"closed","template":"","meta":{"footnotes":""},"class_list":["post-5745","page","type-page","status-publish","hentry"],"_links":{"self":[{"href":"https:\/\/arc-refuellers.be\/es\/wp-json\/wp\/v2\/pages\/5745","targetHints":{"allow":["GET"]}}],"collection":[{"href":"https:\/\/arc-refuellers.be\/es\/wp-json\/wp\/v2\/pages"}],"about":[{"href":"https:\/\/arc-refuellers.be\/es\/wp-json\/wp\/v2\/types\/page"}],"author":[{"embeddable":true,"href":"https:\/\/arc-refuellers.be\/es\/wp-json\/wp\/v2\/users\/1"}],"replies":[{"embeddable":true,"href":"https:\/\/arc-refuellers.be\/es\/wp-json\/wp\/v2\/comments?post=5745"}],"version-history":[{"count":0,"href":"https:\/\/arc-refuellers.be\/es\/wp-json\/wp\/v2\/pages\/5745\/revisions"}],"wp:attachment":[{"href":"https:\/\/arc-refuellers.be\/es\/wp-json\/wp\/v2\/media?parent=5745"}],"curies":[{"name":"wp","href":"https:\/\/api.w.org\/{rel}","templated":true}]}}