{"id":5257,"date":"2023-06-05T13:13:07","date_gmt":"2023-06-05T13:13:07","guid":{"rendered":"https:\/\/arc-refuellers.be\/market-solutions\/"},"modified":"2026-04-03T12:30:10","modified_gmt":"2026-04-03T12:30:10","slug":"market-solutions","status":"publish","type":"page","link":"https:\/\/arc-refuellers.be\/es\/market-solutions\/","title":{"rendered":"Soluciones de mercado"},"content":{"rendered":"\t\t<div data-elementor-type=\"wp-page\" data-elementor-id=\"5257\" class=\"elementor elementor-5257 elementor-390\">\n\t\t\t\t\t\t<section class=\"wd-negative-gap elementor-section elementor-top-section elementor-element elementor-element-a5c7128 elementor-section-boxed elementor-section-height-default elementor-section-height-default\" data-id=\"a5c7128\" data-element_type=\"section\" data-e-type=\"section\">\n\t\t\t\t\t\t<div class=\"elementor-container elementor-column-gap-default\">\n\t\t\t\t\t<div class=\"elementor-column elementor-col-100 elementor-top-column elementor-element elementor-element-33feec3\" data-id=\"33feec3\" data-element_type=\"column\" data-e-type=\"column\">\n\t\t\t<div class=\"elementor-widget-wrap elementor-element-populated\">\n\t\t\t\t\t\t<section class=\"wd-negative-gap elementor-section elementor-inner-section elementor-element elementor-element-1f732c2 elementor-section-content-middle elementor-section-boxed elementor-section-height-default elementor-section-height-default\" data-id=\"1f732c2\" data-element_type=\"section\" data-e-type=\"section\">\n\t\t\t\t\t\t<div class=\"elementor-container elementor-column-gap-default\">\n\t\t\t\t\t<div class=\"elementor-column elementor-col-50 elementor-inner-column elementor-element elementor-element-20b11d0\" data-id=\"20b11d0\" data-element_type=\"column\" data-e-type=\"column\">\n\t\t\t<div class=\"elementor-widget-wrap elementor-element-populated\">\n\t\t\t\t\t\t<div class=\"elementor-element elementor-element-a385359 elementor-invisible elementor-widget elementor-widget-heading\" data-id=\"a385359\" data-element_type=\"widget\" data-e-type=\"widget\" data-settings=\"{&quot;_animation&quot;:&quot;fadeInUp&quot;}\" data-widget_type=\"heading.default\">\n\t\t\t\t<div class=\"elementor-widget-container\">\n\t\t\t\t\t<h4 class=\"elementor-heading-title elementor-size-default\">Soluciones de mercado<\/h4>\t\t\t\t<\/div>\n\t\t\t\t<\/div>\n\t\t\t\t<div class=\"elementor-element elementor-element-44a1b24 elementor-widget__width-initial elementor-invisible elementor-widget elementor-widget-heading\" data-id=\"44a1b24\" data-element_type=\"widget\" data-e-type=\"widget\" data-settings=\"{&quot;_animation&quot;:&quot;fadeInUp&quot;}\" data-widget_type=\"heading.default\">\n\t\t\t\t<div class=\"elementor-widget-container\">\n\t\t\t\t\t<h2 class=\"elementor-heading-title elementor-size-default\">El negocio de reabastecimiento de combustible de aeronaves a la vanguardia del cambio<\/h2>\t\t\t\t<\/div>\n\t\t\t\t<\/div>\n\t\t\t\t<div class=\"elementor-element elementor-element-6fdf502 elementor-widget elementor-widget-spacer\" data-id=\"6fdf502\" data-element_type=\"widget\" data-e-type=\"widget\" data-widget_type=\"spacer.default\">\n\t\t\t\t<div class=\"elementor-widget-container\">\n\t\t\t\t\t\t\t<div class=\"elementor-spacer\">\n\t\t\t<div class=\"elementor-spacer-inner\"><\/div>\n\t\t<\/div>\n\t\t\t\t\t\t<\/div>\n\t\t\t\t<\/div>\n\t\t\t\t<div class=\"elementor-element elementor-element-8bed434 color-scheme-inherit text-left elementor-invisible elementor-widget elementor-widget-text-editor\" data-id=\"8bed434\" data-element_type=\"widget\" data-e-type=\"widget\" data-settings=\"{&quot;_animation&quot;:&quot;fadeInUp&quot;}\" data-widget_type=\"text-editor.default\">\n\t\t\t\t<div class=\"elementor-widget-container\">\n\t\t\t\t\t\t\t\t\t<p>En el \u00e1mbito del negocio de reabastecimiento de combustible de aeronaves, los vientos de cambio soplan a una velocidad sin precedentes, impulsados por fuertes medidas legislativas como el Pacto Verde Europeo, destinado a cumplir ambiciosos objetivos clim\u00e1ticos.<\/p>\n<p>En el centro de este panorama transformador, existe un marco articulado estructurado en torno a cuatro impulsores fundamentales de la descarbonizaci\u00f3n en la industria de la aviaci\u00f3n: aeropuertos, compa\u00f1\u00edas petroleras, empresas de construcci\u00f3n de equipos y proveedores de servicios en el avi\u00f3n. En lo que puede describirse como una visi\u00f3n definitiva del futuro, estos sectores se est\u00e1n preparando para una revisi\u00f3n significativa, ya que est\u00e1n entrelazados pero son integrales en el suministro de combustible no solo a los aviones, sino tambi\u00e9n a la innovaci\u00f3n y la sostenibilidad en la aviaci\u00f3n.<\/p>\n<p><strong>ARC NV<\/strong> est\u00e1 posicionada en esta intersecci\u00f3n estrat\u00e9gica, lista para navegar el cambio con su profundo conocimiento y experiencia en el dise\u00f1o, construcci\u00f3n y mantenimiento de veh\u00edculos de reabastecimiento de aeronaves. Aqu\u00ed hay un examen m\u00e1s detallado de los desaf\u00edos y c\u00f3mo ARC NV est\u00e1 dise\u00f1ado para catapultar el sector de reabastecimiento de combustible de aviaci\u00f3n a una era m\u00e1s ecol\u00f3gica y sostenible.<\/p>\n\t\t\t\t\t\t\t\t<\/div>\n\t\t\t\t<\/div>\n\t\t\t\t\t<\/div>\n\t\t<\/div>\n\t\t\t\t<div class=\"elementor-column elementor-col-50 elementor-inner-column elementor-element elementor-element-f831345\" data-id=\"f831345\" data-element_type=\"column\" data-e-type=\"column\">\n\t\t\t<div class=\"elementor-widget-wrap elementor-element-populated\">\n\t\t\t\t\t\t<div class=\"elementor-element elementor-element-583f6be elementor-invisible elementor-widget elementor-widget-image\" data-id=\"583f6be\" data-element_type=\"widget\" data-e-type=\"widget\" data-settings=\"{&quot;_animation&quot;:&quot;fadeInDown&quot;}\" data-widget_type=\"image.default\">\n\t\t\t\t<div class=\"elementor-widget-container\">\n\t\t\t\t\t\t\t\t\t\t\t\t\t\t\t<img loading=\"lazy\" decoding=\"async\" width=\"2560\" height=\"1920\" src=\"https:\/\/arc-refuellers.be\/wp-content\/uploads\/2023\/06\/Total-Ombouw-35.000L-scaled.jpg\" class=\"attachment-full size-full wp-image-4785\" alt=\"\" srcset=\"https:\/\/arc-refuellers.be\/wp-content\/uploads\/2023\/06\/Total-Ombouw-35.000L-scaled.jpg 2560w, https:\/\/arc-refuellers.be\/wp-content\/uploads\/2023\/06\/Total-Ombouw-35.000L-768x576.jpg 768w, https:\/\/arc-refuellers.be\/wp-content\/uploads\/2023\/06\/Total-Ombouw-35.000L-1536x1152.jpg 1536w, https:\/\/arc-refuellers.be\/wp-content\/uploads\/2023\/06\/Total-Ombouw-35.000L-2048x1536.jpg 2048w\" sizes=\"auto, (max-width: 2560px) 100vw, 2560px\" \/>\t\t\t\t\t\t\t\t\t\t\t\t\t\t\t<\/div>\n\t\t\t\t<\/div>\n\t\t\t\t\t<\/div>\n\t\t<\/div>\n\t\t\t\t\t<\/div>\n\t\t<\/section>\n\t\t\t\t\t<\/div>\n\t\t<\/div>\n\t\t\t\t\t<\/div>\n\t\t<\/section>\n\t\t\t\t<section class=\"wd-negative-gap elementor-section elementor-inner-section elementor-element elementor-element-24a25417 elementor-section-content-middle wd-section-stretch elementor-section-boxed elementor-section-height-default elementor-section-height-default\" data-id=\"24a25417\" data-element_type=\"section\" data-e-type=\"section\" data-settings=\"{&quot;background_background&quot;:&quot;classic&quot;}\">\n\t\t\t\t\t\t<div class=\"elementor-container elementor-column-gap-default\">\n\t\t\t\t\t<div class=\"elementor-column elementor-col-50 elementor-inner-column elementor-element elementor-element-788b9aca\" data-id=\"788b9aca\" data-element_type=\"column\" data-e-type=\"column\">\n\t\t\t<div class=\"elementor-widget-wrap elementor-element-populated\">\n\t\t\t\t\t\t<div class=\"elementor-element elementor-element-fcc4083 elementor-invisible elementor-widget elementor-widget-image\" data-id=\"fcc4083\" data-element_type=\"widget\" data-e-type=\"widget\" data-settings=\"{&quot;_animation&quot;:&quot;fadeInDown&quot;}\" data-widget_type=\"image.default\">\n\t\t\t\t<div class=\"elementor-widget-container\">\n\t\t\t\t\t\t\t\t\t\t\t\t\t\t\t<img loading=\"lazy\" decoding=\"async\" width=\"500\" height=\"300\" src=\"https:\/\/arc-refuellers.be\/wp-content\/uploads\/2024\/02\/73876_1590925141-1-q7mysn3pip0h4bykus7ppsyxzl2eut1y0gxlgdrbnc.jpg\" class=\"attachment-full size-full wp-image-6455\" alt=\"\" \/>\t\t\t\t\t\t\t\t\t\t\t\t\t\t\t<\/div>\n\t\t\t\t<\/div>\n\t\t\t\t\t<\/div>\n\t\t<\/div>\n\t\t\t\t<div class=\"elementor-column elementor-col-50 elementor-inner-column elementor-element elementor-element-5d9aa6ab\" data-id=\"5d9aa6ab\" data-element_type=\"column\" data-e-type=\"column\">\n\t\t\t<div class=\"elementor-widget-wrap elementor-element-populated\">\n\t\t\t\t\t\t<div class=\"elementor-element elementor-element-7cd69cae elementor-widget__width-initial elementor-invisible elementor-widget elementor-widget-heading\" data-id=\"7cd69cae\" data-element_type=\"widget\" data-e-type=\"widget\" data-settings=\"{&quot;_animation&quot;:&quot;fadeInUp&quot;}\" data-widget_type=\"heading.default\">\n\t\t\t\t<div class=\"elementor-widget-container\">\n\t\t\t\t\t<h2 class=\"elementor-heading-title elementor-size-default\">El reto: los aeropuertos<\/h2>\t\t\t\t<\/div>\n\t\t\t\t<\/div>\n\t\t\t\t<div class=\"elementor-element elementor-element-538d95b2 elementor-widget elementor-widget-spacer\" data-id=\"538d95b2\" data-element_type=\"widget\" data-e-type=\"widget\" data-widget_type=\"spacer.default\">\n\t\t\t\t<div class=\"elementor-widget-container\">\n\t\t\t\t\t\t\t<div class=\"elementor-spacer\">\n\t\t\t<div class=\"elementor-spacer-inner\"><\/div>\n\t\t<\/div>\n\t\t\t\t\t\t<\/div>\n\t\t\t\t<\/div>\n\t\t\t\t<div class=\"elementor-element elementor-element-14c245e3 elementor-widget-mobile__width-initial elementor-widget__width-initial color-scheme-inherit text-left elementor-invisible elementor-widget elementor-widget-text-editor\" data-id=\"14c245e3\" data-element_type=\"widget\" data-e-type=\"widget\" data-settings=\"{&quot;_animation&quot;:&quot;fadeInUp&quot;}\" data-widget_type=\"text-editor.default\">\n\t\t\t\t<div class=\"elementor-widget-container\">\n\t\t\t\t\t\t\t\t\t<p>Los aeropuertos se erigen como centros colosales de transporte y tecnolog\u00eda, que ahora se enfrentan a la formidable tarea de integrar nuevas tecnolog\u00edas para cumplir con los objetivos clim\u00e1ticos. En el futuro, los aeropuertos invertir\u00e1n fuertemente en electrificaci\u00f3n, infraestructura de combustible de hidr\u00f3geno y otras tecnolog\u00edas de vanguardia que se alineen con los estrictos est\u00e1ndares ambientales al tiempo que garantizan la seguridad de las operaciones.<\/p>\n\t\t\t\t\t\t\t\t<\/div>\n\t\t\t\t<\/div>\n\t\t\t\t\t<\/div>\n\t\t<\/div>\n\t\t\t\t\t<\/div>\n\t\t<\/section>\n\t\t\t\t<section class=\"wd-negative-gap elementor-section elementor-inner-section elementor-element elementor-element-3ed05f83 elementor-section-content-middle wd-section-stretch elementor-section-boxed elementor-section-height-default elementor-section-height-default\" data-id=\"3ed05f83\" data-element_type=\"section\" data-e-type=\"section\" data-settings=\"{&quot;background_background&quot;:&quot;classic&quot;}\">\n\t\t\t\t\t\t<div class=\"elementor-container elementor-column-gap-default\">\n\t\t\t\t\t<div class=\"elementor-column elementor-col-50 elementor-inner-column elementor-element elementor-element-7200b175\" data-id=\"7200b175\" data-element_type=\"column\" data-e-type=\"column\">\n\t\t\t<div class=\"elementor-widget-wrap elementor-element-populated\">\n\t\t\t\t\t\t<div class=\"elementor-element elementor-element-7d882a1 elementor-invisible elementor-widget elementor-widget-heading\" data-id=\"7d882a1\" data-element_type=\"widget\" data-e-type=\"widget\" data-settings=\"{&quot;_animation&quot;:&quot;fadeInUp&quot;}\" data-widget_type=\"heading.default\">\n\t\t\t\t<div class=\"elementor-widget-container\">\n\t\t\t\t\t<h2 class=\"elementor-heading-title elementor-size-default\">El reto: las compa\u00f1\u00edas petroleras<\/h2>\t\t\t\t<\/div>\n\t\t\t\t<\/div>\n\t\t\t\t<div class=\"elementor-element elementor-element-14df12ec elementor-widget__width-initial color-scheme-inherit text-left elementor-invisible elementor-widget elementor-widget-text-editor\" data-id=\"14df12ec\" data-element_type=\"widget\" data-e-type=\"widget\" data-settings=\"{&quot;_animation&quot;:&quot;fadeInUp&quot;}\" data-widget_type=\"text-editor.default\">\n\t\t\t\t<div class=\"elementor-widget-container\">\n\t\t\t\t\t\t\t\t\t<p>Las compa\u00f1\u00edas petroleras, tradicionalmente los titanes de la energ\u00eda, se encuentran en una encrucijada. Con la presi\u00f3n legislativa para disminuir las emisiones de carbono, deben invertir y desarrollar tecnolog\u00edas nuevas y sostenibles. Sus carteras se est\u00e1n ampliando para incluir combustibles alternativos que prometen reducir las emisiones de CO2 y mantener el esp\u00edritu del Pacto Verde.<\/p>\n\t\t\t\t\t\t\t\t<\/div>\n\t\t\t\t<\/div>\n\t\t\t\t\t<\/div>\n\t\t<\/div>\n\t\t\t\t<div class=\"elementor-column elementor-col-50 elementor-inner-column elementor-element elementor-element-11b9ba17\" data-id=\"11b9ba17\" data-element_type=\"column\" data-e-type=\"column\">\n\t\t\t<div class=\"elementor-widget-wrap elementor-element-populated\">\n\t\t\t\t\t\t<div class=\"elementor-element elementor-element-636cca0 elementor-invisible elementor-widget elementor-widget-image\" data-id=\"636cca0\" data-element_type=\"widget\" data-e-type=\"widget\" data-settings=\"{&quot;_animation&quot;:&quot;fadeInUp&quot;,&quot;_animation_delay&quot;:150}\" data-widget_type=\"image.default\">\n\t\t\t\t<div class=\"elementor-widget-container\">\n\t\t\t\t\t\t\t\t\t\t\t\t\t\t\t<img loading=\"lazy\" decoding=\"async\" width=\"1356\" height=\"829\" src=\"https:\/\/arc-refuellers.be\/wp-content\/uploads\/2023\/06\/MARKET-SOLUTIONS-oil-compines-image.jpg\" class=\"attachment-full size-full wp-image-5027\" alt=\"\" srcset=\"https:\/\/arc-refuellers.be\/wp-content\/uploads\/2023\/06\/MARKET-SOLUTIONS-oil-compines-image.jpg 1356w, https:\/\/arc-refuellers.be\/wp-content\/uploads\/2023\/06\/MARKET-SOLUTIONS-oil-compines-image-768x470.jpg 768w\" sizes=\"auto, (max-width: 1356px) 100vw, 1356px\" \/>\t\t\t\t\t\t\t\t\t\t\t\t\t\t\t<\/div>\n\t\t\t\t<\/div>\n\t\t\t\t\t<\/div>\n\t\t<\/div>\n\t\t\t\t\t<\/div>\n\t\t<\/section>\n\t\t\t\t<section class=\"wd-negative-gap elementor-section elementor-inner-section elementor-element elementor-element-536d8352 elementor-section-content-middle elementor-section-boxed elementor-section-height-default elementor-section-height-default\" data-id=\"536d8352\" data-element_type=\"section\" data-e-type=\"section\">\n\t\t\t\t\t\t<div class=\"elementor-container elementor-column-gap-default\">\n\t\t\t\t\t<div class=\"elementor-column elementor-col-50 elementor-inner-column elementor-element elementor-element-341fef66\" data-id=\"341fef66\" data-element_type=\"column\" data-e-type=\"column\">\n\t\t\t<div class=\"elementor-widget-wrap elementor-element-populated\">\n\t\t\t\t\t\t<div class=\"elementor-element elementor-element-74a5454 elementor-invisible elementor-widget elementor-widget-image\" data-id=\"74a5454\" data-element_type=\"widget\" data-e-type=\"widget\" data-settings=\"{&quot;_animation&quot;:&quot;fadeInUp&quot;,&quot;_animation_delay&quot;:150}\" data-widget_type=\"image.default\">\n\t\t\t\t<div class=\"elementor-widget-container\">\n\t\t\t\t\t\t\t\t\t\t\t\t\t\t\t<img decoding=\"async\" src=\"https:\/\/arc-refuellers.be\/wp-content\/uploads\/elementor\/thumbs\/N-146-oud-scaled-q7n22ub2xotj329nndjsrh6n6wh1slat9i8p00i37c.jpg\" title=\"N-146 oud\" alt=\"N-146 oud\" loading=\"lazy\" \/>\t\t\t\t\t\t\t\t\t\t\t\t\t\t\t<\/div>\n\t\t\t\t<\/div>\n\t\t\t\t\t<\/div>\n\t\t<\/div>\n\t\t\t\t<div class=\"elementor-column elementor-col-50 elementor-inner-column elementor-element elementor-element-8e56c6d\" data-id=\"8e56c6d\" data-element_type=\"column\" data-e-type=\"column\">\n\t\t\t<div class=\"elementor-widget-wrap elementor-element-populated\">\n\t\t\t\t\t\t<div class=\"elementor-element elementor-element-39c1baa4 elementor-invisible elementor-widget elementor-widget-heading\" data-id=\"39c1baa4\" data-element_type=\"widget\" data-e-type=\"widget\" data-settings=\"{&quot;_animation&quot;:&quot;fadeInUp&quot;}\" data-widget_type=\"heading.default\">\n\t\t\t\t<div class=\"elementor-widget-container\">\n\t\t\t\t\t<h2 class=\"elementor-heading-title elementor-size-default\">El Desaf\u00edo: Construcci\u00f3n, Inspecci\u00f3n y Mantenimiento de Equipos<\/h2>\t\t\t\t<\/div>\n\t\t\t\t<\/div>\n\t\t\t\t<div class=\"elementor-element elementor-element-31a58abc color-scheme-inherit text-left elementor-invisible elementor-widget elementor-widget-text-editor\" data-id=\"31a58abc\" data-element_type=\"widget\" data-e-type=\"widget\" data-settings=\"{&quot;_animation&quot;:&quot;fadeInUp&quot;}\" data-widget_type=\"text-editor.default\">\n\t\t\t\t<div class=\"elementor-widget-container\">\n\t\t\t\t\t\t\t\t\t<p>Las empresas especializadas en la construcci\u00f3n, inspecci\u00f3n y mantenimiento de equipos de reabastecimiento de combustible se est\u00e1n aventurando en territorios inexplorados, modernizando los veh\u00edculos existentes con tecnolog\u00edas ecol\u00f3gicas. Este minucioso proceso debe equilibrar la adopci\u00f3n de la innovaci\u00f3n, el cumplimiento de los objetivos clim\u00e1ticos y la conservaci\u00f3n de la funcionalidad y los est\u00e1ndares de seguridad de estos activos de aviaci\u00f3n cr\u00edticos.<\/p>\n\t\t\t\t\t\t\t\t<\/div>\n\t\t\t\t<\/div>\n\t\t\t\t\t<\/div>\n\t\t<\/div>\n\t\t\t\t\t<\/div>\n\t\t<\/section>\n\t\t\t\t<section class=\"wd-negative-gap elementor-section elementor-inner-section elementor-element elementor-element-5212e44 elementor-section-content-middle wd-section-stretch elementor-section-boxed elementor-section-height-default elementor-section-height-default\" data-id=\"5212e44\" data-element_type=\"section\" data-e-type=\"section\" data-settings=\"{&quot;background_background&quot;:&quot;classic&quot;}\">\n\t\t\t\t\t\t<div class=\"elementor-container elementor-column-gap-default\">\n\t\t\t\t\t<div class=\"elementor-column elementor-col-50 elementor-inner-column elementor-element elementor-element-d918410\" data-id=\"d918410\" data-element_type=\"column\" data-e-type=\"column\">\n\t\t\t<div class=\"elementor-widget-wrap elementor-element-populated\">\n\t\t\t\t\t\t<div class=\"elementor-element elementor-element-a58b785 elementor-invisible elementor-widget elementor-widget-image\" data-id=\"a58b785\" data-element_type=\"widget\" data-e-type=\"widget\" data-settings=\"{&quot;_animation&quot;:&quot;fadeInDown&quot;}\" data-widget_type=\"image.default\">\n\t\t\t\t<div class=\"elementor-widget-container\">\n\t\t\t\t\t\t\t\t\t\t\t\t\t\t\t<img loading=\"lazy\" decoding=\"async\" width=\"800\" height=\"533\" src=\"https:\/\/arc-refuellers.be\/wp-content\/uploads\/2023\/06\/1658299058880-Copyright-of-Shell-Aviation-2.jpg\" class=\"attachment-full size-full wp-image-5138\" alt=\"\" srcset=\"https:\/\/arc-refuellers.be\/wp-content\/uploads\/2023\/06\/1658299058880-Copyright-of-Shell-Aviation-2.jpg 800w, https:\/\/arc-refuellers.be\/wp-content\/uploads\/2023\/06\/1658299058880-Copyright-of-Shell-Aviation-2-768x512.jpg 768w\" sizes=\"auto, (max-width: 800px) 100vw, 800px\" \/>\t\t\t\t\t\t\t\t\t\t\t\t\t\t\t<\/div>\n\t\t\t\t<\/div>\n\t\t\t\t\t<\/div>\n\t\t<\/div>\n\t\t\t\t<div class=\"elementor-column elementor-col-50 elementor-inner-column elementor-element elementor-element-66905a3\" data-id=\"66905a3\" data-element_type=\"column\" data-e-type=\"column\">\n\t\t\t<div class=\"elementor-widget-wrap elementor-element-populated\">\n\t\t\t\t\t\t<div class=\"elementor-element elementor-element-edb8325 elementor-widget__width-initial elementor-invisible elementor-widget elementor-widget-heading\" data-id=\"edb8325\" data-element_type=\"widget\" data-e-type=\"widget\" data-settings=\"{&quot;_animation&quot;:&quot;fadeInUp&quot;}\" data-widget_type=\"heading.default\">\n\t\t\t\t<div class=\"elementor-widget-container\">\n\t\t\t\t\t<h2 class=\"elementor-heading-title elementor-size-default\">El reto: los servicios into-plane<\/h2>\t\t\t\t<\/div>\n\t\t\t\t<\/div>\n\t\t\t\t<div class=\"elementor-element elementor-element-dc0bf6a elementor-widget elementor-widget-spacer\" data-id=\"dc0bf6a\" data-element_type=\"widget\" data-e-type=\"widget\" data-widget_type=\"spacer.default\">\n\t\t\t\t<div class=\"elementor-widget-container\">\n\t\t\t\t\t\t\t<div class=\"elementor-spacer\">\n\t\t\t<div class=\"elementor-spacer-inner\"><\/div>\n\t\t<\/div>\n\t\t\t\t\t\t<\/div>\n\t\t\t\t<\/div>\n\t\t\t\t<div class=\"elementor-element elementor-element-8c094f7 elementor-widget-mobile__width-initial elementor-widget__width-initial color-scheme-inherit text-left elementor-invisible elementor-widget elementor-widget-text-editor\" data-id=\"8c094f7\" data-element_type=\"widget\" data-e-type=\"widget\" data-settings=\"{&quot;_animation&quot;:&quot;fadeInUp&quot;}\" data-widget_type=\"text-editor.default\">\n\t\t\t\t<div class=\"elementor-widget-container\">\n\t\t\t\t\t\t\t\t\t<p>Para Into-Plane Services, la llegada de los <a href=\"https:\/\/gm-cg.com\/e-vehicles\/\">veh\u00edculos el\u00e9ctricos<\/a> (PHEV o EV completos) presenta tanto una oportunidad como un desaf\u00edo. La forma en que estos servicios adapten sus protocolos operativos y medidas de seguridad para adaptarse a las nuevas necesidades de la industria de la aviaci\u00f3n durante el reabastecimiento de combustible ser\u00e1 de suma importancia.<\/p>\n\t\t\t\t\t\t\t\t<\/div>\n\t\t\t\t<\/div>\n\t\t\t\t\t<\/div>\n\t\t<\/div>\n\t\t\t\t\t<\/div>\n\t\t<\/section>\n\t\t\t\t<section class=\"wd-negative-gap elementor-section elementor-inner-section elementor-element elementor-element-6223cc0 elementor-section-content-middle wd-section-stretch elementor-section-boxed elementor-section-height-default elementor-section-height-default\" data-id=\"6223cc0\" data-element_type=\"section\" data-e-type=\"section\" data-settings=\"{&quot;background_background&quot;:&quot;classic&quot;}\">\n\t\t\t\t\t\t<div class=\"elementor-container elementor-column-gap-default\">\n\t\t\t\t\t<div class=\"elementor-column elementor-col-50 elementor-inner-column elementor-element elementor-element-b080291\" data-id=\"b080291\" data-element_type=\"column\" data-e-type=\"column\">\n\t\t\t<div class=\"elementor-widget-wrap elementor-element-populated\">\n\t\t\t\t\t\t<div class=\"elementor-element elementor-element-053e83a elementor-invisible elementor-widget elementor-widget-heading\" data-id=\"053e83a\" data-element_type=\"widget\" data-e-type=\"widget\" data-settings=\"{&quot;_animation&quot;:&quot;fadeInUp&quot;}\" data-widget_type=\"heading.default\">\n\t\t\t\t<div class=\"elementor-widget-container\">\n\t\t\t\t\t<h2 class=\"elementor-heading-title elementor-size-default\">Dando forma al futuro del abastecimiento de combustible en aviaci\u00f3n<\/h2>\t\t\t\t<\/div>\n\t\t\t\t<\/div>\n\t\t\t\t<div class=\"elementor-element elementor-element-70455f8 elementor-widget__width-initial color-scheme-inherit text-left elementor-invisible elementor-widget elementor-widget-text-editor\" data-id=\"70455f8\" data-element_type=\"widget\" data-e-type=\"widget\" data-settings=\"{&quot;_animation&quot;:&quot;fadeInUp&quot;}\" data-widget_type=\"text-editor.default\">\n\t\t\t\t<div class=\"elementor-widget-container\">\n\t\t\t\t\t\t\t\t\t<p><strong>ARC NV<\/strong>, fundada en 1994, ha evolucionado m\u00e1s all\u00e1 de su funci\u00f3n original de construir, mantener y reacondicionar equipos de abastecimiento de combustible para aeronaves. Hoy en d\u00eda, somos un actor activo en la transformaci\u00f3n de la industria del abastecimiento de combustible en aviaci\u00f3n, impulsando la innovaci\u00f3n, la excelencia operativa y la sostenibilidad a largo plazo.<\/p><p>Nuestro enfoque es claro: apoyar al sector en la adopci\u00f3n de tecnolog\u00edas de abastecimiento de nueva generaci\u00f3n, alineadas con la visi\u00f3n europea hacia 2030, incluyendo la descarbonizaci\u00f3n, la digitalizaci\u00f3n y el refuerzo de los est\u00e1ndares de seguridad en las operaciones aeron\u00e1uticas.<\/p><p>Con d\u00e9cadas de experiencia en ingenier\u00eda, <strong>ARC NV<\/strong> contin\u00faa ofreciendo soluciones que combinan precisi\u00f3n, fiabilidad y rendimiento a lo largo de todo el ciclo de vida, garantizando sistemas de abastecimiento conformes, eficientes y preparados para el futuro.<\/p><p>A medida que la industria evoluciona, mantenemos nuestro compromiso de apoyar a los operadores con soluciones pr\u00e1cticas, basadas en la ingenier\u00eda y orientadas a la excelencia operativa.<\/p>\t\t\t\t\t\t\t\t<\/div>\n\t\t\t\t<\/div>\n\t\t\t\t\t<\/div>\n\t\t<\/div>\n\t\t\t\t<div class=\"elementor-column elementor-col-50 elementor-inner-column elementor-element elementor-element-7c934c1\" data-id=\"7c934c1\" data-element_type=\"column\" data-e-type=\"column\">\n\t\t\t<div class=\"elementor-widget-wrap elementor-element-populated\">\n\t\t\t\t\t\t<div class=\"elementor-element elementor-element-00f1821 elementor-invisible elementor-widget elementor-widget-image\" data-id=\"00f1821\" data-element_type=\"widget\" data-e-type=\"widget\" data-settings=\"{&quot;_animation&quot;:&quot;fadeInUp&quot;,&quot;_animation_delay&quot;:150}\" data-widget_type=\"image.default\">\n\t\t\t\t<div class=\"elementor-widget-container\">\n\t\t\t\t\t\t\t\t\t\t\t\t\t\t\t<img loading=\"lazy\" decoding=\"async\" width=\"548\" height=\"529\" src=\"https:\/\/arc-refuellers.be\/wp-content\/uploads\/2026\/04\/3D-WEB.png\" class=\"attachment-full size-full wp-image-8456\" alt=\"\" \/>\t\t\t\t\t\t\t\t\t\t\t\t\t\t\t<\/div>\n\t\t\t\t<\/div>\n\t\t\t\t\t<\/div>\n\t\t<\/div>\n\t\t\t\t\t<\/div>\n\t\t<\/section>\n\t\t\t\t<\/div>\n\t\t","protected":false},"excerpt":{"rendered":"<p>Soluciones de mercado El negocio de reabastecimiento de combustible de aeronaves a la vanguardia del cambio En el \u00e1mbito del<\/p>\n","protected":false},"author":1,"featured_media":6889,"parent":0,"menu_order":0,"comment_status":"closed","ping_status":"closed","template":"","meta":{"footnotes":""},"class_list":["post-5257","page","type-page","status-publish","has-post-thumbnail","hentry"],"_links":{"self":[{"href":"https:\/\/arc-refuellers.be\/es\/wp-json\/wp\/v2\/pages\/5257","targetHints":{"allow":["GET"]}}],"collection":[{"href":"https:\/\/arc-refuellers.be\/es\/wp-json\/wp\/v2\/pages"}],"about":[{"href":"https:\/\/arc-refuellers.be\/es\/wp-json\/wp\/v2\/types\/page"}],"author":[{"embeddable":true,"href":"https:\/\/arc-refuellers.be\/es\/wp-json\/wp\/v2\/users\/1"}],"replies":[{"embeddable":true,"href":"https:\/\/arc-refuellers.be\/es\/wp-json\/wp\/v2\/comments?post=5257"}],"version-history":[{"count":3,"href":"https:\/\/arc-refuellers.be\/es\/wp-json\/wp\/v2\/pages\/5257\/revisions"}],"predecessor-version":[{"id":8465,"href":"https:\/\/arc-refuellers.be\/es\/wp-json\/wp\/v2\/pages\/5257\/revisions\/8465"}],"wp:featuredmedia":[{"embeddable":true,"href":"https:\/\/arc-refuellers.be\/es\/wp-json\/wp\/v2\/media\/6889"}],"wp:attachment":[{"href":"https:\/\/arc-refuellers.be\/es\/wp-json\/wp\/v2\/media?parent=5257"}],"curies":[{"name":"wp","href":"https:\/\/api.w.org\/{rel}","templated":true}]}}