{"id":5245,"date":"2023-06-06T15:39:05","date_gmt":"2023-06-06T15:39:05","guid":{"rendered":"https:\/\/arc-refuellers.be\/services\/vehicle-life-cycle-management\/"},"modified":"2024-04-04T09:37:53","modified_gmt":"2024-04-04T09:37:53","slug":"vehicle-life-cycle-management","status":"publish","type":"page","link":"https:\/\/arc-refuellers.be\/es\/services\/vehicle-life-cycle-management\/","title":{"rendered":"Gesti\u00f3n del ciclo de vida del veh\u00edculo"},"content":{"rendered":"\t\t<div data-elementor-type=\"wp-page\" data-elementor-id=\"5245\" class=\"elementor elementor-5245 elementor-583\">\n\t\t\t\t\t\t<section class=\"wd-negative-gap elementor-section elementor-top-section elementor-element elementor-element-778a6d9 elementor-section-boxed elementor-section-height-default elementor-section-height-default\" data-id=\"778a6d9\" data-element_type=\"section\" data-e-type=\"section\">\n\t\t\t\t\t\t<div class=\"elementor-container elementor-column-gap-default\">\n\t\t\t\t\t<div class=\"elementor-column elementor-col-100 elementor-top-column elementor-element elementor-element-dd2bbb1\" data-id=\"dd2bbb1\" data-element_type=\"column\" data-e-type=\"column\">\n\t\t\t<div class=\"elementor-widget-wrap elementor-element-populated\">\n\t\t\t\t\t\t<section class=\"wd-negative-gap elementor-section elementor-inner-section elementor-element elementor-element-0b6f8b4 elementor-section-content-middle elementor-section-boxed elementor-section-height-default elementor-section-height-default\" data-id=\"0b6f8b4\" data-element_type=\"section\" data-e-type=\"section\">\n\t\t\t\t\t\t<div class=\"elementor-container elementor-column-gap-default\">\n\t\t\t\t\t<div class=\"elementor-column elementor-col-50 elementor-inner-column elementor-element elementor-element-228e89f\" data-id=\"228e89f\" data-element_type=\"column\" data-e-type=\"column\">\n\t\t\t<div class=\"elementor-widget-wrap elementor-element-populated\">\n\t\t\t\t\t\t<div class=\"elementor-element elementor-element-8b5e4c4 elementor-invisible elementor-widget elementor-widget-heading\" data-id=\"8b5e4c4\" data-element_type=\"widget\" data-e-type=\"widget\" data-settings=\"{&quot;_animation&quot;:&quot;fadeInUp&quot;}\" data-widget_type=\"heading.default\">\n\t\t\t\t<div class=\"elementor-widget-container\">\n\t\t\t\t\t<h4 class=\"elementor-heading-title elementor-size-default\">SERVICIOS<\/h4>\t\t\t\t<\/div>\n\t\t\t\t<\/div>\n\t\t\t\t<div class=\"elementor-element elementor-element-7dba488 elementor-widget__width-initial elementor-invisible elementor-widget elementor-widget-heading\" data-id=\"7dba488\" data-element_type=\"widget\" data-e-type=\"widget\" data-settings=\"{&quot;_animation&quot;:&quot;fadeInUp&quot;}\" data-widget_type=\"heading.default\">\n\t\t\t\t<div class=\"elementor-widget-container\">\n\t\t\t\t\t<h1 class=\"elementor-heading-title elementor-size-small\">Aproveche e integre completamente los programas de equipos existentes<\/h1>\t\t\t\t<\/div>\n\t\t\t\t<\/div>\n\t\t\t\t<div class=\"elementor-element elementor-element-ddd51fa elementor-widget elementor-widget-spacer\" data-id=\"ddd51fa\" data-element_type=\"widget\" data-e-type=\"widget\" data-widget_type=\"spacer.default\">\n\t\t\t\t<div class=\"elementor-widget-container\">\n\t\t\t\t\t\t\t<div class=\"elementor-spacer\">\n\t\t\t<div class=\"elementor-spacer-inner\"><\/div>\n\t\t<\/div>\n\t\t\t\t\t\t<\/div>\n\t\t\t\t<\/div>\n\t\t\t\t<div class=\"elementor-element elementor-element-e152366 elementor-widget-mobile__width-initial color-scheme-inherit text-left elementor-invisible elementor-widget elementor-widget-text-editor\" data-id=\"e152366\" data-element_type=\"widget\" data-e-type=\"widget\" data-settings=\"{&quot;_animation&quot;:&quot;fadeInUp&quot;}\" data-widget_type=\"text-editor.default\">\n\t\t\t\t<div class=\"elementor-widget-container\">\n\t\t\t\t\t\t\t\t\t<p>Dise\u00f1amos nuestros programas para aprovechar e integrar completamente los programas, procesos y procedimientos de equipos existentes. Como resultado, cumplimos de manera m\u00e1s eficiente con los requisitos reglamentarios y de protecci\u00f3n adecuados, y brindamos oportunidades para reducir los costos continuos de los equipos operativos.<\/p>\n<p>ARC NV gestiona los activos a lo largo de su ciclo de vida, incluida la especificaci\u00f3n, la adquisici\u00f3n, la puesta en marcha, el mantenimiento, la inspecci\u00f3n, la investigaci\u00f3n de incidentes y la eliminaci\u00f3n. Mediante el uso de informes de informaci\u00f3n de mantenimiento de veh\u00edculos como parte del ciclo de mejora del rendimiento, buscamos mejoras en la calidad del mantenimiento e identificamos las piezas de repuesto con un rendimiento deficiente.<\/p>\n\t\t\t\t\t\t\t\t<\/div>\n\t\t\t\t<\/div>\n\t\t\t\t\t<\/div>\n\t\t<\/div>\n\t\t\t\t<div class=\"elementor-column elementor-col-50 elementor-inner-column elementor-element elementor-element-f6c53a4\" data-id=\"f6c53a4\" data-element_type=\"column\" data-e-type=\"column\">\n\t\t\t<div class=\"elementor-widget-wrap elementor-element-populated\">\n\t\t\t\t\t\t<div class=\"elementor-element elementor-element-2f6dfba elementor-invisible elementor-widget elementor-widget-image\" data-id=\"2f6dfba\" data-element_type=\"widget\" data-e-type=\"widget\" data-settings=\"{&quot;_animation&quot;:&quot;fadeInDown&quot;}\" data-widget_type=\"image.default\">\n\t\t\t\t<div class=\"elementor-widget-container\">\n\t\t\t\t\t\t\t\t\t\t\t\t\t\t\t<img loading=\"lazy\" decoding=\"async\" width=\"2560\" height=\"1920\" src=\"https:\/\/arc-refuellers.be\/wp-content\/uploads\/2023\/06\/Shell-Pendel-scaled.jpg\" class=\"attachment-full size-full wp-image-4781\" alt=\"Vehicle Lifecycle Management\" srcset=\"https:\/\/arc-refuellers.be\/wp-content\/uploads\/2023\/06\/Shell-Pendel-scaled.jpg 2560w, https:\/\/arc-refuellers.be\/wp-content\/uploads\/2023\/06\/Shell-Pendel-768x576.jpg 768w, https:\/\/arc-refuellers.be\/wp-content\/uploads\/2023\/06\/Shell-Pendel-1536x1152.jpg 1536w, https:\/\/arc-refuellers.be\/wp-content\/uploads\/2023\/06\/Shell-Pendel-2048x1536.jpg 2048w\" sizes=\"auto, (max-width: 2560px) 100vw, 2560px\" \/>\t\t\t\t\t\t\t\t\t\t\t\t\t\t\t<\/div>\n\t\t\t\t<\/div>\n\t\t\t\t\t<\/div>\n\t\t<\/div>\n\t\t\t\t\t<\/div>\n\t\t<\/section>\n\t\t\t\t\t<\/div>\n\t\t<\/div>\n\t\t\t\t\t<\/div>\n\t\t<\/section>\n\t\t\t\t<section class=\"wd-negative-gap elementor-section elementor-top-section elementor-element elementor-element-5dd07cb elementor-section-boxed elementor-section-height-default elementor-section-height-default\" data-id=\"5dd07cb\" data-element_type=\"section\" data-e-type=\"section\">\n\t\t\t\t\t\t<div class=\"elementor-container elementor-column-gap-default\">\n\t\t\t\t\t<div class=\"elementor-column elementor-col-100 elementor-top-column elementor-element elementor-element-2d6929e\" data-id=\"2d6929e\" data-element_type=\"column\" data-e-type=\"column\">\n\t\t\t<div class=\"elementor-widget-wrap elementor-element-populated\">\n\t\t\t\t\t\t<section class=\"wd-negative-gap elementor-section elementor-inner-section elementor-element elementor-element-6fb318d elementor-section-boxed elementor-section-height-default elementor-section-height-default\" data-id=\"6fb318d\" data-element_type=\"section\" data-e-type=\"section\" data-settings=\"{&quot;background_background&quot;:&quot;classic&quot;}\">\n\t\t\t\t\t\t<div class=\"elementor-container elementor-column-gap-default\">\n\t\t\t\t\t<div class=\"elementor-column elementor-col-50 elementor-inner-column elementor-element elementor-element-cfe2506\" data-id=\"cfe2506\" data-element_type=\"column\" data-e-type=\"column\">\n\t\t\t<div class=\"elementor-widget-wrap elementor-element-populated\">\n\t\t\t\t\t\t<div class=\"elementor-element elementor-element-40a338c elementor-widget elementor-widget-html\" data-id=\"40a338c\" data-element_type=\"widget\" data-e-type=\"widget\" data-widget_type=\"html.default\">\n\t\t\t\t<div class=\"elementor-widget-container\">\n\t\t\t\t\t<style>\r\n    @media (max-width: 576px) {\r\n.page-title .title {\r\n    font-size: 13px !important;\r\n} }\r\n<\/style>\t\t\t\t<\/div>\n\t\t\t\t<\/div>\n\t\t\t\t\t<\/div>\n\t\t<\/div>\n\t\t\t\t<div class=\"elementor-column elementor-col-50 elementor-inner-column elementor-element elementor-element-72481bf\" data-id=\"72481bf\" data-element_type=\"column\" data-e-type=\"column\" data-settings=\"{&quot;background_background&quot;:&quot;classic&quot;}\">\n\t\t\t<div class=\"elementor-widget-wrap elementor-element-populated\">\n\t\t\t\t\t\t<div class=\"elementor-element elementor-element-5944d6d elementor-invisible elementor-widget elementor-widget-heading\" data-id=\"5944d6d\" data-element_type=\"widget\" data-e-type=\"widget\" data-settings=\"{&quot;_animation&quot;:&quot;fadeInUp&quot;}\" data-widget_type=\"heading.default\">\n\t\t\t\t<div class=\"elementor-widget-container\">\n\t\t\t\t\t<h4 class=\"elementor-heading-title elementor-size-default\">Gesti\u00f3n del Ciclo de Vida del Veh\u00edculo<\/h4>\t\t\t\t<\/div>\n\t\t\t\t<\/div>\n\t\t\t\t<div class=\"elementor-element elementor-element-8088f55 elementor-invisible elementor-widget elementor-widget-heading\" data-id=\"8088f55\" data-element_type=\"widget\" data-e-type=\"widget\" data-settings=\"{&quot;_animation&quot;:&quot;fadeInUp&quot;}\" data-widget_type=\"heading.default\">\n\t\t\t\t<div class=\"elementor-widget-container\">\n\t\t\t\t\t<h2 class=\"elementor-heading-title elementor-size-default\"><span style=\"font-family: Poppins, sans-serif;font-size: 24px;font-style: normal;font-weight: 700\">Clientes protegidos contra costos inesperados, como piezas de desgaste<\/span><\/h2>\t\t\t\t<\/div>\n\t\t\t\t<\/div>\n\t\t\t\t\t<\/div>\n\t\t<\/div>\n\t\t\t\t\t<\/div>\n\t\t<\/section>\n\t\t\t\t\t<\/div>\n\t\t<\/div>\n\t\t\t\t\t<\/div>\n\t\t<\/section>\n\t\t\t\t<section class=\"wd-negative-gap elementor-section elementor-top-section elementor-element elementor-element-e9a8719 wd-section-stretch elementor-section-boxed elementor-section-height-default elementor-section-height-default\" data-id=\"e9a8719\" data-element_type=\"section\" data-e-type=\"section\" data-settings=\"{&quot;background_background&quot;:&quot;classic&quot;}\">\n\t\t\t\t\t\t<div class=\"elementor-container elementor-column-gap-default\">\n\t\t\t\t\t<div class=\"elementor-column elementor-col-100 elementor-top-column elementor-element elementor-element-aa08b79\" data-id=\"aa08b79\" data-element_type=\"column\" data-e-type=\"column\">\n\t\t\t<div class=\"elementor-widget-wrap elementor-element-populated\">\n\t\t\t\t\t\t<section class=\"wd-negative-gap elementor-section elementor-inner-section elementor-element elementor-element-fd599eb elementor-section-boxed elementor-section-height-default elementor-section-height-default\" data-id=\"fd599eb\" data-element_type=\"section\" data-e-type=\"section\" data-settings=\"{&quot;background_background&quot;:&quot;classic&quot;}\">\n\t\t\t\t\t\t<div class=\"elementor-container elementor-column-gap-default\">\n\t\t\t\t\t<div class=\"elementor-column elementor-col-50 elementor-inner-column elementor-element elementor-element-7cb6a08\" data-id=\"7cb6a08\" data-element_type=\"column\" data-e-type=\"column\">\n\t\t\t<div class=\"elementor-widget-wrap elementor-element-populated\">\n\t\t\t\t\t\t<div class=\"elementor-element elementor-element-b8842f1 elementor-widget__width-initial elementor-invisible elementor-widget elementor-widget-heading\" data-id=\"b8842f1\" data-element_type=\"widget\" data-e-type=\"widget\" data-settings=\"{&quot;_animation&quot;:&quot;fadeInUp&quot;}\" data-widget_type=\"heading.default\">\n\t\t\t\t<div class=\"elementor-widget-container\">\n\t\t\t\t\t<h1 class=\"elementor-heading-title elementor-size-small\">Expectativas del \u00e1rea de enfoque de ARC NV<\/h1>\t\t\t\t<\/div>\n\t\t\t\t<\/div>\n\t\t\t\t<div class=\"elementor-element elementor-element-ad1b9fe color-scheme-inherit text-left elementor-invisible elementor-widget elementor-widget-text-editor\" data-id=\"ad1b9fe\" data-element_type=\"widget\" data-e-type=\"widget\" data-settings=\"{&quot;_animation&quot;:&quot;fadeInUp&quot;}\" data-widget_type=\"text-editor.default\">\n\t\t\t\t<div class=\"elementor-widget-container\">\n\t\t\t\t\t\t\t\t\t<ul>\r\n \t<li>C\u00f3digos y est\u00e1ndares<\/li>\r\n \t<li>Gesti\u00f3n de materiales y equipos de mantenimiento<\/li>\r\n \t<li>Informaci\u00f3n de seguridad de procesos<\/li>\r\n \t<li>An\u00e1lisis de inversi\u00f3n del ciclo de vida<\/li>\r\n \t<li>Procedimientos<\/li>\r\n \t<li>Disponibilidad operacional<\/li>\r\n \t<li>Gesti\u00f3n del Cambio<\/li>\r\n \t<li>Control de calidad<\/li>\r\n \t<li>Confiabilidad e integridad del equipo<\/li>\r\n \t<li>Eficiencia de recursos y optimizaci\u00f3n de activos<\/li>\r\n \t<li>Participaci\u00f3n de las partes interesadas y gesti\u00f3n de problemas<\/li>\r\n<\/ul>\t\t\t\t\t\t\t\t<\/div>\n\t\t\t\t<\/div>\n\t\t\t\t\t<\/div>\n\t\t<\/div>\n\t\t\t\t<div class=\"elementor-column elementor-col-50 elementor-inner-column elementor-element elementor-element-d2c1bc5\" data-id=\"d2c1bc5\" data-element_type=\"column\" data-e-type=\"column\">\n\t\t\t<div class=\"elementor-widget-wrap elementor-element-populated\">\n\t\t\t\t\t\t<div class=\"elementor-element elementor-element-5f0dd51 elementor-invisible elementor-widget elementor-widget-image\" data-id=\"5f0dd51\" data-element_type=\"widget\" data-e-type=\"widget\" data-settings=\"{&quot;_animation&quot;:&quot;fadeInDown&quot;}\" data-widget_type=\"image.default\">\n\t\t\t\t<div class=\"elementor-widget-container\">\n\t\t\t\t\t\t\t\t\t\t\t\t\t\t\t<img loading=\"lazy\" decoding=\"async\" width=\"2560\" height=\"1920\" src=\"https:\/\/arc-refuellers.be\/wp-content\/uploads\/2023\/06\/IMG_0612-1-scaled.jpg\" class=\"attachment-full size-full wp-image-5068\" alt=\"\" srcset=\"https:\/\/arc-refuellers.be\/wp-content\/uploads\/2023\/06\/IMG_0612-1-scaled.jpg 2560w, https:\/\/arc-refuellers.be\/wp-content\/uploads\/2023\/06\/IMG_0612-1-768x576.jpg 768w, https:\/\/arc-refuellers.be\/wp-content\/uploads\/2023\/06\/IMG_0612-1-1536x1152.jpg 1536w, https:\/\/arc-refuellers.be\/wp-content\/uploads\/2023\/06\/IMG_0612-1-2048x1536.jpg 2048w\" sizes=\"auto, (max-width: 2560px) 100vw, 2560px\" \/>\t\t\t\t\t\t\t\t\t\t\t\t\t\t\t<\/div>\n\t\t\t\t<\/div>\n\t\t\t\t\t<\/div>\n\t\t<\/div>\n\t\t\t\t\t<\/div>\n\t\t<\/section>\n\t\t\t\t\t<\/div>\n\t\t<\/div>\n\t\t\t\t\t<\/div>\n\t\t<\/section>\n\t\t\t\t<section class=\"wd-negative-gap elementor-section elementor-top-section elementor-element elementor-element-3e5419f wd-section-stretch elementor-section-boxed elementor-section-height-default elementor-section-height-default\" data-id=\"3e5419f\" data-element_type=\"section\" data-e-type=\"section\" data-settings=\"{&quot;background_background&quot;:&quot;classic&quot;}\">\n\t\t\t\t\t\t<div class=\"elementor-container elementor-column-gap-default\">\n\t\t\t\t\t<div class=\"elementor-column elementor-col-100 elementor-top-column elementor-element elementor-element-cfb0902\" data-id=\"cfb0902\" data-element_type=\"column\" data-e-type=\"column\">\n\t\t\t<div class=\"elementor-widget-wrap elementor-element-populated\">\n\t\t\t\t\t\t<section class=\"wd-negative-gap elementor-section elementor-inner-section elementor-element elementor-element-e679482 elementor-section-content-middle elementor-section-boxed elementor-section-height-default elementor-section-height-default\" data-id=\"e679482\" data-element_type=\"section\" data-e-type=\"section\">\n\t\t\t\t\t\t<div class=\"elementor-container elementor-column-gap-default\">\n\t\t\t\t\t<div class=\"elementor-column elementor-col-50 elementor-inner-column elementor-element elementor-element-aace6b0\" data-id=\"aace6b0\" data-element_type=\"column\" data-e-type=\"column\">\n\t\t\t<div class=\"elementor-widget-wrap elementor-element-populated\">\n\t\t\t\t\t\t<div class=\"elementor-element elementor-element-8432287 color-scheme-inherit text-left elementor-invisible elementor-widget elementor-widget-text-editor\" data-id=\"8432287\" data-element_type=\"widget\" data-e-type=\"widget\" data-settings=\"{&quot;_animation&quot;:&quot;fadeInUp&quot;}\" data-widget_type=\"text-editor.default\">\n\t\t\t\t<div class=\"elementor-widget-container\">\n\t\t\t\t\t\t\t\t\t<p><strong>Integridad de activos<\/strong><\/p>\n<p>Administre los cambios propuestos en el dise\u00f1o, el equipo, las operaciones, los productos y las organizaciones antes de la implementaci\u00f3n para disminuir el costo de propiedad, reducir los costos de mantenimiento, ciclo de vida y operaci\u00f3n y, a menudo, proporcionar un mejor retorno de la inversi\u00f3n que las actualizaciones de equipos.<\/p>\n<p><strong>Confiabilidad del equipo<\/strong><\/p>\n<p>Identifique y resuelva las brechas en el desempe\u00f1o de la confiabilidad del equipo y las fallas repetitivas o recurrentes para mejorar la confiabilidad y optimizar los costos del ciclo de vida. Primero usamos el an\u00e1lisis de fallas para determinar las causas de las fallas. Luego, tome medidas para resolver las causas ra\u00edz a nivel de equipo y comparta adecuadamente las lecciones aprendidas.<\/p>\n<p><strong>Medio Ambiente<\/strong><\/p>\n<p>Protegemos el medio ambiente a trav\u00e9s del dise\u00f1o, el desarrollo, las operaciones y el retiro de activos.<\/p>\n<p><strong>Documentaci\u00f3n<\/strong><\/p>\n<p>Eval\u00fae los riesgos de OE asociados con los cambios, notifique y capacite a la fuerza laboral afectada sobre el cambio y actualice los est\u00e1ndares de documentaci\u00f3n de la forma m\u00e1s simple y clara posible.<\/p>\n<p>Cuando sienta que nuestra experiencia en operaciones de combustible de aviaci\u00f3n lo ayudar\u00e1 a promover sus objetivos comerciales, nuestro equipo siempre est\u00e1 disponible para responder cualquier pregunta que pueda tener.<\/p>\n\t\t\t\t\t\t\t\t<\/div>\n\t\t\t\t<\/div>\n\t\t\t\t\t<\/div>\n\t\t<\/div>\n\t\t\t\t<div class=\"elementor-column elementor-col-50 elementor-inner-column elementor-element elementor-element-05c4a40\" data-id=\"05c4a40\" data-element_type=\"column\" data-e-type=\"column\">\n\t\t\t<div class=\"elementor-widget-wrap elementor-element-populated\">\n\t\t\t\t\t\t<div class=\"elementor-element elementor-element-e8f75ed elementor-invisible elementor-widget elementor-widget-image\" data-id=\"e8f75ed\" data-element_type=\"widget\" data-e-type=\"widget\" data-settings=\"{&quot;_animation&quot;:&quot;fadeInDown&quot;}\" data-widget_type=\"image.default\">\n\t\t\t\t<div class=\"elementor-widget-container\">\n\t\t\t\t\t\t\t\t\t\t\t\t\t\t\t<img loading=\"lazy\" decoding=\"async\" width=\"2560\" height=\"1365\" src=\"https:\/\/arc-refuellers.be\/wp-content\/uploads\/2023\/06\/VEHICLE-LIFE-CYCLE-MANAGEMENT-last-image-scaled.jpg\" class=\"attachment-full size-full wp-image-5019\" alt=\"\" srcset=\"https:\/\/arc-refuellers.be\/wp-content\/uploads\/2023\/06\/VEHICLE-LIFE-CYCLE-MANAGEMENT-last-image-scaled.jpg 2560w, https:\/\/arc-refuellers.be\/wp-content\/uploads\/2023\/06\/VEHICLE-LIFE-CYCLE-MANAGEMENT-last-image-768x410.jpg 768w, https:\/\/arc-refuellers.be\/wp-content\/uploads\/2023\/06\/VEHICLE-LIFE-CYCLE-MANAGEMENT-last-image-1536x819.jpg 1536w, https:\/\/arc-refuellers.be\/wp-content\/uploads\/2023\/06\/VEHICLE-LIFE-CYCLE-MANAGEMENT-last-image-2048x1092.jpg 2048w\" sizes=\"auto, (max-width: 2560px) 100vw, 2560px\" \/>\t\t\t\t\t\t\t\t\t\t\t\t\t\t\t<\/div>\n\t\t\t\t<\/div>\n\t\t\t\t\t<\/div>\n\t\t<\/div>\n\t\t\t\t\t<\/div>\n\t\t<\/section>\n\t\t\t\t\t<\/div>\n\t\t<\/div>\n\t\t\t\t\t<\/div>\n\t\t<\/section>\n\t\t\t\t<\/div>\n\t\t","protected":false},"excerpt":{"rendered":"<p>SERVICIOS Aproveche e integre completamente los programas de equipos existentes Dise\u00f1amos nuestros programas para aprovechar e integrar completamente los programas,<\/p>\n","protected":false},"author":1,"featured_media":0,"parent":5231,"menu_order":0,"comment_status":"closed","ping_status":"closed","template":"","meta":{"footnotes":""},"class_list":["post-5245","page","type-page","status-publish","hentry"],"_links":{"self":[{"href":"https:\/\/arc-refuellers.be\/es\/wp-json\/wp\/v2\/pages\/5245","targetHints":{"allow":["GET"]}}],"collection":[{"href":"https:\/\/arc-refuellers.be\/es\/wp-json\/wp\/v2\/pages"}],"about":[{"href":"https:\/\/arc-refuellers.be\/es\/wp-json\/wp\/v2\/types\/page"}],"author":[{"embeddable":true,"href":"https:\/\/arc-refuellers.be\/es\/wp-json\/wp\/v2\/users\/1"}],"replies":[{"embeddable":true,"href":"https:\/\/arc-refuellers.be\/es\/wp-json\/wp\/v2\/comments?post=5245"}],"version-history":[{"count":0,"href":"https:\/\/arc-refuellers.be\/es\/wp-json\/wp\/v2\/pages\/5245\/revisions"}],"up":[{"embeddable":true,"href":"https:\/\/arc-refuellers.be\/es\/wp-json\/wp\/v2\/pages\/5231"}],"wp:attachment":[{"href":"https:\/\/arc-refuellers.be\/es\/wp-json\/wp\/v2\/media?parent=5245"}],"curies":[{"name":"wp","href":"https:\/\/api.w.org\/{rel}","templated":true}]}}