{"id":5243,"date":"2023-06-06T15:49:55","date_gmt":"2023-06-06T15:49:55","guid":{"rendered":"https:\/\/arc-refuellers.be\/services\/maintenance-repairs\/"},"modified":"2024-04-04T09:38:07","modified_gmt":"2024-04-04T09:38:07","slug":"maintenance-repairs","status":"publish","type":"page","link":"https:\/\/arc-refuellers.be\/es\/services\/maintenance-repairs\/","title":{"rendered":"Mantenimiento y reparaciones"},"content":{"rendered":"\t\t<div data-elementor-type=\"wp-page\" data-elementor-id=\"5243\" class=\"elementor elementor-5243 elementor-600\">\n\t\t\t\t\t\t<section class=\"wd-negative-gap elementor-section elementor-top-section elementor-element elementor-element-9f8dc46 elementor-section-boxed elementor-section-height-default elementor-section-height-default\" data-id=\"9f8dc46\" data-element_type=\"section\" data-e-type=\"section\">\n\t\t\t\t\t\t<div class=\"elementor-container elementor-column-gap-default\">\n\t\t\t\t\t<div class=\"elementor-column elementor-col-100 elementor-top-column elementor-element elementor-element-82c0d5a\" data-id=\"82c0d5a\" data-element_type=\"column\" data-e-type=\"column\">\n\t\t\t<div class=\"elementor-widget-wrap elementor-element-populated\">\n\t\t\t\t\t\t<div class=\"elementor-element elementor-element-af36832 elementor-widget elementor-widget-html\" data-id=\"af36832\" data-element_type=\"widget\" data-e-type=\"widget\" data-widget_type=\"html.default\">\n\t\t\t\t<div class=\"elementor-widget-container\">\n\t\t\t\t\t<style>\n    @media (max-width: 576px) {\n.page-title .title {\n    font-size: 18px !important;\n    text-transform: uppercase !important;\n} }\n<\/style>\t\t\t\t<\/div>\n\t\t\t\t<\/div>\n\t\t\t\t<section class=\"wd-negative-gap elementor-section elementor-inner-section elementor-element elementor-element-a6e89d7 elementor-section-content-middle elementor-section-boxed elementor-section-height-default elementor-section-height-default\" data-id=\"a6e89d7\" data-element_type=\"section\" data-e-type=\"section\">\n\t\t\t\t\t\t<div class=\"elementor-container elementor-column-gap-default\">\n\t\t\t\t\t<div class=\"elementor-column elementor-col-50 elementor-inner-column elementor-element elementor-element-743c2a0\" data-id=\"743c2a0\" data-element_type=\"column\" data-e-type=\"column\">\n\t\t\t<div class=\"elementor-widget-wrap elementor-element-populated\">\n\t\t\t\t\t\t<div class=\"elementor-element elementor-element-9f09e46 elementor-invisible elementor-widget elementor-widget-heading\" data-id=\"9f09e46\" data-element_type=\"widget\" data-e-type=\"widget\" data-settings=\"{&quot;_animation&quot;:&quot;fadeInUp&quot;}\" data-widget_type=\"heading.default\">\n\t\t\t\t<div class=\"elementor-widget-container\">\n\t\t\t\t\t<h4 class=\"elementor-heading-title elementor-size-default\">SERVICIOS<\/h4>\t\t\t\t<\/div>\n\t\t\t\t<\/div>\n\t\t\t\t<div class=\"elementor-element elementor-element-ce11bd1 elementor-widget-mobile__width-initial elementor-invisible elementor-widget elementor-widget-heading\" data-id=\"ce11bd1\" data-element_type=\"widget\" data-e-type=\"widget\" data-settings=\"{&quot;_animation&quot;:&quot;fadeInUp&quot;}\" data-widget_type=\"heading.default\">\n\t\t\t\t<div class=\"elementor-widget-container\">\n\t\t\t\t\t<h2 class=\"elementor-heading-title elementor-size-default\">Todo lo relacionado con los veh\u00edculos de reabastecimiento de combustible de aviaci\u00f3n<\/h2>\t\t\t\t<\/div>\n\t\t\t\t<\/div>\n\t\t\t\t<div class=\"elementor-element elementor-element-555d160 elementor-widget-mobile__width-initial color-scheme-inherit text-left elementor-invisible elementor-widget elementor-widget-text-editor\" data-id=\"555d160\" data-element_type=\"widget\" data-e-type=\"widget\" data-settings=\"{&quot;_animation&quot;:&quot;fadeInUp&quot;}\" data-widget_type=\"text-editor.default\">\n\t\t\t\t<div class=\"elementor-widget-container\">\n\t\t\t\t\t\t\t\t\t<p>Como socio profesional para todo lo relacionado con los veh\u00edculos de reabastecimiento de combustible de aviaci\u00f3n, <span style=\"color: #01215c;\"><strong>ARC NV<\/strong> <\/span>puede indicar la soluci\u00f3n m\u00e1s econ\u00f3mica para cualquier problema, sin importar cu\u00e1n grande sea el desaf\u00edo.<\/p><p>\u00bfQu\u00e9 podemos hacer por ti?<\/p><ul><li>Equipo de repostaje,<\/li><li>Instrucciones de instalaci\u00f3n<\/li><li>Implementaci\u00f3n y Pruebas<\/li><li>Soporte de tr\u00e1mites<\/li><li>Servicios completos de adquisici\u00f3n<\/li><\/ul><p>Los veh\u00edculos comerciales est\u00e1n sujetos a inspecciones anuales seg\u00fan sea necesario, nuestros ingenieros de Dedicaci\u00f3n de grado comercial (CGD) pueden calificar los componentes de reemplazo recomendados y nuestro nuevo Centro de soluciones t\u00e9cnicas nos permite realizar las pruebas de calificaci\u00f3n requeridas internamente, ahorrando tiempo y dinero al mismo tiempo que garantizamos la calidad.<\/p><p>Estaremos encantados de discutir cualquier requisito o informaci\u00f3n que pueda tener. Por favor, p\u00f3ngase en contacto con nuestro departamento de ventas a trav\u00e9s de <em><span style=\"text-decoration: underline;\"><a href=\"mailto:info@arc-refuellers.be\">info@arc-refuellers.be<\/a><\/span><\/em><\/p>\t\t\t\t\t\t\t\t<\/div>\n\t\t\t\t<\/div>\n\t\t\t\t\t<\/div>\n\t\t<\/div>\n\t\t\t\t<div class=\"elementor-column elementor-col-50 elementor-inner-column elementor-element elementor-element-0b5a825\" data-id=\"0b5a825\" data-element_type=\"column\" data-e-type=\"column\">\n\t\t\t<div class=\"elementor-widget-wrap elementor-element-populated\">\n\t\t\t\t\t\t<div class=\"elementor-element elementor-element-defac9a elementor-widget elementor-widget-spacer\" data-id=\"defac9a\" data-element_type=\"widget\" data-e-type=\"widget\" data-widget_type=\"spacer.default\">\n\t\t\t\t<div class=\"elementor-widget-container\">\n\t\t\t\t\t\t\t<div class=\"elementor-spacer\">\n\t\t\t<div class=\"elementor-spacer-inner\"><\/div>\n\t\t<\/div>\n\t\t\t\t\t\t<\/div>\n\t\t\t\t<\/div>\n\t\t\t\t<div class=\"elementor-element elementor-element-7977ffa elementor-invisible elementor-widget elementor-widget-image\" data-id=\"7977ffa\" data-element_type=\"widget\" data-e-type=\"widget\" data-settings=\"{&quot;_animation&quot;:&quot;fadeInLeft&quot;}\" data-widget_type=\"image.default\">\n\t\t\t\t<div class=\"elementor-widget-container\">\n\t\t\t\t\t\t\t\t\t\t\t\t\t\t\t<img loading=\"lazy\" decoding=\"async\" width=\"1706\" height=\"960\" src=\"https:\/\/arc-refuellers.be\/wp-content\/uploads\/2023\/06\/1684951862595.jpeg\" class=\"attachment-full size-full wp-image-5049\" alt=\"Refueling Vehicles Maintenance &amp; Repairs\" srcset=\"https:\/\/arc-refuellers.be\/wp-content\/uploads\/2023\/06\/1684951862595.jpeg 1706w, https:\/\/arc-refuellers.be\/wp-content\/uploads\/2023\/06\/1684951862595-768x432.jpeg 768w, https:\/\/arc-refuellers.be\/wp-content\/uploads\/2023\/06\/1684951862595-1536x864.jpeg 1536w\" sizes=\"auto, (max-width: 1706px) 100vw, 1706px\" \/>\t\t\t\t\t\t\t\t\t\t\t\t\t\t\t<\/div>\n\t\t\t\t<\/div>\n\t\t\t\t\t<\/div>\n\t\t<\/div>\n\t\t\t\t\t<\/div>\n\t\t<\/section>\n\t\t\t\t\t<\/div>\n\t\t<\/div>\n\t\t\t\t\t<\/div>\n\t\t<\/section>\n\t\t\t\t<\/div>\n\t\t","protected":false},"excerpt":{"rendered":"<p>SERVICIOS Todo lo relacionado con los veh\u00edculos de reabastecimiento de combustible de aviaci\u00f3n Como socio profesional para todo lo relacionado<\/p>\n","protected":false},"author":1,"featured_media":0,"parent":5231,"menu_order":0,"comment_status":"closed","ping_status":"closed","template":"","meta":{"footnotes":""},"class_list":["post-5243","page","type-page","status-publish","hentry"],"_links":{"self":[{"href":"https:\/\/arc-refuellers.be\/es\/wp-json\/wp\/v2\/pages\/5243","targetHints":{"allow":["GET"]}}],"collection":[{"href":"https:\/\/arc-refuellers.be\/es\/wp-json\/wp\/v2\/pages"}],"about":[{"href":"https:\/\/arc-refuellers.be\/es\/wp-json\/wp\/v2\/types\/page"}],"author":[{"embeddable":true,"href":"https:\/\/arc-refuellers.be\/es\/wp-json\/wp\/v2\/users\/1"}],"replies":[{"embeddable":true,"href":"https:\/\/arc-refuellers.be\/es\/wp-json\/wp\/v2\/comments?post=5243"}],"version-history":[{"count":0,"href":"https:\/\/arc-refuellers.be\/es\/wp-json\/wp\/v2\/pages\/5243\/revisions"}],"up":[{"embeddable":true,"href":"https:\/\/arc-refuellers.be\/es\/wp-json\/wp\/v2\/pages\/5231"}],"wp:attachment":[{"href":"https:\/\/arc-refuellers.be\/es\/wp-json\/wp\/v2\/media?parent=5243"}],"curies":[{"name":"wp","href":"https:\/\/api.w.org\/{rel}","templated":true}]}}