{"id":5231,"date":"2023-06-05T12:40:21","date_gmt":"2023-06-05T12:40:21","guid":{"rendered":"https:\/\/arc-refuellers.be\/services\/"},"modified":"2024-04-04T09:37:49","modified_gmt":"2024-04-04T09:37:49","slug":"services","status":"publish","type":"page","link":"https:\/\/arc-refuellers.be\/es\/services\/","title":{"rendered":"Servicios"},"content":{"rendered":"\t\t<div data-elementor-type=\"wp-page\" data-elementor-id=\"5231\" class=\"elementor elementor-5231 elementor-327\">\n\t\t\t\t\t\t<section class=\"wd-negative-gap elementor-section elementor-top-section elementor-element elementor-element-93eb33b elementor-section-boxed elementor-section-height-default elementor-section-height-default\" data-id=\"93eb33b\" data-element_type=\"section\" data-e-type=\"section\">\n\t\t\t\t\t\t<div class=\"elementor-container elementor-column-gap-default\">\n\t\t\t\t\t<div class=\"elementor-column elementor-col-100 elementor-top-column elementor-element elementor-element-f9311c1\" data-id=\"f9311c1\" data-element_type=\"column\" data-e-type=\"column\">\n\t\t\t<div class=\"elementor-widget-wrap elementor-element-populated\">\n\t\t\t\t\t\t<div class=\"elementor-element elementor-element-6efd8c0 elementor-position-left elementor-vertical-align-top elementor-widget elementor-widget-image-box\" data-id=\"6efd8c0\" data-element_type=\"widget\" data-e-type=\"widget\" data-widget_type=\"image-box.default\">\n\t\t\t\t<div class=\"elementor-widget-container\">\n\t\t\t\t\t<div class=\"elementor-image-box-wrapper\"><figure class=\"elementor-image-box-img\"><a href=\"https:\/\/arc-refuellers.be\/es\/services\/inspections\/\" tabindex=\"-1\"><img loading=\"lazy\" decoding=\"async\" width=\"767\" height=\"636\" src=\"https:\/\/arc-refuellers.be\/wp-content\/uploads\/2023\/06\/1111.jpeg\" class=\"attachment-full size-full wp-image-3164\" alt=\"Aircraft Refueling Vehicles Services\" \/><\/a><\/figure><div class=\"elementor-image-box-content\"><h3 class=\"elementor-image-box-title\"><a href=\"https:\/\/arc-refuellers.be\/es\/services\/inspections\/\">Inspecciones<\/a><\/h3><p class=\"elementor-image-box-description\">Las inspecciones peri\u00f3dicas y el mantenimiento relacionado evitar\u00e1n que los problemas menores se conviertan en problemas mayores y garantizar\u00e1n el rendimiento \u00f3ptimo de su equipo. ARC NV garantiza que los requisitos\/especificaciones reglamentarias est\u00e9n vigentes para las frecuencias y t\u00e9cnicas\n<br><\/br>\n<button><a href=\"https:\/\/arc-refuellers.be\/es\/services\/inspections\/\">LEER M\u00c1S<\/a><\/button><\/p><\/div><\/div>\t\t\t\t<\/div>\n\t\t\t\t<\/div>\n\t\t\t\t<div class=\"elementor-element elementor-element-24d4236 elementor-widget elementor-widget-spacer\" data-id=\"24d4236\" data-element_type=\"widget\" data-e-type=\"widget\" data-widget_type=\"spacer.default\">\n\t\t\t\t<div class=\"elementor-widget-container\">\n\t\t\t\t\t\t\t<div class=\"elementor-spacer\">\n\t\t\t<div class=\"elementor-spacer-inner\"><\/div>\n\t\t<\/div>\n\t\t\t\t\t\t<\/div>\n\t\t\t\t<\/div>\n\t\t\t\t<div class=\"elementor-element elementor-element-0e8f7c8 elementor-position-left elementor-vertical-align-top elementor-widget elementor-widget-image-box\" data-id=\"0e8f7c8\" data-element_type=\"widget\" data-e-type=\"widget\" data-widget_type=\"image-box.default\">\n\t\t\t\t<div class=\"elementor-widget-container\">\n\t\t\t\t\t<div class=\"elementor-image-box-wrapper\"><figure class=\"elementor-image-box-img\"><a href=\"https:\/\/arc-refuellers.be\/es\/services\/maintenance-repairs\/\" tabindex=\"-1\"><img loading=\"lazy\" decoding=\"async\" width=\"1208\" height=\"900\" src=\"https:\/\/arc-refuellers.be\/wp-content\/uploads\/2023\/06\/19-e1686412040313.jpeg\" class=\"attachment-full size-full wp-image-3165\" alt=\"\" srcset=\"https:\/\/arc-refuellers.be\/wp-content\/uploads\/2023\/06\/19-e1686412040313.jpeg 1208w, https:\/\/arc-refuellers.be\/wp-content\/uploads\/2023\/06\/19-e1686412040313-768x572.jpeg 768w\" sizes=\"auto, (max-width: 1208px) 100vw, 1208px\" \/><\/a><\/figure><div class=\"elementor-image-box-content\"><h3 class=\"elementor-image-box-title\"><a href=\"https:\/\/arc-refuellers.be\/es\/services\/maintenance-repairs\/\">Mantenimiento y reparaciones<\/a><\/h3><p class=\"elementor-image-box-description\">Todo lo relacionado con los veh\u00edculos de reabastecimiento de combustible de aviaci\u00f3n Como socio profesional para todo lo relacionado con los veh\u00edculos de reabastecimiento de combustible de aviaci\u00f3n, ARC NV puede indicar la soluci\u00f3n m\u00e1s econ\u00f3mica para cualquier problema, sin importar cu\u00e1n grande sea el desaf\u00edo. Los veh\u00edculos comerciales est\u00e1n sujetos a inspecciones anuales seg\u00fan sea necesario, nuestros ingenieros de Dedicaci\u00f3n de grado comercial (CGD) pueden calificar los componentes.\n<br><\/br>\n<button><a href=\"https:\/\/arc-refuellers.be\/es\/services\/maintenance-repairs\/\">LEER M\u00c1S<\/a><\/button><\/p><\/div><\/div>\t\t\t\t<\/div>\n\t\t\t\t<\/div>\n\t\t\t\t<div class=\"elementor-element elementor-element-94b65b7 elementor-widget elementor-widget-spacer\" data-id=\"94b65b7\" data-element_type=\"widget\" data-e-type=\"widget\" data-widget_type=\"spacer.default\">\n\t\t\t\t<div class=\"elementor-widget-container\">\n\t\t\t\t\t\t\t<div class=\"elementor-spacer\">\n\t\t\t<div class=\"elementor-spacer-inner\"><\/div>\n\t\t<\/div>\n\t\t\t\t\t\t<\/div>\n\t\t\t\t<\/div>\n\t\t\t\t<div class=\"elementor-element elementor-element-49b575a elementor-position-left elementor-vertical-align-top elementor-widget elementor-widget-image-box\" data-id=\"49b575a\" data-element_type=\"widget\" data-e-type=\"widget\" data-widget_type=\"image-box.default\">\n\t\t\t\t<div class=\"elementor-widget-container\">\n\t\t\t\t\t<div class=\"elementor-image-box-wrapper\"><figure class=\"elementor-image-box-img\"><a href=\"https:\/\/arc-refuellers.be\/es\/services\/vehicle-refurbishment\/\" tabindex=\"-1\"><img loading=\"lazy\" decoding=\"async\" width=\"1372\" height=\"900\" src=\"https:\/\/arc-refuellers.be\/wp-content\/uploads\/2023\/06\/PRODUCTS-REFUELLERS2-2-e1686412109322.jpeg\" class=\"attachment-full size-full wp-image-3269\" alt=\"\" srcset=\"https:\/\/arc-refuellers.be\/wp-content\/uploads\/2023\/06\/PRODUCTS-REFUELLERS2-2-e1686412109322.jpeg 1372w, https:\/\/arc-refuellers.be\/wp-content\/uploads\/2023\/06\/PRODUCTS-REFUELLERS2-2-e1686412109322-768x504.jpeg 768w\" sizes=\"auto, (max-width: 1372px) 100vw, 1372px\" \/><\/a><\/figure><div class=\"elementor-image-box-content\"><h3 class=\"elementor-image-box-title\"><a href=\"https:\/\/arc-refuellers.be\/es\/services\/vehicle-refurbishment\/\">Reacondicionamiento de veh\u00edculos<\/a><\/h3><p class=\"elementor-image-box-description\">ARC NV se especializa en la gesti\u00f3n de proyectos de ingenier\u00eda, adquisici\u00f3n y construcci\u00f3n (EPC) de todos los tama\u00f1os. Adem\u00e1s, la empresa se asegura de que las especificaciones para el dise\u00f1o, construcci\u00f3n, puesta en marcha y entrega de veh\u00edculos reacondicionados cumplan.\n<br><\/br>\n<button><a href=\"https:\/\/arc-refuellers.be\/es\/services\/vehicle-refurbishment\/\">LEER M\u00c1S<\/a><\/button><\/p><\/div><\/div>\t\t\t\t<\/div>\n\t\t\t\t<\/div>\n\t\t\t\t<div class=\"elementor-element elementor-element-29283f7 elementor-widget elementor-widget-spacer\" data-id=\"29283f7\" data-element_type=\"widget\" data-e-type=\"widget\" data-widget_type=\"spacer.default\">\n\t\t\t\t<div class=\"elementor-widget-container\">\n\t\t\t\t\t\t\t<div class=\"elementor-spacer\">\n\t\t\t<div class=\"elementor-spacer-inner\"><\/div>\n\t\t<\/div>\n\t\t\t\t\t\t<\/div>\n\t\t\t\t<\/div>\n\t\t\t\t<div class=\"elementor-element elementor-element-eccf976 elementor-position-left elementor-vertical-align-top elementor-widget elementor-widget-image-box\" data-id=\"eccf976\" data-element_type=\"widget\" data-e-type=\"widget\" data-widget_type=\"image-box.default\">\n\t\t\t\t<div class=\"elementor-widget-container\">\n\t\t\t\t\t<div class=\"elementor-image-box-wrapper\"><figure class=\"elementor-image-box-img\"><a href=\"https:\/\/arc-refuellers.be\/es\/services\/vehicle-life-cycle-management\/\" tabindex=\"-1\"><img loading=\"lazy\" decoding=\"async\" width=\"2560\" height=\"1920\" src=\"https:\/\/arc-refuellers.be\/wp-content\/uploads\/2023\/06\/GTS-85.000L-scaled.jpg\" class=\"attachment-full size-full wp-image-3167\" alt=\"Aircraft Refuellers\" srcset=\"https:\/\/arc-refuellers.be\/wp-content\/uploads\/2023\/06\/GTS-85.000L-scaled.jpg 2560w, https:\/\/arc-refuellers.be\/wp-content\/uploads\/2023\/06\/GTS-85.000L-768x576.jpg 768w, https:\/\/arc-refuellers.be\/wp-content\/uploads\/2023\/06\/GTS-85.000L-1536x1152.jpg 1536w, https:\/\/arc-refuellers.be\/wp-content\/uploads\/2023\/06\/GTS-85.000L-2048x1536.jpg 2048w, https:\/\/arc-refuellers.be\/wp-content\/uploads\/2023\/06\/elementor\/thumbs\/GTS-85.000L-scaled-q7munjx72zd1zmvlilu7o5gqg2jjqxq5ntk1et0kay.jpg 300w\" sizes=\"auto, (max-width: 2560px) 100vw, 2560px\" \/><\/a><\/figure><div class=\"elementor-image-box-content\"><h3 class=\"elementor-image-box-title\"><a href=\"https:\/\/arc-refuellers.be\/es\/services\/vehicle-life-cycle-management\/\">Gesti\u00f3n del Ciclo de Vida del Veh\u00edculo<\/a><\/h3><p class=\"elementor-image-box-description\">Dise\u00f1amos nuestros programas para aprovechar e integrar completamente los programas, procesos y procedimientos de equipos existentes. Como resultado, cumplimos de manera m\u00e1s eficiente con los requisitos reglamentarios y de protecci\u00f3n adecuados, y brindamos oportunidades para reducir los costos continuos de los equipos operativos.\n<br><\/br>\n<button><a href=\"https:\/\/arc-refuellers.be\/es\/services\/vehicle-life-cycle-management\/\">LEER M\u00c1S<\/a><\/button><\/p><\/div><\/div>\t\t\t\t<\/div>\n\t\t\t\t<\/div>\n\t\t\t\t\t<\/div>\n\t\t<\/div>\n\t\t\t\t\t<\/div>\n\t\t<\/section>\n\t\t\t\t<\/div>\n\t\t","protected":false},"excerpt":{"rendered":"<p>Inspecciones Las inspecciones peri\u00f3dicas y el mantenimiento relacionado evitar\u00e1n que los problemas menores se conviertan en problemas mayores y garantizar\u00e1n<\/p>\n","protected":false},"author":1,"featured_media":0,"parent":0,"menu_order":0,"comment_status":"closed","ping_status":"closed","template":"","meta":{"footnotes":""},"class_list":["post-5231","page","type-page","status-publish","hentry"],"_links":{"self":[{"href":"https:\/\/arc-refuellers.be\/es\/wp-json\/wp\/v2\/pages\/5231","targetHints":{"allow":["GET"]}}],"collection":[{"href":"https:\/\/arc-refuellers.be\/es\/wp-json\/wp\/v2\/pages"}],"about":[{"href":"https:\/\/arc-refuellers.be\/es\/wp-json\/wp\/v2\/types\/page"}],"author":[{"embeddable":true,"href":"https:\/\/arc-refuellers.be\/es\/wp-json\/wp\/v2\/users\/1"}],"replies":[{"embeddable":true,"href":"https:\/\/arc-refuellers.be\/es\/wp-json\/wp\/v2\/comments?post=5231"}],"version-history":[{"count":0,"href":"https:\/\/arc-refuellers.be\/es\/wp-json\/wp\/v2\/pages\/5231\/revisions"}],"wp:attachment":[{"href":"https:\/\/arc-refuellers.be\/es\/wp-json\/wp\/v2\/media?parent=5231"}],"curies":[{"name":"wp","href":"https:\/\/api.w.org\/{rel}","templated":true}]}}