{"id":5211,"date":"2023-06-06T15:18:55","date_gmt":"2023-06-06T15:18:55","guid":{"rendered":"https:\/\/arc-refuellers.be\/products\/"},"modified":"2024-04-04T09:37:23","modified_gmt":"2024-04-04T09:37:23","slug":"products","status":"publish","type":"page","link":"https:\/\/arc-refuellers.be\/es\/products\/","title":{"rendered":"Productos"},"content":{"rendered":"\t\t<div data-elementor-type=\"wp-page\" data-elementor-id=\"5211\" class=\"elementor elementor-5211 elementor-557\">\n\t\t\t\t\t\t<section class=\"wd-negative-gap elementor-section elementor-top-section elementor-element elementor-element-011bade elementor-section-boxed elementor-section-height-default elementor-section-height-default\" data-id=\"011bade\" data-element_type=\"section\" data-e-type=\"section\">\n\t\t\t\t\t\t<div class=\"elementor-container elementor-column-gap-default\">\n\t\t\t\t\t<div class=\"elementor-column elementor-col-100 elementor-top-column elementor-element elementor-element-e0cca24\" data-id=\"e0cca24\" data-element_type=\"column\" data-e-type=\"column\">\n\t\t\t<div class=\"elementor-widget-wrap elementor-element-populated\">\n\t\t\t\t\t\t<div class=\"elementor-element elementor-element-c9da645 elementor-position-left elementor-vertical-align-top elementor-widget elementor-widget-image-box\" data-id=\"c9da645\" data-element_type=\"widget\" data-e-type=\"widget\" data-widget_type=\"image-box.default\">\n\t\t\t\t<div class=\"elementor-widget-container\">\n\t\t\t\t\t<div class=\"elementor-image-box-wrapper\"><figure class=\"elementor-image-box-img\"><a href=\"https:\/\/arc-refuellers.be\/es\/products\/refuellers\/\" tabindex=\"-1\"><img loading=\"lazy\" decoding=\"async\" width=\"2191\" height=\"1643\" src=\"https:\/\/arc-refuellers.be\/wp-content\/uploads\/2023\/06\/ENOC-REFUELLER-DUBAI-Afbeelding26925-1.jpg\" class=\"attachment-full size-full wp-image-3267\" alt=\"\" srcset=\"https:\/\/arc-refuellers.be\/wp-content\/uploads\/2023\/06\/ENOC-REFUELLER-DUBAI-Afbeelding26925-1.jpg 2191w, https:\/\/arc-refuellers.be\/wp-content\/uploads\/2023\/06\/ENOC-REFUELLER-DUBAI-Afbeelding26925-1-768x576.jpg 768w, https:\/\/arc-refuellers.be\/wp-content\/uploads\/2023\/06\/ENOC-REFUELLER-DUBAI-Afbeelding26925-1-1536x1152.jpg 1536w, https:\/\/arc-refuellers.be\/wp-content\/uploads\/2023\/06\/ENOC-REFUELLER-DUBAI-Afbeelding26925-1-2048x1536.jpg 2048w\" sizes=\"auto, (max-width: 2191px) 100vw, 2191px\" \/><\/a><\/figure><div class=\"elementor-image-box-content\"><h3 class=\"elementor-image-box-title\"><a href=\"https:\/\/arc-refuellers.be\/es\/products\/refuellers\/\">REFUELER<\/a><\/h3><p class=\"elementor-image-box-description\">ARV NV dise\u00f1a y construye veh\u00edculos de reabastecimiento de combustible (incluidos los camiones de combustible r\u00edgidos y articulados\/semirremolques). ARCO NV gestiona la integridad de los sistemas operativos a trav\u00e9s de principios de dise\u00f1o, ingenier\u00eda y pr\u00e1cticas operativas que se centran en las prioridades m\u00e1s altas y las oportunidades de rendimiento. <br><\/br><button><a href=\"https:\/\/arc-refuellers.be\/es\/products\/refuellers\/\">LEER M\u00c1S<\/a><\/button><\/p><\/div><\/div>\t\t\t\t<\/div>\n\t\t\t\t<\/div>\n\t\t\t\t<div class=\"elementor-element elementor-element-dfc4a52 elementor-widget elementor-widget-spacer\" data-id=\"dfc4a52\" data-element_type=\"widget\" data-e-type=\"widget\" data-widget_type=\"spacer.default\">\n\t\t\t\t<div class=\"elementor-widget-container\">\n\t\t\t\t\t\t\t<div class=\"elementor-spacer\">\n\t\t\t<div class=\"elementor-spacer-inner\"><\/div>\n\t\t<\/div>\n\t\t\t\t\t\t<\/div>\n\t\t\t\t<\/div>\n\t\t\t\t<div class=\"elementor-element elementor-element-fc102e1 elementor-position-left elementor-vertical-align-top elementor-widget elementor-widget-image-box\" data-id=\"fc102e1\" data-element_type=\"widget\" data-e-type=\"widget\" data-widget_type=\"image-box.default\">\n\t\t\t\t<div class=\"elementor-widget-container\">\n\t\t\t\t\t<div class=\"elementor-image-box-wrapper\"><figure class=\"elementor-image-box-img\"><a href=\"https:\/\/arc-refuellers.be\/es\/products\/dispensers\/\" tabindex=\"-1\"><img loading=\"lazy\" decoding=\"async\" width=\"2560\" height=\"1920\" src=\"https:\/\/arc-refuellers.be\/wp-content\/uploads\/2023\/06\/DSCN0736-2-scaled.jpg\" class=\"attachment-full size-full wp-image-3275\" alt=\"Aircraft Refueling Hydrant Dispensers\" srcset=\"https:\/\/arc-refuellers.be\/wp-content\/uploads\/2023\/06\/DSCN0736-2-scaled.jpg 2560w, https:\/\/arc-refuellers.be\/wp-content\/uploads\/2023\/06\/DSCN0736-2-768x576.jpg 768w, https:\/\/arc-refuellers.be\/wp-content\/uploads\/2023\/06\/DSCN0736-2-1536x1152.jpg 1536w, https:\/\/arc-refuellers.be\/wp-content\/uploads\/2023\/06\/DSCN0736-2-2048x1536.jpg 2048w\" sizes=\"auto, (max-width: 2560px) 100vw, 2560px\" \/><\/a><\/figure><div class=\"elementor-image-box-content\"><h3 class=\"elementor-image-box-title\"><a href=\"https:\/\/arc-refuellers.be\/es\/products\/dispensers\/\">DISPENSADORES<\/a><\/h3><p class=\"elementor-image-box-description\">Los camiones de carga de aeronaves requieren sistemas de seguridad complementarios en comparaci\u00f3n con otros camiones est\u00e1ndar. En consecuencia, el desarrollo del dise\u00f1o de ARC NV siempre est\u00e1 sujeto a HAZOP actualizado y evaluaci\u00f3n de riesgos que valida las medidas de seguridad para brindar seguridad, confiabilidad y una operaci\u00f3n a prueba de fallas. <br><\/br><button><a href=\"https:\/\/arc-refuellers.be\/es\/products\/dispensers\/\">LEER M\u00c1S<\/a><\/button><\/p><\/div><\/div>\t\t\t\t<\/div>\n\t\t\t\t<\/div>\n\t\t\t\t<div class=\"elementor-element elementor-element-e6b9b4c elementor-position-left elementor-vertical-align-top elementor-widget elementor-widget-image-box\" data-id=\"e6b9b4c\" data-element_type=\"widget\" data-e-type=\"widget\" data-widget_type=\"image-box.default\">\n\t\t\t\t<div class=\"elementor-widget-container\">\n\t\t\t\t\t<div class=\"elementor-image-box-wrapper\"><figure class=\"elementor-image-box-img\"><a href=\"https:\/\/arc-refuellers.be\/es\/military-applications\/\" tabindex=\"-1\"><img loading=\"lazy\" decoding=\"async\" width=\"2560\" height=\"1920\" src=\"https:\/\/arc-refuellers.be\/wp-content\/uploads\/2023\/08\/IMGP0697.jpg\" class=\"attachment-full size-full wp-image-5719\" alt=\"\" srcset=\"https:\/\/arc-refuellers.be\/wp-content\/uploads\/2023\/08\/IMGP0697.jpg 2560w, https:\/\/arc-refuellers.be\/wp-content\/uploads\/2023\/08\/IMGP0697-768x576.jpg 768w, https:\/\/arc-refuellers.be\/wp-content\/uploads\/2023\/08\/IMGP0697-1536x1152.jpg 1536w, https:\/\/arc-refuellers.be\/wp-content\/uploads\/2023\/08\/IMGP0697-2048x1536.jpg 2048w\" sizes=\"auto, (max-width: 2560px) 100vw, 2560px\" \/><\/a><\/figure><div class=\"elementor-image-box-content\"><h3 class=\"elementor-image-box-title\"><a href=\"https:\/\/arc-refuellers.be\/es\/military-applications\/\">Aplicaciones Militares<\/a><\/h3><p class=\"elementor-image-box-description\">ARC NV ha desarrollado una s\u00f3lida relaci\u00f3n con organizaciones militares de defensa nacionales y mundiales, incluidos los ej\u00e9rcitos belga, holand\u00e9s y chipriota. Nuestras aplicaciones militares est\u00e1n dise\u00f1adas a la medida para soportar condiciones adversas y pueden operar en climas extremos brindando una soluci\u00f3n de suministro de clase mundial. <br><\/br><button><a href=\"https:\/\/arc-refuellers.be\/es\/military-applications\/\">LEER M\u00c1S<\/a><\/button><\/p><\/div><\/div>\t\t\t\t<\/div>\n\t\t\t\t<\/div>\n\t\t\t\t<div class=\"elementor-element elementor-element-4ed988d elementor-widget elementor-widget-spacer\" data-id=\"4ed988d\" data-element_type=\"widget\" data-e-type=\"widget\" data-widget_type=\"spacer.default\">\n\t\t\t\t<div class=\"elementor-widget-container\">\n\t\t\t\t\t\t\t<div class=\"elementor-spacer\">\n\t\t\t<div class=\"elementor-spacer-inner\"><\/div>\n\t\t<\/div>\n\t\t\t\t\t\t<\/div>\n\t\t\t\t<\/div>\n\t\t\t\t<div class=\"elementor-element elementor-element-38047a9 elementor-position-left elementor-vertical-align-top elementor-widget elementor-widget-image-box\" data-id=\"38047a9\" data-element_type=\"widget\" data-e-type=\"widget\" data-widget_type=\"image-box.default\">\n\t\t\t\t<div class=\"elementor-widget-container\">\n\t\t\t\t\t<div class=\"elementor-image-box-wrapper\"><figure class=\"elementor-image-box-img\"><a href=\"https:\/\/arc-refuellers.be\/fr\/products\/spare-parts\/\" tabindex=\"-1\"><img loading=\"lazy\" decoding=\"async\" width=\"2560\" height=\"1920\" src=\"https:\/\/arc-refuellers.be\/wp-content\/uploads\/2023\/06\/20171214_130543-scaled.jpg\" class=\"attachment-full size-full wp-image-651\" alt=\"\" srcset=\"https:\/\/arc-refuellers.be\/wp-content\/uploads\/2023\/06\/20171214_130543-scaled.jpg 2560w, https:\/\/arc-refuellers.be\/wp-content\/uploads\/2023\/06\/20171214_130543-768x576.jpg 768w, https:\/\/arc-refuellers.be\/wp-content\/uploads\/2023\/06\/20171214_130543-1536x1152.jpg 1536w, https:\/\/arc-refuellers.be\/wp-content\/uploads\/2023\/06\/20171214_130543-2048x1536.jpg 2048w\" sizes=\"auto, (max-width: 2560px) 100vw, 2560px\" \/><\/a><\/figure><div class=\"elementor-image-box-content\"><h3 class=\"elementor-image-box-title\"><a href=\"https:\/\/arc-refuellers.be\/fr\/products\/spare-parts\/\">REPUESTOS<\/a><\/h3><p class=\"elementor-image-box-description\">El combustible para aviones est\u00e1 sujeto a estrictos requisitos de calidad que requieren equipos e ingenier\u00eda especiales. Adem\u00e1s, los programas de mantenimiento se dise\u00f1ar\u00e1n para cumplir con los requisitos operativos y las recomendaciones de los fabricantes para permitir operaciones confiables continuas en el aeropuerto. <br><\/br><button><a href=\"https:\/\/arc-refuellers.be\/es\/products\/spare-parts\/\">LEER M\u00c1S<\/a><\/button><\/p><\/div><\/div>\t\t\t\t<\/div>\n\t\t\t\t<\/div>\n\t\t\t\t\t<\/div>\n\t\t<\/div>\n\t\t\t\t\t<\/div>\n\t\t<\/section>\n\t\t\t\t<\/div>\n\t\t","protected":false},"excerpt":{"rendered":"<p>REFUELER ARV NV dise\u00f1a y construye veh\u00edculos de reabastecimiento de combustible (incluidos los camiones de combustible r\u00edgidos y articulados\/semirremolques). ARCO<\/p>\n","protected":false},"author":1,"featured_media":0,"parent":0,"menu_order":0,"comment_status":"closed","ping_status":"closed","template":"","meta":{"footnotes":""},"class_list":["post-5211","page","type-page","status-publish","hentry"],"_links":{"self":[{"href":"https:\/\/arc-refuellers.be\/es\/wp-json\/wp\/v2\/pages\/5211","targetHints":{"allow":["GET"]}}],"collection":[{"href":"https:\/\/arc-refuellers.be\/es\/wp-json\/wp\/v2\/pages"}],"about":[{"href":"https:\/\/arc-refuellers.be\/es\/wp-json\/wp\/v2\/types\/page"}],"author":[{"embeddable":true,"href":"https:\/\/arc-refuellers.be\/es\/wp-json\/wp\/v2\/users\/1"}],"replies":[{"embeddable":true,"href":"https:\/\/arc-refuellers.be\/es\/wp-json\/wp\/v2\/comments?post=5211"}],"version-history":[{"count":0,"href":"https:\/\/arc-refuellers.be\/es\/wp-json\/wp\/v2\/pages\/5211\/revisions"}],"wp:attachment":[{"href":"https:\/\/arc-refuellers.be\/es\/wp-json\/wp\/v2\/media?parent=5211"}],"curies":[{"name":"wp","href":"https:\/\/api.w.org\/{rel}","templated":true}]}}